{"id":275,"date":"2020-04-02T16:45:33","date_gmt":"2020-04-02T14:45:33","guid":{"rendered":"https:\/\/sofima-aftermarket.com\/sofimahub\/gpl-cng-filter\/"},"modified":"2020-05-22T22:38:54","modified_gmt":"2020-05-22T20:38:54","slug":"gpl-cng-filter","status":"publish","type":"page","link":"https:\/\/sofima-aftermarket.com\/de\/gpl-cng-filter\/","title":{"rendered":"LPG-filter"},"content":{"rendered":"<div class=\"wpb-content-wrapper\"><p>[vc_section el_class=&#8220;zbtabs&#8220; css=&#8220;.vc_custom_1585840117383{margin-bottom: 100px !important;}&#8220;][vc_row el_class=&#8220;zbnavtab&#8220; css=&#8220;.vc_custom_1585836409793{border-radius: 3px !important;}&#8220;][vc_column css=&#8220;.vc_custom_1585835535203{padding-top: 0px !important;padding-right: 0px !important;padding-bottom: 0px !important;padding-left: 0px !important;}&#8220;][vc_raw_html]JTNDdWwlM0UlMEElMjAlMjAlMjAlMjAlM0NsaSUyMGNsYXNzJTNEJTIydGFiLWNhdGVnb3JpZSUyMiUzRSUzQ2ElMjBocmVmJTNEJTIyJTJGZGUlMkZvaWwtZmlsdGVycyUyRiUyMiUzRSVDMyU5NmxmaWx0ZXIlM0MlMkZhJTNFJTNDJTJGbGklM0UlMEElMjAlMjAlMjAlMjAlM0NsaSUyMGNsYXNzJTNEJTIydGFiLWNhdGVnb3JpZSUyMiUzRSUzQ2ElMjBocmVmJTNEJTIyJTJGZGUlMkZkaWVzZWwtZmlsdGVycyUyRiUyMiUzRURpZXNlbGZpbHRlciUzQyUyRmElM0UlM0MlMkZsaSUzRSUwQSUyMCUyMCUyMCUyMCUzQ2xpJTIwY2xhc3MlM0QlMjJ0YWItY2F0ZWdvcmllJTIyJTNFJTNDYSUyMGhyZWYlM0QlMjIlMkZkZSUyRmFpci1maWx0ZXIlMkYlMjIlM0VMdWZ0ZmlsdGVyJTNDJTJGYSUzRSUzQyUyRmxpJTNFJTBBJTIwJTIwJTIwJTIwJTNDbGklMjBjbGFzcyUzRCUyMnRhYi1jYXRlZ29yaWUlMjIlM0UlM0NhJTIwaHJlZiUzRCUyMiUyRmRlJTJGcGV0cm9sLWZpbHRlciUyRiUyMiUzRUtyYWZ0c3RvZmZmaWx0ZXIlM0MlMkZhJTNFJTNDJTJGbGklM0UlMEElMjAlMjAlMjAlMjAlM0NsaSUyMGNsYXNzJTNEJTIydGFiLWNhdGVnb3JpZSUyMHRhYi1hY3RpdmUlMjIlM0VMUEctZmlsdGVyJTNDJTJGbGklM0UlMEElMjAlMjAlMjAlMjAlM0NsaSUyMGNsYXNzJTNEJTIydGFiLWNhdGVnb3JpZSUyMiUzRSUzQ2ElMjBocmVmJTNEJTIyJTJGZGUlMkZjYWJpbi1haXItZmlsdGVyJTJGJTIyJTNFSW5uZW5yYXVtZmlsdGVyJTNDJTJGYSUzRSUzQyUyRmxpJTNFJTBBJTNDJTJGdWwlM0U=[\/vc_raw_html][\/vc_column][\/vc_row][vc_row gap=&#8220;20&#8243; equal_height=&#8220;yes&#8220; el_class=&#8220;content-tab-categorie tab1&#8243;][vc_column width=&#8220;1\/3&#8243;][vc_single_image image=&#8220;166&#8243;][\/vc_column][vc_column width=&#8220;2\/3&#8243; css=&#8220;.vc_custom_1585834811431{padding-right: 35px !important;padding-bottom: 35px !important;padding-left: 35px !important;background-color: #edeeef !important;}&#8220;]<h2 class=\"boc_heading  al_left  \"  style=\"color: #b80808;\"><span>FILTERUNG F\u00dcR UMELTFREUNDLICHE KRAFTSTOFFE<\/span><\/h2>[vc_column_text]<\/p>\n<p class=\"text-blue\">F\u00fcr den\u00a0<strong>Aftermarket bietet SOFIMA<\/strong>\u00a0ein\u00a0<strong>Filterprogramm f\u00fcr LPG<\/strong>\u00a0und\u00a0<strong>Erdgasanwendungen<\/strong>\u00a0(CNG) an.<\/p>\n<p class=\"text-blue\">Wer mit umweltfreundlichen Kraftstoffen f\u00e4hrt, unterliegt keinerlei Verkehrsbeschr\u00e4nkungen; sie stellen eine g\u00fcnstige und umweltfreundliche Alternative zu herk\u00f6mmlichen Kraftstoffen dar; sie sch\u00fctzen die Umwelt.<\/p>\n<p class=\"text-blue\">Das Filtermedium von SOFIMA besteht aus Kunststofffasern, die speziell auf diese Kraftstoffe ausgelegt sind und auch die kleinsten Partikel bis 2 Mikron filtern und einen Wirkungsgrad \u00fcber 98 % aufweisen.<\/p>\n<p class=\"text-blue\">Die Filter von SOFIMA haben die\u00a0<strong>Bauartgenehmigung gem\u00e4\u00df der Europ\u00e4ischen Norm ECE\/ONU R67\/01 Klasse 2 erhalten<\/strong>.<\/p>\n<p>[\/vc_column_text][\/vc_column][\/vc_row][\/vc_section]<\/p>\n<\/div>","protected":false},"excerpt":{"rendered":"<p>[vc_section el_class=&#8220;zbtabs&#8220; css=&#8220;.vc_custom_1585840117383{margin-bottom: 100px !important;}&#8220;][vc_row el_class=&#8220;zbnavtab&#8220; css=&#8220;.vc_custom_1585836409793{border-radius: 3px !important;}&#8220;][vc_column css=&#8220;.vc_custom_1585835535203{padding-top: 0px !important;padding-right: 0px !important;padding-bottom: 0px !important;padding-left: 0px !important;}&#8220;][vc_raw_html]JTNDdWwlM0UlMEElMjAlMjAlMjAlMjAlM0NsaSUyMGNsYXNzJTNEJTIydGFiLWNhdGVnb3JpZSUyMiUzRSUzQ2ElMjBocmVmJTNEJTIyJTJGZGUlMkZvaWwtZmlsdGVycyUyRiUyMiUzRSVDMyU5NmxmaWx0ZXIlM0MlMkZhJTNFJTNDJTJGbGklM0UlMEElMjAlMjAlMjAlMjAlM0NsaSUyMGNsYXNzJTNEJTIydGFiLWNhdGVnb3JpZSUyMiUzRSUzQ2ElMjBocmVmJTNEJTIyJTJGZGUlMkZkaWVzZWwtZmlsdGVycyUyRiUyMiUzRURpZXNlbGZpbHRlciUzQyUyRmElM0UlM0MlMkZsaSUzRSUwQSUyMCUyMCUyMCUyMCUzQ2xpJTIwY2xhc3MlM0QlMjJ0YWItY2F0ZWdvcmllJTIyJTNFJTNDYSUyMGhyZWYlM0QlMjIlMkZkZSUyRmFpci1maWx0ZXIlMkYlMjIlM0VMdWZ0ZmlsdGVyJTNDJTJGYSUzRSUzQyUyRmxpJTNFJTBBJTIwJTIwJTIwJTIwJTNDbGklMjBjbGFzcyUzRCUyMnRhYi1jYXRlZ29yaWUlMjIlM0UlM0NhJTIwaHJlZiUzRCUyMiUyRmRlJTJGcGV0cm9sLWZpbHRlciUyRiUyMiUzRUtyYWZ0c3RvZmZmaWx0ZXIlM0MlMkZhJTNFJTNDJTJGbGklM0UlMEElMjAlMjAlMjAlMjAlM0NsaSUyMGNsYXNzJTNEJTIydGFiLWNhdGVnb3JpZSUyMHRhYi1hY3RpdmUlMjIlM0VMUEctZmlsdGVyJTNDJTJGbGklM0UlMEElMjAlMjAlMjAlMjAlM0NsaSUyMGNsYXNzJTNEJTIydGFiLWNhdGVnb3JpZSUyMiUzRSUzQ2ElMjBocmVmJTNEJTIyJTJGZGUlMkZjYWJpbi1haXItZmlsdGVyJTJGJTIyJTNFSW5uZW5yYXVtZmlsdGVyJTNDJTJGYSUzRSUzQyUyRmxpJTNFJTBBJTNDJTJGdWwlM0U=[\/vc_raw_html][\/vc_column][\/vc_row][vc_row gap=&#8220;20&#8243; equal_height=&#8220;yes&#8220;<\/p>\n<div class=\"h10\"><\/div>\n<p><a  class=\"more-link1\" href=\"https:\/\/sofima-aftermarket.com\/de\/gpl-cng-filter\/\">Read more<\/a><\/p>\n","protected":false},"author":10,"featured_media":0,"parent":0,"menu_order":0,"comment_status":"closed","ping_status":"closed","template":"","meta":{"_acf_changed":false,"footnotes":""},"yst_prominent_words":[],"class_list":["post-275","page","type-page","status-publish","hentry"],"acf":[],"_links":{"self":[{"href":"https:\/\/sofima-aftermarket.com\/de\/wp-json\/wp\/v2\/pages\/275","targetHints":{"allow":["GET"]}}],"collection":[{"href":"https:\/\/sofima-aftermarket.com\/de\/wp-json\/wp\/v2\/pages"}],"about":[{"href":"https:\/\/sofima-aftermarket.com\/de\/wp-json\/wp\/v2\/types\/page"}],"author":[{"embeddable":true,"href":"https:\/\/sofima-aftermarket.com\/de\/wp-json\/wp\/v2\/users\/10"}],"replies":[{"embeddable":true,"href":"https:\/\/sofima-aftermarket.com\/de\/wp-json\/wp\/v2\/comments?post=275"}],"version-history":[{"count":4,"href":"https:\/\/sofima-aftermarket.com\/de\/wp-json\/wp\/v2\/pages\/275\/revisions"}],"predecessor-version":[{"id":445,"href":"https:\/\/sofima-aftermarket.com\/de\/wp-json\/wp\/v2\/pages\/275\/revisions\/445"}],"wp:attachment":[{"href":"https:\/\/sofima-aftermarket.com\/de\/wp-json\/wp\/v2\/media?parent=275"}],"wp:term":[{"taxonomy":"yst_prominent_words","embeddable":true,"href":"https:\/\/sofima-aftermarket.com\/de\/wp-json\/wp\/v2\/yst_prominent_words?post=275"}],"curies":[{"name":"wp","href":"https:\/\/api.w.org\/{rel}","templated":true}]}}