{"id":261,"date":"2020-04-02T16:14:37","date_gmt":"2020-04-02T14:14:37","guid":{"rendered":"https:\/\/sofima-aftermarket.com\/sofimahub\/oil-filters\/"},"modified":"2020-05-22T22:39:12","modified_gmt":"2020-05-22T20:39:12","slug":"oil-filters","status":"publish","type":"page","link":"https:\/\/sofima-aftermarket.com\/de\/oil-filters\/","title":{"rendered":"\u00d6lfilter"},"content":{"rendered":"<div class=\"wpb-content-wrapper\"><p>[vc_section el_class=&#8220;zbtabs&#8220; css=&#8220;.vc_custom_1585840128593{margin-bottom: 100px !important;}&#8220;][vc_row el_class=&#8220;zbnavtab&#8220; css=&#8220;.vc_custom_1585836409793{border-radius: 3px !important;}&#8220;][vc_column css=&#8220;.vc_custom_1585835535203{padding-top: 0px !important;padding-right: 0px !important;padding-bottom: 0px !important;padding-left: 0px !important;}&#8220;][vc_raw_html]JTNDdWwlM0UlMEElMjAlMjAlMjAlMjAlM0NsaSUyMGNsYXNzJTNEJTIydGFiLWNhdGVnb3JpZSUyMHRhYi1hY3RpdmUlMjIlM0UlQzMlOTZsZmlsdGVyJTNDJTJGbGklM0UlMEElMjAlMjAlMjAlMjAlM0NsaSUyMGNsYXNzJTNEJTIydGFiLWNhdGVnb3JpZSUyMiUzRSUzQ2ElMjBocmVmJTNEJTIyJTJGZGUlMkZkaWVzZWwtZmlsdGVycyUyRiUyMiUzRURpZXNlbGZpbHRlciUzQyUyRmElM0UlM0MlMkZsaSUzRSUwQSUyMCUyMCUyMCUyMCUzQ2xpJTIwY2xhc3MlM0QlMjJ0YWItY2F0ZWdvcmllJTIyJTNFJTNDYSUyMGhyZWYlM0QlMjIlMkZkZSUyRmFpci1maWx0ZXIlMkYlMjIlM0VMdWZ0ZmlsdGVyJTNDJTJGYSUzRSUzQyUyRmxpJTNFJTBBJTIwJTIwJTIwJTIwJTNDbGklMjBjbGFzcyUzRCUyMnRhYi1jYXRlZ29yaWUlMjIlM0UlM0NhJTIwaHJlZiUzRCUyMiUyRmRlJTJGcGV0cm9sLWZpbHRlciUyRiUyMiUzRUtyYWZ0c3RvZmZmaWx0ZXIlM0MlMkZhJTNFJTNDJTJGbGklM0UlMEElMjAlMjAlMjAlMjAlM0NsaSUyMGNsYXNzJTNEJTIydGFiLWNhdGVnb3JpZSUyMiUzRSUzQ2ElMjBocmVmJTNEJTIyJTJGZGUlMkZncGwtY25nLWZpbHRlciUyRiUyMiUzRUxQRy1maWx0ZXIlM0MlMkZhJTNFJTNDJTJGbGklM0UlMEElMjAlMjAlMjAlMjAlM0NsaSUyMGNsYXNzJTNEJTIydGFiLWNhdGVnb3JpZSUyMiUzRSUzQ2ElMjBocmVmJTNEJTIyJTJGZGUlMkZjYWJpbi1haXItZmlsdGVyJTJGJTIyJTNFSW5uZW5yYXVtZmlsdGVyJTNDJTJGYSUzRSUzQyUyRmxpJTNFJTBBJTNDJTJGdWwlM0U=[\/vc_raw_html][\/vc_column][\/vc_row][vc_row gap=&#8220;20&#8243; equal_height=&#8220;yes&#8220; el_class=&#8220;content-tab-categorie tab1&#8243;][vc_column width=&#8220;1\/3&#8243;][vc_single_image image=&#8220;119&#8243;][\/vc_column][vc_column width=&#8220;2\/3&#8243; css=&#8220;.vc_custom_1585834811431{padding-right: 35px !important;padding-bottom: 35px !important;padding-left: 35px !important;background-color: #edeeef !important;}&#8220;]<h2 class=\"boc_heading  al_left  \"  style=\"color: #b80808;\"><span>INNOVATION IN DER \u00d6LFILTERUNG<\/span><\/h2>[vc_column_text]Um die Anforderungen zu meistern, die in Verbindung mit den neuen Long-Life-\u00d6len, den Zus\u00e4tzen zur Erh\u00f6hung der Schmierleistung, dem Ru\u00df und Biodiesel im \u00d6l, den Mineral- und Nichtmineral\u00f6len und ihrer Zersetzung und Verschmutzung entstehen, sowie um die strenge Euro 6-Norm zu erf\u00fcllen, hat\u00a0<strong>SOFIMA Filter neue \u00d6lfilterl\u00f6sungen entwickelt<\/strong>,\u00a0<strong>die<\/strong>\u00a0aus\u00a0<strong>Synthetikfasern, Zellulose und Harz gefertigt sind<\/strong>. Die im\u00a0<strong>Aftermarket-Katalog SOFIMA<\/strong>\u00a0erh\u00e4ltlichen \u00d6lfilter sorgen f\u00fcr h\u00f6chste Filterleistungen und beugen Filterverstopfungen vor. F\u00fcr die Einhaltung der Vorschriften sorgen neu entwickelte Green-Module zur\u00a0<strong>Reduzierung der Umweltauswirkungen und die Integration mehrerer Funktionen<\/strong>\u00a0im \u00d6lmodul, welche die Abmessungen und das Gewicht der Motoren verringern. Die hohe Durchl\u00e4ssigkeit und thermisch\/physikalische Kompatibilit\u00e4t der Filtermedien garantieren somit niedrige\u00a0<strong>Last- und Leistungsverluste<\/strong>\u00a0und erhalten die Fahrzeugleistungen.[\/vc_column_text][\/vc_column][\/vc_row][\/vc_section]<\/p>\n<\/div>","protected":false},"excerpt":{"rendered":"<p>[vc_section el_class=&#8220;zbtabs&#8220; css=&#8220;.vc_custom_1585840128593{margin-bottom: 100px !important;}&#8220;][vc_row el_class=&#8220;zbnavtab&#8220; css=&#8220;.vc_custom_1585836409793{border-radius: 3px !important;}&#8220;][vc_column css=&#8220;.vc_custom_1585835535203{padding-top: 0px !important;padding-right: 0px !important;padding-bottom: 0px !important;padding-left: 0px !important;}&#8220;][vc_raw_html]JTNDdWwlM0UlMEElMjAlMjAlMjAlMjAlM0NsaSUyMGNsYXNzJTNEJTIydGFiLWNhdGVnb3JpZSUyMHRhYi1hY3RpdmUlMjIlM0UlQzMlOTZsZmlsdGVyJTNDJTJGbGklM0UlMEElMjAlMjAlMjAlMjAlM0NsaSUyMGNsYXNzJTNEJTIydGFiLWNhdGVnb3JpZSUyMiUzRSUzQ2ElMjBocmVmJTNEJTIyJTJGZGUlMkZkaWVzZWwtZmlsdGVycyUyRiUyMiUzRURpZXNlbGZpbHRlciUzQyUyRmElM0UlM0MlMkZsaSUzRSUwQSUyMCUyMCUyMCUyMCUzQ2xpJTIwY2xhc3MlM0QlMjJ0YWItY2F0ZWdvcmllJTIyJTNFJTNDYSUyMGhyZWYlM0QlMjIlMkZkZSUyRmFpci1maWx0ZXIlMkYlMjIlM0VMdWZ0ZmlsdGVyJTNDJTJGYSUzRSUzQyUyRmxpJTNFJTBBJTIwJTIwJTIwJTIwJTNDbGklMjBjbGFzcyUzRCUyMnRhYi1jYXRlZ29yaWUlMjIlM0UlM0NhJTIwaHJlZiUzRCUyMiUyRmRlJTJGcGV0cm9sLWZpbHRlciUyRiUyMiUzRUtyYWZ0c3RvZmZmaWx0ZXIlM0MlMkZhJTNFJTNDJTJGbGklM0UlMEElMjAlMjAlMjAlMjAlM0NsaSUyMGNsYXNzJTNEJTIydGFiLWNhdGVnb3JpZSUyMiUzRSUzQ2ElMjBocmVmJTNEJTIyJTJGZGUlMkZncGwtY25nLWZpbHRlciUyRiUyMiUzRUxQRy1maWx0ZXIlM0MlMkZhJTNFJTNDJTJGbGklM0UlMEElMjAlMjAlMjAlMjAlM0NsaSUyMGNsYXNzJTNEJTIydGFiLWNhdGVnb3JpZSUyMiUzRSUzQ2ElMjBocmVmJTNEJTIyJTJGZGUlMkZjYWJpbi1haXItZmlsdGVyJTJGJTIyJTNFSW5uZW5yYXVtZmlsdGVyJTNDJTJGYSUzRSUzQyUyRmxpJTNFJTBBJTNDJTJGdWwlM0U=[\/vc_raw_html][\/vc_column][\/vc_row][vc_row gap=&#8220;20&#8243; equal_height=&#8220;yes&#8220;<\/p>\n<div class=\"h10\"><\/div>\n<p><a  class=\"more-link1\" href=\"https:\/\/sofima-aftermarket.com\/de\/oil-filters\/\">Read more<\/a><\/p>\n","protected":false},"author":10,"featured_media":0,"parent":0,"menu_order":0,"comment_status":"closed","ping_status":"closed","template":"","meta":{"_acf_changed":false,"footnotes":""},"yst_prominent_words":[],"class_list":["post-261","page","type-page","status-publish","hentry"],"acf":[],"_links":{"self":[{"href":"https:\/\/sofima-aftermarket.com\/de\/wp-json\/wp\/v2\/pages\/261","targetHints":{"allow":["GET"]}}],"collection":[{"href":"https:\/\/sofima-aftermarket.com\/de\/wp-json\/wp\/v2\/pages"}],"about":[{"href":"https:\/\/sofima-aftermarket.com\/de\/wp-json\/wp\/v2\/types\/page"}],"author":[{"embeddable":true,"href":"https:\/\/sofima-aftermarket.com\/de\/wp-json\/wp\/v2\/users\/10"}],"replies":[{"embeddable":true,"href":"https:\/\/sofima-aftermarket.com\/de\/wp-json\/wp\/v2\/comments?post=261"}],"version-history":[{"count":3,"href":"https:\/\/sofima-aftermarket.com\/de\/wp-json\/wp\/v2\/pages\/261\/revisions"}],"predecessor-version":[{"id":447,"href":"https:\/\/sofima-aftermarket.com\/de\/wp-json\/wp\/v2\/pages\/261\/revisions\/447"}],"wp:attachment":[{"href":"https:\/\/sofima-aftermarket.com\/de\/wp-json\/wp\/v2\/media?parent=261"}],"wp:term":[{"taxonomy":"yst_prominent_words","embeddable":true,"href":"https:\/\/sofima-aftermarket.com\/de\/wp-json\/wp\/v2\/yst_prominent_words?post=261"}],"curies":[{"name":"wp","href":"https:\/\/api.w.org\/{rel}","templated":true}]}}