{"id":165,"date":"2020-04-02T16:45:33","date_gmt":"2020-04-02T14:45:33","guid":{"rendered":"https:\/\/sofima-aftermarket.com\/EU\/?page_id=165"},"modified":"2020-07-07T15:49:33","modified_gmt":"2020-07-07T13:49:33","slug":"gpl-cng-filter","status":"publish","type":"page","link":"https:\/\/sofima-aftermarket.com\/EU\/gpl-cng-filter\/","title":{"rendered":"Filtri GPL"},"content":{"rendered":"<div class=\"wpb-content-wrapper\"><p>[vc_section el_class=&#8221;zbtabs&#8221; css=&#8221;.vc_custom_1585840117383{margin-bottom: 100px !important;}&#8221;][vc_row el_class=&#8221;zbnavtab&#8221; css=&#8221;.vc_custom_1585836409793{border-radius: 3px !important;}&#8221;][vc_column css=&#8221;.vc_custom_1585835535203{padding-top: 0px !important;padding-right: 0px !important;padding-bottom: 0px !important;padding-left: 0px !important;}&#8221;][vc_raw_html]JTNDdWwlM0UlMEElMjAlMjAlMjAlMjAlM0NsaSUyMGNsYXNzJTNEJTIydGFiLWNhdGVnb3JpZSUyMiUzRSUzQ2ElMjBocmVmJTNEJTIyJTJGRVUlMkZvaWwtZmlsdGVycyUyRiUyMiUzRUZpbHRyaSUyMG9saW8lM0MlMkZhJTNFJTNDJTJGbGklM0UlMEElMjAlMjAlMjAlMjAlM0NsaSUyMGNsYXNzJTNEJTIydGFiLWNhdGVnb3JpZSUyMiUzRSUzQ2ElMjBocmVmJTNEJTIyJTJGRVUlMkZkaWVzZWwtZmlsdGVycyUyRiUyMiUzRUZpbHRyaSUyMGRpZXNlbCUzQyUyRmElM0UlM0MlMkZsaSUzRSUwQSUyMCUyMCUyMCUyMCUzQ2xpJTIwY2xhc3MlM0QlMjJ0YWItY2F0ZWdvcmllJTIyJTNFJTNDYSUyMGhyZWYlM0QlMjIlMkZFVSUyRmFpci1maWx0ZXIlMkYlMjIlM0VGaWx0cmklMjBhcmlhJTNDJTJGYSUzRSUzQyUyRmxpJTNFJTBBJTIwJTIwJTIwJTIwJTNDbGklMjBjbGFzcyUzRCUyMnRhYi1jYXRlZ29yaWUlMjIlM0UlM0NhJTIwaHJlZiUzRCUyMiUyRkVVJTJGcGV0cm9sLWZpbHRlciUyRiUyMiUzRUZpbHRyaSUyMGJlbnppbmElM0MlMkZhJTNFJTNDJTJGbGklM0UlMEElMjAlMjAlMjAlMjAlM0NsaSUyMGNsYXNzJTNEJTIydGFiLWNhdGVnb3JpZSUyMHRhYi1hY3RpdmUlMjIlM0VGaWx0cmklMjBncGwtY25nJTNDJTJGbGklM0UlMEElMjAlMjAlMjAlMjAlM0NsaSUyMGNsYXNzJTNEJTIydGFiLWNhdGVnb3JpZSUyMiUzRSUzQ2ElMjBocmVmJTNEJTIyJTJGRVUlMkZjYWJpbi1haXItZmlsdGVyJTJGJTIyJTNFRmlsdHJpJTIwYWJpdGFjb2xvJTNDJTJGYSUzRSUzQyUyRmxpJTNFJTBBJTNDJTJGdWwlM0U=[\/vc_raw_html][\/vc_column][\/vc_row][vc_row gap=&#8221;20&#8243; equal_height=&#8221;yes&#8221; el_class=&#8221;content-tab-categorie tab1&#8243;][vc_column width=&#8221;1\/3&#8243;][vc_single_image image=&#8221;166&#8243;][\/vc_column][vc_column width=&#8221;2\/3&#8243; css=&#8221;.vc_custom_1585834811431{padding-right: 35px !important;padding-bottom: 35px !important;padding-left: 35px !important;background-color: #edeeef !important;}&#8221;]<h2 class=\"boc_heading  al_left  \"  style=\"color: #f42234;\"><span>LA FILTRAZIONE PER I CARBURANTI ECOLOGICI<\/span><\/h2>[vc_column_text]La\u00a0<strong>gamma Aftermarket SOFIMA<\/strong>\u00a0propone una serie di filtri\u00a0<strong>GPL<\/strong>\u00a0e<strong>\u00a0Metano (CNG)<\/strong>. I carburanti ecologici assicurano nessun limite di circolazione; sono un\u2019alternativa economica ed ecologica rispetto ai carburanti tradizionali; garantiscono il rispetto dell\u2019ambiente. Il media filtrante SOFIMA \u00e8 costituito da fibre plastiche, specifico per questo tipo di carburanti, \u00e8 in grado di filtrare anche le particelle pi\u00f9 piccole fino a 2 micron, con un\u2019efficienza superiore al 98%. I filtri SOFIMA sono omologati\u00a0<strong>secondo regolamento Europeo ECE\/ONU R67\/01 Classe 2.<\/strong>[\/vc_column_text][\/vc_column][\/vc_row][\/vc_section]<\/p>\n<\/div>","protected":false},"excerpt":{"rendered":"<p>[vc_section el_class=&#8221;zbtabs&#8221; css=&#8221;.vc_custom_1585840117383{margin-bottom: 100px !important;}&#8221;][vc_row el_class=&#8221;zbnavtab&#8221; css=&#8221;.vc_custom_1585836409793{border-radius: 3px !important;}&#8221;][vc_column css=&#8221;.vc_custom_1585835535203{padding-top: 0px !important;padding-right: 0px !important;padding-bottom: 0px !important;padding-left: 0px !important;}&#8221;][vc_raw_html]JTNDdWwlM0UlMEElMjAlMjAlMjAlMjAlM0NsaSUyMGNsYXNzJTNEJTIydGFiLWNhdGVnb3JpZSUyMiUzRSUzQ2ElMjBocmVmJTNEJTIyJTJGRVUlMkZvaWwtZmlsdGVycyUyRiUyMiUzRUZpbHRyaSUyMG9saW8lM0MlMkZhJTNFJTNDJTJGbGklM0UlMEElMjAlMjAlMjAlMjAlM0NsaSUyMGNsYXNzJTNEJTIydGFiLWNhdGVnb3JpZSUyMiUzRSUzQ2ElMjBocmVmJTNEJTIyJTJGRVUlMkZkaWVzZWwtZmlsdGVycyUyRiUyMiUzRUZpbHRyaSUyMGRpZXNlbCUzQyUyRmElM0UlM0MlMkZsaSUzRSUwQSUyMCUyMCUyMCUyMCUzQ2xpJTIwY2xhc3MlM0QlMjJ0YWItY2F0ZWdvcmllJTIyJTNFJTNDYSUyMGhyZWYlM0QlMjIlMkZFVSUyRmFpci1maWx0ZXIlMkYlMjIlM0VGaWx0cmklMjBhcmlhJTNDJTJGYSUzRSUzQyUyRmxpJTNFJTBBJTIwJTIwJTIwJTIwJTNDbGklMjBjbGFzcyUzRCUyMnRhYi1jYXRlZ29yaWUlMjIlM0UlM0NhJTIwaHJlZiUzRCUyMiUyRkVVJTJGcGV0cm9sLWZpbHRlciUyRiUyMiUzRUZpbHRyaSUyMGJlbnppbmElM0MlMkZhJTNFJTNDJTJGbGklM0UlMEElMjAlMjAlMjAlMjAlM0NsaSUyMGNsYXNzJTNEJTIydGFiLWNhdGVnb3JpZSUyMHRhYi1hY3RpdmUlMjIlM0VGaWx0cmklMjBncGwtY25nJTNDJTJGbGklM0UlMEElMjAlMjAlMjAlMjAlM0NsaSUyMGNsYXNzJTNEJTIydGFiLWNhdGVnb3JpZSUyMiUzRSUzQ2ElMjBocmVmJTNEJTIyJTJGRVUlMkZjYWJpbi1haXItZmlsdGVyJTJGJTIyJTNFRmlsdHJpJTIwYWJpdGFjb2xvJTNDJTJGYSUzRSUzQyUyRmxpJTNFJTBBJTNDJTJGdWwlM0U=[\/vc_raw_html][\/vc_column][\/vc_row][vc_row gap=&#8221;20&#8243; equal_height=&#8221;yes&#8221;<\/p>\n<div class=\"h10\"><\/div>\n<p><a  class=\"more-link1\" href=\"https:\/\/sofima-aftermarket.com\/EU\/gpl-cng-filter\/\">Leggi tutto<\/a><\/p>\n","protected":false},"author":10,"featured_media":0,"parent":0,"menu_order":0,"comment_status":"closed","ping_status":"closed","template":"","meta":{"_acf_changed":false,"footnotes":""},"yst_prominent_words":[96,98,879,99,68,849,847,97,656,892],"class_list":["post-165","page","type-page","status-publish","hentry"],"acf":[],"_links":{"self":[{"href":"https:\/\/sofima-aftermarket.com\/EU\/wp-json\/wp\/v2\/pages\/165","targetHints":{"allow":["GET"]}}],"collection":[{"href":"https:\/\/sofima-aftermarket.com\/EU\/wp-json\/wp\/v2\/pages"}],"about":[{"href":"https:\/\/sofima-aftermarket.com\/EU\/wp-json\/wp\/v2\/types\/page"}],"author":[{"embeddable":true,"href":"https:\/\/sofima-aftermarket.com\/EU\/wp-json\/wp\/v2\/users\/10"}],"replies":[{"embeddable":true,"href":"https:\/\/sofima-aftermarket.com\/EU\/wp-json\/wp\/v2\/comments?post=165"}],"version-history":[{"count":7,"href":"https:\/\/sofima-aftermarket.com\/EU\/wp-json\/wp\/v2\/pages\/165\/revisions"}],"predecessor-version":[{"id":1858,"href":"https:\/\/sofima-aftermarket.com\/EU\/wp-json\/wp\/v2\/pages\/165\/revisions\/1858"}],"wp:attachment":[{"href":"https:\/\/sofima-aftermarket.com\/EU\/wp-json\/wp\/v2\/media?parent=165"}],"wp:term":[{"taxonomy":"yst_prominent_words","embeddable":true,"href":"https:\/\/sofima-aftermarket.com\/EU\/wp-json\/wp\/v2\/yst_prominent_words?post=165"}],"curies":[{"name":"wp","href":"https:\/\/api.w.org\/{rel}","templated":true}]}}