{"id":116,"date":"2020-04-02T16:14:37","date_gmt":"2020-04-02T14:14:37","guid":{"rendered":"https:\/\/sofima-aftermarket.com\/EU\/?page_id=116"},"modified":"2020-12-10T00:16:57","modified_gmt":"2020-12-09T23:16:57","slug":"oil-filters","status":"publish","type":"page","link":"https:\/\/sofima-aftermarket.com\/EU\/oil-filters\/","title":{"rendered":"Filtri Olio"},"content":{"rendered":"<div class=\"wpb-content-wrapper\"><p>[vc_section el_class=&#8221;zbtabs&#8221; css=&#8221;.vc_custom_1585840128593{margin-bottom: 100px !important;}&#8221;][vc_row el_class=&#8221;zbnavtab&#8221; css=&#8221;.vc_custom_1585836409793{border-radius: 3px !important;}&#8221;][vc_column css=&#8221;.vc_custom_1585835535203{padding-top: 0px !important;padding-right: 0px !important;padding-bottom: 0px !important;padding-left: 0px !important;}&#8221;][vc_raw_html]JTNDdWwlM0UlMEElMjAlMjAlMjAlMjAlM0NsaSUyMGNsYXNzJTNEJTIydGFiLWNhdGVnb3JpZSUyMHRhYi1hY3RpdmUlMjIlM0VGaWx0cmklMjBvbGlvJTNDJTJGbGklM0UlMEElMjAlMjAlMjAlMjAlM0NsaSUyMGNsYXNzJTNEJTIydGFiLWNhdGVnb3JpZSUyMiUzRSUzQ2ElMjBocmVmJTNEJTIyJTJGRVUlMkZkaWVzZWwtZmlsdGVycyUyRiUyMiUzRUZpbHRyaSUyMGRpZXNlbCUzQyUyRmElM0UlM0MlMkZsaSUzRSUwQSUyMCUyMCUyMCUyMCUzQ2xpJTIwY2xhc3MlM0QlMjJ0YWItY2F0ZWdvcmllJTIyJTNFJTNDYSUyMGhyZWYlM0QlMjIlMkZFVSUyRmFpci1maWx0ZXIlMkYlMjIlM0VGaWx0cmklMjBhcmlhJTNDJTJGYSUzRSUzQyUyRmxpJTNFJTBBJTIwJTIwJTIwJTIwJTNDbGklMjBjbGFzcyUzRCUyMnRhYi1jYXRlZ29yaWUlMjIlM0UlM0NhJTIwaHJlZiUzRCUyMiUyRkVVJTJGcGV0cm9sLWZpbHRlciUyRiUyMiUzRUZpbHRyaSUyMGJlbnppbmElM0MlMkZhJTNFJTNDJTJGbGklM0UlMEElMjAlMjAlMjAlMjAlM0NsaSUyMGNsYXNzJTNEJTIydGFiLWNhdGVnb3JpZSUyMiUzRSUzQ2ElMjBocmVmJTNEJTIyJTJGRVUlMkZncGwtY25nLWZpbHRlciUyRiUyMiUzRUZpbHRyaSUyMGdwbC1jbmclM0MlMkZhJTNFJTNDJTJGbGklM0UlMEElMjAlMjAlMjAlMjAlM0NsaSUyMGNsYXNzJTNEJTIydGFiLWNhdGVnb3JpZSUyMiUzRSUzQ2ElMjBocmVmJTNEJTIyJTJGRVUlMkZjYWJpbi1haXItZmlsdGVyJTJGJTIyJTNFRmlsdHJpJTIwYWJpdGFjb2xvJTNDJTJGYSUzRSUzQyUyRmxpJTNFJTBBJTNDJTJGdWwlM0U=[\/vc_raw_html][\/vc_column][\/vc_row][vc_row gap=&#8221;20&#8243; equal_height=&#8221;yes&#8221; el_class=&#8221;content-tab-categorie tab1&#8243;][vc_column width=&#8221;1\/3&#8243;][vc_single_image image=&#8221;119&#8243;][\/vc_column][vc_column width=&#8221;2\/3&#8243; css=&#8221;.vc_custom_1585834811431{padding-right: 35px !important;padding-bottom: 35px !important;padding-left: 35px !important;background-color: #edeeef !important;}&#8221;]<h2 class=\"boc_heading  al_left  \"  style=\"color: #f42234;\"><span>L\u2019INNOVAZIONE NELLA FILTRAZIONE OLIO<\/span><\/h2>[vc_column_text]<strong>Nuove soluzioni per la filtrazione olio<\/strong> composte da\u00a0<strong>fibre sintetiche o da cellulosa e resina<\/strong>, sono le innovazioni sviluppate da <strong>Sofima Filter<\/strong> per fare fronte alle problematiche date dai nuovi oli \u00ablong life\u00bb; dagli additivi per aumentare la lubricit\u00e0 degli oli; dalla presenza di \u00absoot\u00bb e di biodiesel nell\u2019olio; dagli oli minerali e non minerali e loro degradazione e contaminazione; e per essere in linea con le severe normative Euro6. I filtri olio a <strong>catalogo Aftermarket SOFIMA<\/strong> garantiscono il massimo livello di efficienza filtrante e sono in grado di prevenire il \u00abclogging\u00bb (ostruzione) del filtro. Il raggiungimento dei target previsti dalle normative \u00e8 ottenuto tramite la progettazione di moduli \u00abgreen\u00bb, <strong>che riducono l\u2019impatto ambientale, ma anche<\/strong> grazie <strong>all\u2019integrazione di pi\u00f9 funzioni<\/strong> all\u2019interno del modulo stesso, per ridurre ingombri e peso dei motori. Le performance sono mantenute grazie agli elevati indici di permeabilit\u00e0 e compatibilit\u00e0 termica-chimica dei media filtranti che assicurano cos\u00ec <strong>basse perdite di carico e di potenza.<\/strong>[\/vc_column_text][\/vc_column][\/vc_row][\/vc_section]<\/p>\n<\/div>","protected":false},"excerpt":{"rendered":"<p>[vc_section el_class=&#8221;zbtabs&#8221; css=&#8221;.vc_custom_1585840128593{margin-bottom: 100px !important;}&#8221;][vc_row el_class=&#8221;zbnavtab&#8221; css=&#8221;.vc_custom_1585836409793{border-radius: 3px !important;}&#8221;][vc_column css=&#8221;.vc_custom_1585835535203{padding-top: 0px !important;padding-right: 0px !important;padding-bottom: 0px !important;padding-left: 0px !important;}&#8221;][vc_raw_html]JTNDdWwlM0UlMEElMjAlMjAlMjAlMjAlM0NsaSUyMGNsYXNzJTNEJTIydGFiLWNhdGVnb3JpZSUyMHRhYi1hY3RpdmUlMjIlM0VGaWx0cmklMjBvbGlvJTNDJTJGbGklM0UlMEElMjAlMjAlMjAlMjAlM0NsaSUyMGNsYXNzJTNEJTIydGFiLWNhdGVnb3JpZSUyMiUzRSUzQ2ElMjBocmVmJTNEJTIyJTJGRVUlMkZkaWVzZWwtZmlsdGVycyUyRiUyMiUzRUZpbHRyaSUyMGRpZXNlbCUzQyUyRmElM0UlM0MlMkZsaSUzRSUwQSUyMCUyMCUyMCUyMCUzQ2xpJTIwY2xhc3MlM0QlMjJ0YWItY2F0ZWdvcmllJTIyJTNFJTNDYSUyMGhyZWYlM0QlMjIlMkZFVSUyRmFpci1maWx0ZXIlMkYlMjIlM0VGaWx0cmklMjBhcmlhJTNDJTJGYSUzRSUzQyUyRmxpJTNFJTBBJTIwJTIwJTIwJTIwJTNDbGklMjBjbGFzcyUzRCUyMnRhYi1jYXRlZ29yaWUlMjIlM0UlM0NhJTIwaHJlZiUzRCUyMiUyRkVVJTJGcGV0cm9sLWZpbHRlciUyRiUyMiUzRUZpbHRyaSUyMGJlbnppbmElM0MlMkZhJTNFJTNDJTJGbGklM0UlMEElMjAlMjAlMjAlMjAlM0NsaSUyMGNsYXNzJTNEJTIydGFiLWNhdGVnb3JpZSUyMiUzRSUzQ2ElMjBocmVmJTNEJTIyJTJGRVUlMkZncGwtY25nLWZpbHRlciUyRiUyMiUzRUZpbHRyaSUyMGdwbC1jbmclM0MlMkZhJTNFJTNDJTJGbGklM0UlMEElMjAlMjAlMjAlMjAlM0NsaSUyMGNsYXNzJTNEJTIydGFiLWNhdGVnb3JpZSUyMiUzRSUzQ2ElMjBocmVmJTNEJTIyJTJGRVUlMkZjYWJpbi1haXItZmlsdGVyJTJGJTIyJTNFRmlsdHJpJTIwYWJpdGFjb2xvJTNDJTJGYSUzRSUzQyUyRmxpJTNFJTBBJTNDJTJGdWwlM0U=[\/vc_raw_html][\/vc_column][\/vc_row][vc_row gap=&#8221;20&#8243; equal_height=&#8221;yes&#8221;<\/p>\n<div class=\"h10\"><\/div>\n<p><a  class=\"more-link1\" href=\"https:\/\/sofima-aftermarket.com\/EU\/oil-filters\/\">Leggi tutto<\/a><\/p>\n","protected":false},"author":10,"featured_media":0,"parent":0,"menu_order":0,"comment_status":"closed","ping_status":"closed","template":"","meta":{"_acf_changed":false,"footnotes":""},"yst_prominent_words":[649,648,646,867,889,874,875,871,868,879,876,872,645,644,878,873,870,877,647,869],"class_list":["post-116","page","type-page","status-publish","hentry"],"acf":[],"_links":{"self":[{"href":"https:\/\/sofima-aftermarket.com\/EU\/wp-json\/wp\/v2\/pages\/116","targetHints":{"allow":["GET"]}}],"collection":[{"href":"https:\/\/sofima-aftermarket.com\/EU\/wp-json\/wp\/v2\/pages"}],"about":[{"href":"https:\/\/sofima-aftermarket.com\/EU\/wp-json\/wp\/v2\/types\/page"}],"author":[{"embeddable":true,"href":"https:\/\/sofima-aftermarket.com\/EU\/wp-json\/wp\/v2\/users\/10"}],"replies":[{"embeddable":true,"href":"https:\/\/sofima-aftermarket.com\/EU\/wp-json\/wp\/v2\/comments?post=116"}],"version-history":[{"count":19,"href":"https:\/\/sofima-aftermarket.com\/EU\/wp-json\/wp\/v2\/pages\/116\/revisions"}],"predecessor-version":[{"id":2039,"href":"https:\/\/sofima-aftermarket.com\/EU\/wp-json\/wp\/v2\/pages\/116\/revisions\/2039"}],"wp:attachment":[{"href":"https:\/\/sofima-aftermarket.com\/EU\/wp-json\/wp\/v2\/media?parent=116"}],"wp:term":[{"taxonomy":"yst_prominent_words","embeddable":true,"href":"https:\/\/sofima-aftermarket.com\/EU\/wp-json\/wp\/v2\/yst_prominent_words?post=116"}],"curies":[{"name":"wp","href":"https:\/\/api.w.org\/{rel}","templated":true}]}}