{"id":730,"date":"2020-04-02T16:45:33","date_gmt":"2020-04-02T14:45:33","guid":{"rendered":"https:\/\/sofima-aftermarket.com\/EU\/gpl-cng-filter\/"},"modified":"2020-07-07T15:51:30","modified_gmt":"2020-07-07T13:51:30","slug":"gpl-cng-filter","status":"publish","type":"page","link":"https:\/\/sofima-aftermarket.com\/EU\/pt-pt\/gpl-cng-filter\/","title":{"rendered":"Filtros de GPL"},"content":{"rendered":"<div class=\"wpb-content-wrapper\"><p>[vc_section el_class=&#8221;zbtabs&#8221; css=&#8221;.vc_custom_1585840117383{margin-bottom: 100px !important;}&#8221;][vc_row el_class=&#8221;zbnavtab&#8221; css=&#8221;.vc_custom_1585836409793{border-radius: 3px !important;}&#8221;][vc_column css=&#8221;.vc_custom_1585835535203{padding-top: 0px !important;padding-right: 0px !important;padding-bottom: 0px !important;padding-left: 0px !important;}&#8221;][vc_raw_html]JTNDdWwlM0UlMEElMjAlMjAlMjAlMjAlM0NsaSUyMGNsYXNzJTNEJTIydGFiLWNhdGVnb3JpZSUyMiUzRSUzQ2ElMjBocmVmJTNEJTIyJTJGRVUlMkZwdC1wdCUyRm9pbC1maWx0ZXJzJTJGJTIyJTNFRmlsdHJvcyUyMGRlJTIwJUMzJUIzbGVvJTNDJTJGYSUzRSUzQyUyRmxpJTNFJTBBJTIwJTIwJTIwJTIwJTNDbGklMjBjbGFzcyUzRCUyMnRhYi1jYXRlZ29yaWUlMjIlM0UlM0NhJTIwaHJlZiUzRCUyMiUyRkVVJTJGcHQtcHQlMkZkaWVzZWwtZmlsdGVycyUyRiUyMiUzRUZpbHRyb3MlMjBkZSUyMGRpZXNlbCUzQyUyRmElM0UlM0MlMkZsaSUzRSUwQSUyMCUyMCUyMCUyMCUzQ2xpJTIwY2xhc3MlM0QlMjJ0YWItY2F0ZWdvcmllJTIyJTNFJTNDYSUyMGhyZWYlM0QlMjIlMkZFVSUyRnB0LXB0JTJGYWlyLWZpbHRlciUyRiUyMiUzRUZpbHRyb3MlMjBkZSUyMGFyJTNDJTJGYSUzRSUzQyUyRmxpJTNFJTBBJTIwJTIwJTIwJTIwJTNDbGklMjBjbGFzcyUzRCUyMnRhYi1jYXRlZ29yaWUlMjIlM0UlM0NhJTIwaHJlZiUzRCUyMiUyRkVVJTJGcHQtcHQlMkZwZXRyb2wtZmlsdGVyJTJGJTIyJTNFRmlsdHJvcyUyMGRlJTIwZ2Fzb2xpbmElM0MlMkZhJTNFJTNDJTJGbGklM0UlMEElMjAlMjAlMjAlMjAlM0NsaSUyMGNsYXNzJTNEJTIydGFiLWNhdGVnb3JpZSUyMHRhYi1hY3RpdmUlMjIlM0VGaWx0cm9zJTIwZGUlMjBHUEwlM0MlMkZsaSUzRSUwQSUyMCUyMCUyMCUyMCUzQ2xpJTIwY2xhc3MlM0QlMjJ0YWItY2F0ZWdvcmllJTIyJTNFJTNDYSUyMGhyZWYlM0QlMjIlMkZFVSUyRnB0LXB0JTJGY2FiaW4tYWlyLWZpbHRlciUyRiUyMiUzRUZpbHRyb3MlMjBkZSUyMGhhYml0JUMzJUExY3VsbyUzQyUyRmElM0UlM0MlMkZsaSUzRSUwQSUzQyUyRnVsJTNF[\/vc_raw_html][\/vc_column][\/vc_row][vc_row gap=&#8221;20&#8243; equal_height=&#8221;yes&#8221; el_class=&#8221;content-tab-categorie tab1&#8243;][vc_column width=&#8221;1\/3&#8243;][vc_single_image image=&#8221;166&#8243;][\/vc_column][vc_column width=&#8221;2\/3&#8243; css=&#8221;.vc_custom_1585834811431{padding-right: 35px !important;padding-bottom: 35px !important;padding-left: 35px !important;background-color: #edeeef !important;}&#8221;]<h2 class=\"boc_heading  al_left  \"  style=\"color: #f42234;\"><span>A FILTRAGEM PARA OS COMBUST\u00cdVEIS ECOL\u00d3GICOS<\/span><\/h2>[vc_column_text]A\u00a0<strong>gama Aftermarket SOFIMA<\/strong>\u00a0prop\u00f5e uma\u00a0<strong>s\u00e9rie<\/strong>\u00a0de filtros\u00a0<strong>GLP e Metano<\/strong>\u00a0(GNC). Os combust\u00edveis ecol\u00f3gicos evitam qualquer limite de circula\u00e7\u00e3o; s\u00e3o uma alternativa econ\u00f3mica e ecol\u00f3gica em rela\u00e7\u00e3o aos combust\u00edvel tradicionais; garantem o respeito pelo ambiente. A meia de filtragem SOFIMA, realizado com fibras pl\u00e1sticas, espec\u00edfico para este tipo de combust\u00edvel, tamb\u00e9m \u00e9 capaz de filtrar as part\u00edculas menores, de at\u00e9 2 microns, com uma efici\u00eancia superior a 98%. Os filtros SOFIMA s\u00e3o\u00a0<strong>homologados segundo o regulamento Europeu ECE\/ONU R67\/01 Classe 2.<\/strong>[\/vc_column_text][\/vc_column][\/vc_row][\/vc_section]<\/p>\n<\/div>","protected":false},"excerpt":{"rendered":"<p>[vc_section el_class=&#8221;zbtabs&#8221; css=&#8221;.vc_custom_1585840117383{margin-bottom: 100px !important;}&#8221;][vc_row el_class=&#8221;zbnavtab&#8221; css=&#8221;.vc_custom_1585836409793{border-radius: 3px !important;}&#8221;][vc_column css=&#8221;.vc_custom_1585835535203{padding-top: 0px !important;padding-right: 0px !important;padding-bottom: 0px !important;padding-left: 0px !important;}&#8221;][vc_raw_html]JTNDdWwlM0UlMEElMjAlMjAlMjAlMjAlM0NsaSUyMGNsYXNzJTNEJTIydGFiLWNhdGVnb3JpZSUyMiUzRSUzQ2ElMjBocmVmJTNEJTIyJTJGRVUlMkZwdC1wdCUyRm9pbC1maWx0ZXJzJTJGJTIyJTNFRmlsdHJvcyUyMGRlJTIwJUMzJUIzbGVvJTNDJTJGYSUzRSUzQyUyRmxpJTNFJTBBJTIwJTIwJTIwJTIwJTNDbGklMjBjbGFzcyUzRCUyMnRhYi1jYXRlZ29yaWUlMjIlM0UlM0NhJTIwaHJlZiUzRCUyMiUyRkVVJTJGcHQtcHQlMkZkaWVzZWwtZmlsdGVycyUyRiUyMiUzRUZpbHRyb3MlMjBkZSUyMGRpZXNlbCUzQyUyRmElM0UlM0MlMkZsaSUzRSUwQSUyMCUyMCUyMCUyMCUzQ2xpJTIwY2xhc3MlM0QlMjJ0YWItY2F0ZWdvcmllJTIyJTNFJTNDYSUyMGhyZWYlM0QlMjIlMkZFVSUyRnB0LXB0JTJGYWlyLWZpbHRlciUyRiUyMiUzRUZpbHRyb3MlMjBkZSUyMGFyJTNDJTJGYSUzRSUzQyUyRmxpJTNFJTBBJTIwJTIwJTIwJTIwJTNDbGklMjBjbGFzcyUzRCUyMnRhYi1jYXRlZ29yaWUlMjIlM0UlM0NhJTIwaHJlZiUzRCUyMiUyRkVVJTJGcHQtcHQlMkZwZXRyb2wtZmlsdGVyJTJGJTIyJTNFRmlsdHJvcyUyMGRlJTIwZ2Fzb2xpbmElM0MlMkZhJTNFJTNDJTJGbGklM0UlMEElMjAlMjAlMjAlMjAlM0NsaSUyMGNsYXNzJTNEJTIydGFiLWNhdGVnb3JpZSUyMHRhYi1hY3RpdmUlMjIlM0VGaWx0cm9zJTIwZGUlMjBHUEwlM0MlMkZsaSUzRSUwQSUyMCUyMCUyMCUyMCUzQ2xpJTIwY2xhc3MlM0QlMjJ0YWItY2F0ZWdvcmllJTIyJTNFJTNDYSUyMGhyZWYlM0QlMjIlMkZFVSUyRnB0LXB0JTJGY2FiaW4tYWlyLWZpbHRlciUyRiUyMiUzRUZpbHRyb3MlMjBkZSUyMGhhYml0JUMzJUExY3VsbyUzQyUyRmElM0UlM0MlMkZsaSUzRSUwQSUzQyUyRnVsJTNF[\/vc_raw_html][\/vc_column][\/vc_row][vc_row gap=&#8221;20&#8243; equal_height=&#8221;yes&#8221;<\/p>\n<div class=\"h10\"><\/div>\n<p><a  class=\"more-link1\" href=\"https:\/\/sofima-aftermarket.com\/EU\/pt-pt\/gpl-cng-filter\/\">Leia mais<\/a><\/p>\n","protected":false},"author":10,"featured_media":0,"parent":0,"menu_order":0,"comment_status":"closed","ping_status":"closed","template":"","meta":{"_acf_changed":false,"footnotes":""},"yst_prominent_words":[376,383,382,385,240,339,356,337,355,381,380,306,366,656,384],"class_list":["post-730","page","type-page","status-publish","hentry"],"acf":[],"_links":{"self":[{"href":"https:\/\/sofima-aftermarket.com\/EU\/pt-pt\/wp-json\/wp\/v2\/pages\/730","targetHints":{"allow":["GET"]}}],"collection":[{"href":"https:\/\/sofima-aftermarket.com\/EU\/pt-pt\/wp-json\/wp\/v2\/pages"}],"about":[{"href":"https:\/\/sofima-aftermarket.com\/EU\/pt-pt\/wp-json\/wp\/v2\/types\/page"}],"author":[{"embeddable":true,"href":"https:\/\/sofima-aftermarket.com\/EU\/pt-pt\/wp-json\/wp\/v2\/users\/10"}],"replies":[{"embeddable":true,"href":"https:\/\/sofima-aftermarket.com\/EU\/pt-pt\/wp-json\/wp\/v2\/comments?post=730"}],"version-history":[{"count":4,"href":"https:\/\/sofima-aftermarket.com\/EU\/pt-pt\/wp-json\/wp\/v2\/pages\/730\/revisions"}],"predecessor-version":[{"id":1864,"href":"https:\/\/sofima-aftermarket.com\/EU\/pt-pt\/wp-json\/wp\/v2\/pages\/730\/revisions\/1864"}],"wp:attachment":[{"href":"https:\/\/sofima-aftermarket.com\/EU\/pt-pt\/wp-json\/wp\/v2\/media?parent=730"}],"wp:term":[{"taxonomy":"yst_prominent_words","embeddable":true,"href":"https:\/\/sofima-aftermarket.com\/EU\/pt-pt\/wp-json\/wp\/v2\/yst_prominent_words?post=730"}],"curies":[{"name":"wp","href":"https:\/\/api.w.org\/{rel}","templated":true}]}}