{"id":728,"date":"2020-04-02T16:43:34","date_gmt":"2020-04-02T14:43:34","guid":{"rendered":"https:\/\/sofima-aftermarket.com\/EU\/petrol-filter\/"},"modified":"2020-07-07T15:51:18","modified_gmt":"2020-07-07T13:51:18","slug":"petrol-filter","status":"publish","type":"page","link":"https:\/\/sofima-aftermarket.com\/EU\/pt-pt\/petrol-filter\/","title":{"rendered":"Filtros de Gazolina"},"content":{"rendered":"<div class=\"wpb-content-wrapper\"><p>[vc_section el_class=&#8221;zbtabs&#8221; css=&#8221;.vc_custom_1585840099928{margin-bottom: 100px !important;}&#8221;][vc_row el_class=&#8221;zbnavtab&#8221; css=&#8221;.vc_custom_1585836409793{border-radius: 3px !important;}&#8221;][vc_column css=&#8221;.vc_custom_1585835535203{padding-top: 0px !important;padding-right: 0px !important;padding-bottom: 0px !important;padding-left: 0px !important;}&#8221;][vc_raw_html]JTNDdWwlM0UlMEElMjAlMjAlMjAlMjAlM0NsaSUyMGNsYXNzJTNEJTIydGFiLWNhdGVnb3JpZSUyMiUzRSUzQ2ElMjBocmVmJTNEJTIyJTJGRVUlMkZwdC1wdCUyRm9pbC1maWx0ZXJzJTJGJTIyJTNFRmlsdHJvcyUyMGRlJTIwJUMzJUIzbGVvJTNDJTJGYSUzRSUzQyUyRmxpJTNFJTBBJTIwJTIwJTIwJTIwJTNDbGklMjBjbGFzcyUzRCUyMnRhYi1jYXRlZ29yaWUlMjIlM0UlM0NhJTIwaHJlZiUzRCUyMiUyRkVVJTJGcHQtcHQlMkZkaWVzZWwtZmlsdGVycyUyRiUyMiUzRUZpbHRyb3MlMjBkZSUyMGRpZXNlbCUzQyUyRmElM0UlM0MlMkZsaSUzRSUwQSUyMCUyMCUyMCUyMCUzQ2xpJTIwY2xhc3MlM0QlMjJ0YWItY2F0ZWdvcmllJTIyJTNFJTNDYSUyMGhyZWYlM0QlMjIlMkZFVSUyRnB0LXB0JTJGYWlyLWZpbHRlciUyRiUyMiUzRUZpbHRyb3MlMjBkZSUyMGFyJTNDJTJGYSUzRSUzQyUyRmxpJTNFJTBBJTIwJTIwJTIwJTIwJTNDbGklMjBjbGFzcyUzRCUyMnRhYi1jYXRlZ29yaWUlMjB0YWItYWN0aXZlJTIyJTNFRmlsdHJvcyUyMGRlJTIwZ2Fzb2xpbmElM0MlMkZsaSUzRSUwQSUyMCUyMCUyMCUyMCUzQ2xpJTIwY2xhc3MlM0QlMjJ0YWItY2F0ZWdvcmllJTIyJTNFJTNDYSUyMGhyZWYlM0QlMjIlMkZFVSUyRnB0LXB0JTJGZ3BsLWNuZy1maWx0ZXIlMkYlMjIlM0VGaWx0cm9zJTIwZGUlMjBHUEwlM0MlMkZhJTNFJTNDJTJGbGklM0UlMEElMjAlMjAlMjAlMjAlM0NsaSUyMGNsYXNzJTNEJTIydGFiLWNhdGVnb3JpZSUyMiUzRSUzQ2ElMjBocmVmJTNEJTIyJTJGRVUlMkZwdC1wdCUyRmNhYmluLWFpci1maWx0ZXIlMkYlMjIlM0VGaWx0cm9zJTIwZGUlMjBoYWJpdCVDMyVBMWN1bG8lM0MlMkZhJTNFJTNDJTJGbGklM0UlMEElM0MlMkZ1bCUzRQ==[\/vc_raw_html][\/vc_column][\/vc_row][vc_row gap=&#8221;20&#8243; equal_height=&#8221;yes&#8221; el_class=&#8221;content-tab-categorie tab1&#8243;][vc_column width=&#8221;1\/3&#8243;][vc_single_image image=&#8221;158&#8243;][\/vc_column][vc_column width=&#8221;2\/3&#8243; css=&#8221;.vc_custom_1585834811431{padding-right: 35px !important;padding-bottom: 35px !important;padding-left: 35px !important;background-color: #edeeef !important;}&#8221;]<h2 class=\"boc_heading  al_left  \"  style=\"color: #f42234;\"><span>OS SISTEMAS MAIS AVAN\u00c7ADOS<\/span><\/h2>[vc_column_text]Os\u00a0<strong>filtros de gasolina do cat\u00e1logo Aftermarket SOFIMA Filter<\/strong>\u00a0garantem\u00a0<strong>longos intervalos de substitui\u00e7\u00e3o e um grau de filtragem muito elevado<\/strong>\u00a0dos poluentes corpusculares, para assegurar gest\u00e3o ideal e longa vida \u00fatil do ve\u00edculo. Geralmente realizados com corpo em a\u00e7o ou alum\u00ednio, s\u00e3o capazes de suportar<strong>\u00a0elevadas press\u00f5es de exerc\u00edcio<\/strong>, garantindo, ao mesmo tempo, uma redu\u00e7\u00e3o dos pesos e dos consumos. O meio de filtragem \u00e0 base de celulose \u00e9 capaz de bloquear part\u00edculas com dimens\u00f5es de at\u00e9 5 micr\u00f3metros, com efici\u00eancia superior a 86% segundo as especifica\u00e7\u00e3o da ISO19438.[\/vc_column_text][\/vc_column][\/vc_row][\/vc_section]<\/p>\n<\/div>","protected":false},"excerpt":{"rendered":"<p>[vc_section el_class=&#8221;zbtabs&#8221; css=&#8221;.vc_custom_1585840099928{margin-bottom: 100px !important;}&#8221;][vc_row el_class=&#8221;zbnavtab&#8221; css=&#8221;.vc_custom_1585836409793{border-radius: 3px !important;}&#8221;][vc_column css=&#8221;.vc_custom_1585835535203{padding-top: 0px !important;padding-right: 0px !important;padding-bottom: 0px !important;padding-left: 0px !important;}&#8221;][vc_raw_html]JTNDdWwlM0UlMEElMjAlMjAlMjAlMjAlM0NsaSUyMGNsYXNzJTNEJTIydGFiLWNhdGVnb3JpZSUyMiUzRSUzQ2ElMjBocmVmJTNEJTIyJTJGRVUlMkZwdC1wdCUyRm9pbC1maWx0ZXJzJTJGJTIyJTNFRmlsdHJvcyUyMGRlJTIwJUMzJUIzbGVvJTNDJTJGYSUzRSUzQyUyRmxpJTNFJTBBJTIwJTIwJTIwJTIwJTNDbGklMjBjbGFzcyUzRCUyMnRhYi1jYXRlZ29yaWUlMjIlM0UlM0NhJTIwaHJlZiUzRCUyMiUyRkVVJTJGcHQtcHQlMkZkaWVzZWwtZmlsdGVycyUyRiUyMiUzRUZpbHRyb3MlMjBkZSUyMGRpZXNlbCUzQyUyRmElM0UlM0MlMkZsaSUzRSUwQSUyMCUyMCUyMCUyMCUzQ2xpJTIwY2xhc3MlM0QlMjJ0YWItY2F0ZWdvcmllJTIyJTNFJTNDYSUyMGhyZWYlM0QlMjIlMkZFVSUyRnB0LXB0JTJGYWlyLWZpbHRlciUyRiUyMiUzRUZpbHRyb3MlMjBkZSUyMGFyJTNDJTJGYSUzRSUzQyUyRmxpJTNFJTBBJTIwJTIwJTIwJTIwJTNDbGklMjBjbGFzcyUzRCUyMnRhYi1jYXRlZ29yaWUlMjB0YWItYWN0aXZlJTIyJTNFRmlsdHJvcyUyMGRlJTIwZ2Fzb2xpbmElM0MlMkZsaSUzRSUwQSUyMCUyMCUyMCUyMCUzQ2xpJTIwY2xhc3MlM0QlMjJ0YWItY2F0ZWdvcmllJTIyJTNFJTNDYSUyMGhyZWYlM0QlMjIlMkZFVSUyRnB0LXB0JTJGZ3BsLWNuZy1maWx0ZXIlMkYlMjIlM0VGaWx0cm9zJTIwZGUlMjBHUEwlM0MlMkZhJTNFJTNDJTJGbGklM0UlMEElMjAlMjAlMjAlMjAlM0NsaSUyMGNsYXNzJTNEJTIydGFiLWNhdGVnb3JpZSUyMiUzRSUzQ2ElMjBocmVmJTNEJTIyJTJGRVUlMkZwdC1wdCUyRmNhYmluLWFpci1maWx0ZXIlMkYlMjIlM0VGaWx0cm9zJTIwZGUlMjBoYWJpdCVDMyVBMWN1bG8lM0MlMkZhJTNFJTNDJTJGbGklM0UlMEElM0MlMkZ1bCUzRQ==[\/vc_raw_html][\/vc_column][\/vc_row][vc_row gap=&#8221;20&#8243; equal_height=&#8221;yes&#8221;<\/p>\n<div class=\"h10\"><\/div>\n<p><a  class=\"more-link1\" href=\"https:\/\/sofima-aftermarket.com\/EU\/pt-pt\/petrol-filter\/\">Leia mais<\/a><\/p>\n","protected":false},"author":10,"featured_media":0,"parent":0,"menu_order":0,"comment_status":"closed","ping_status":"closed","template":"","meta":{"_acf_changed":false,"footnotes":""},"yst_prominent_words":[376,240,351,359,356,355],"class_list":["post-728","page","type-page","status-publish","hentry"],"acf":[],"_links":{"self":[{"href":"https:\/\/sofima-aftermarket.com\/EU\/pt-pt\/wp-json\/wp\/v2\/pages\/728","targetHints":{"allow":["GET"]}}],"collection":[{"href":"https:\/\/sofima-aftermarket.com\/EU\/pt-pt\/wp-json\/wp\/v2\/pages"}],"about":[{"href":"https:\/\/sofima-aftermarket.com\/EU\/pt-pt\/wp-json\/wp\/v2\/types\/page"}],"author":[{"embeddable":true,"href":"https:\/\/sofima-aftermarket.com\/EU\/pt-pt\/wp-json\/wp\/v2\/users\/10"}],"replies":[{"embeddable":true,"href":"https:\/\/sofima-aftermarket.com\/EU\/pt-pt\/wp-json\/wp\/v2\/comments?post=728"}],"version-history":[{"count":4,"href":"https:\/\/sofima-aftermarket.com\/EU\/pt-pt\/wp-json\/wp\/v2\/pages\/728\/revisions"}],"predecessor-version":[{"id":1863,"href":"https:\/\/sofima-aftermarket.com\/EU\/pt-pt\/wp-json\/wp\/v2\/pages\/728\/revisions\/1863"}],"wp:attachment":[{"href":"https:\/\/sofima-aftermarket.com\/EU\/pt-pt\/wp-json\/wp\/v2\/media?parent=728"}],"wp:term":[{"taxonomy":"yst_prominent_words","embeddable":true,"href":"https:\/\/sofima-aftermarket.com\/EU\/pt-pt\/wp-json\/wp\/v2\/yst_prominent_words?post=728"}],"curies":[{"name":"wp","href":"https:\/\/api.w.org\/{rel}","templated":true}]}}