{"id":726,"date":"2020-04-02T16:41:34","date_gmt":"2020-04-02T14:41:34","guid":{"rendered":"https:\/\/sofima-aftermarket.com\/EU\/air-filter\/"},"modified":"2020-07-07T15:51:04","modified_gmt":"2020-07-07T13:51:04","slug":"air-filter","status":"publish","type":"page","link":"https:\/\/sofima-aftermarket.com\/EU\/pt-pt\/air-filter\/","title":{"rendered":"Filtros de Ar"},"content":{"rendered":"<div class=\"wpb-content-wrapper\"><p>[vc_section el_class=&#8221;zbtabs&#8221; css=&#8221;.vc_custom_1585840050629{margin-bottom: 100px !important;}&#8221;][vc_row el_class=&#8221;zbnavtab&#8221; css=&#8221;.vc_custom_1585836409793{border-radius: 3px !important;}&#8221;][vc_column css=&#8221;.vc_custom_1585835535203{padding-top: 0px !important;padding-right: 0px !important;padding-bottom: 0px !important;padding-left: 0px !important;}&#8221;][vc_raw_html]JTNDdWwlM0UlMEElMjAlMjAlMjAlMjAlM0NsaSUyMGNsYXNzJTNEJTIydGFiLWNhdGVnb3JpZSUyMiUzRSUzQ2ElMjBocmVmJTNEJTIyJTJGRVUlMkZwdC1wdCUyRm9pbC1maWx0ZXJzJTJGJTIyJTNFRmlsdHJvcyUyMGRlJTIwJUMzJUIzbGVvJTNDJTJGYSUzRSUzQyUyRmxpJTNFJTBBJTIwJTIwJTIwJTIwJTNDbGklMjBjbGFzcyUzRCUyMnRhYi1jYXRlZ29yaWUlMjIlM0UlM0NhJTIwaHJlZiUzRCUyMiUyRkVVJTJGcHQtcHQlMkZkaWVzZWwtZmlsdGVycyUyRiUyMiUzRUZpbHRyb3MlMjBkZSUyMGRpZXNlbCUzQyUyRmElM0UlM0MlMkZsaSUzRSUwQSUyMCUyMCUyMCUyMCUzQ2xpJTIwY2xhc3MlM0QlMjJ0YWItY2F0ZWdvcmllJTIwdGFiLWFjdGl2ZSUyMiUzRUZpbHRyb3MlMjBkZSUyMGFyJTNDJTJGbGklM0UlMEElMjAlMjAlMjAlMjAlM0NsaSUyMGNsYXNzJTNEJTIydGFiLWNhdGVnb3JpZSUyMiUzRSUzQ2ElMjBocmVmJTNEJTIyJTJGRVUlMkZwdC1wdCUyRnBldHJvbC1maWx0ZXIlMkYlMjIlM0VGaWx0cm9zJTIwZGUlMjBnYXNvbGluYSUzQyUyRmElM0UlM0MlMkZsaSUzRSUwQSUyMCUyMCUyMCUyMCUzQ2xpJTIwY2xhc3MlM0QlMjJ0YWItY2F0ZWdvcmllJTIyJTNFJTNDYSUyMGhyZWYlM0QlMjIlMkZFVSUyRnB0LXB0JTJGZ3BsLWNuZy1maWx0ZXIlMkYlMjIlM0VGaWx0cm9zJTIwZGUlMjBHUEwlM0MlMkZhJTNFJTNDJTJGbGklM0UlMEElMjAlMjAlMjAlMjAlM0NsaSUyMGNsYXNzJTNEJTIydGFiLWNhdGVnb3JpZSUyMiUzRSUzQ2ElMjBocmVmJTNEJTIyJTJGRVUlMkZwdC1wdCUyRmNhYmluLWFpci1maWx0ZXIlMkYlMjIlM0VGaWx0cm9zJTIwZGUlMjBoYWJpdCVDMyVBMWN1bG8lM0MlMkZhJTNFJTNDJTJGbGklM0UlMEElM0MlMkZ1bCUzRQ==[\/vc_raw_html][\/vc_column][\/vc_row][vc_row gap=&#8221;20&#8243; equal_height=&#8221;yes&#8221; el_class=&#8221;content-tab-categorie tab1&#8243;][vc_column width=&#8221;1\/3&#8243;][vc_single_image image=&#8221;149&#8243;][\/vc_column][vc_column width=&#8221;2\/3&#8243; css=&#8221;.vc_custom_1585834811431{padding-right: 35px !important;padding-bottom: 35px !important;padding-left: 35px !important;background-color: #edeeef !important;}&#8221;]<h2 class=\"boc_heading  al_left  \"  style=\"color: #f42234;\"><span>PROTE\u00c7\u00c3O E DESEMPENHO PARA O MOTOR<\/span><\/h2>[vc_column_text]Em celulose, combinados com resinas ou com pr\u00e9-filtros em tecido n\u00e3o tecido, as meias de filtragem de ar SOFIMA<strong>\u00a0impedem a altera\u00e7\u00e3o do fluxo de combust\u00edvel no carburador<\/strong>, garantindo a pot\u00eancia e o desempenho do propulsor. S\u00e3o sistemas integrados no motor que garantem a redu\u00e7\u00e3o do n\u00edvel de ru\u00eddo e a\u00a0<strong>diminui\u00e7\u00e3o dos consumos e das emiss\u00f5es na atmosfera<\/strong>. O filtro de ar \u00e9 fundamental, pois purifica o ar que alcan\u00e7a a c\u00e2mara de combust\u00e3o, e a\u00a0<strong>SOFIMA Filter<\/strong>, nos anos 80, revolucionou o sistema de filtragem do ar introduzindo no mercado\u00a0<strong>o filtro de ar a painel<\/strong>.[\/vc_column_text][\/vc_column][\/vc_row][\/vc_section]<\/p>\n<\/div>","protected":false},"excerpt":{"rendered":"<p>[vc_section el_class=&#8221;zbtabs&#8221; css=&#8221;.vc_custom_1585840050629{margin-bottom: 100px !important;}&#8221;][vc_row el_class=&#8221;zbnavtab&#8221; css=&#8221;.vc_custom_1585836409793{border-radius: 3px !important;}&#8221;][vc_column css=&#8221;.vc_custom_1585835535203{padding-top: 0px !important;padding-right: 0px !important;padding-bottom: 0px !important;padding-left: 0px !important;}&#8221;][vc_raw_html]JTNDdWwlM0UlMEElMjAlMjAlMjAlMjAlM0NsaSUyMGNsYXNzJTNEJTIydGFiLWNhdGVnb3JpZSUyMiUzRSUzQ2ElMjBocmVmJTNEJTIyJTJGRVUlMkZwdC1wdCUyRm9pbC1maWx0ZXJzJTJGJTIyJTNFRmlsdHJvcyUyMGRlJTIwJUMzJUIzbGVvJTNDJTJGYSUzRSUzQyUyRmxpJTNFJTBBJTIwJTIwJTIwJTIwJTNDbGklMjBjbGFzcyUzRCUyMnRhYi1jYXRlZ29yaWUlMjIlM0UlM0NhJTIwaHJlZiUzRCUyMiUyRkVVJTJGcHQtcHQlMkZkaWVzZWwtZmlsdGVycyUyRiUyMiUzRUZpbHRyb3MlMjBkZSUyMGRpZXNlbCUzQyUyRmElM0UlM0MlMkZsaSUzRSUwQSUyMCUyMCUyMCUyMCUzQ2xpJTIwY2xhc3MlM0QlMjJ0YWItY2F0ZWdvcmllJTIwdGFiLWFjdGl2ZSUyMiUzRUZpbHRyb3MlMjBkZSUyMGFyJTNDJTJGbGklM0UlMEElMjAlMjAlMjAlMjAlM0NsaSUyMGNsYXNzJTNEJTIydGFiLWNhdGVnb3JpZSUyMiUzRSUzQ2ElMjBocmVmJTNEJTIyJTJGRVUlMkZwdC1wdCUyRnBldHJvbC1maWx0ZXIlMkYlMjIlM0VGaWx0cm9zJTIwZGUlMjBnYXNvbGluYSUzQyUyRmElM0UlM0MlMkZsaSUzRSUwQSUyMCUyMCUyMCUyMCUzQ2xpJTIwY2xhc3MlM0QlMjJ0YWItY2F0ZWdvcmllJTIyJTNFJTNDYSUyMGhyZWYlM0QlMjIlMkZFVSUyRnB0LXB0JTJGZ3BsLWNuZy1maWx0ZXIlMkYlMjIlM0VGaWx0cm9zJTIwZGUlMjBHUEwlM0MlMkZhJTNFJTNDJTJGbGklM0UlMEElMjAlMjAlMjAlMjAlM0NsaSUyMGNsYXNzJTNEJTIydGFiLWNhdGVnb3JpZSUyMiUzRSUzQ2ElMjBocmVmJTNEJTIyJTJGRVUlMkZwdC1wdCUyRmNhYmluLWFpci1maWx0ZXIlMkYlMjIlM0VGaWx0cm9zJTIwZGUlMjBoYWJpdCVDMyVBMWN1bG8lM0MlMkZhJTNFJTNDJTJGbGklM0UlMEElM0MlMkZ1bCUzRQ==[\/vc_raw_html][\/vc_column][\/vc_row][vc_row gap=&#8221;20&#8243; equal_height=&#8221;yes&#8221;<\/p>\n<div class=\"h10\"><\/div>\n<p><a  class=\"more-link1\" href=\"https:\/\/sofima-aftermarket.com\/EU\/pt-pt\/air-filter\/\">Leia mais<\/a><\/p>\n","protected":false},"author":10,"featured_media":0,"parent":0,"menu_order":0,"comment_status":"closed","ping_status":"closed","template":"","meta":{"_acf_changed":false,"footnotes":""},"yst_prominent_words":[374,376,240,373,351,764,375,356,76,329,372,183,911,910,909,316,656,377],"class_list":["post-726","page","type-page","status-publish","hentry"],"acf":[],"_links":{"self":[{"href":"https:\/\/sofima-aftermarket.com\/EU\/pt-pt\/wp-json\/wp\/v2\/pages\/726","targetHints":{"allow":["GET"]}}],"collection":[{"href":"https:\/\/sofima-aftermarket.com\/EU\/pt-pt\/wp-json\/wp\/v2\/pages"}],"about":[{"href":"https:\/\/sofima-aftermarket.com\/EU\/pt-pt\/wp-json\/wp\/v2\/types\/page"}],"author":[{"embeddable":true,"href":"https:\/\/sofima-aftermarket.com\/EU\/pt-pt\/wp-json\/wp\/v2\/users\/10"}],"replies":[{"embeddable":true,"href":"https:\/\/sofima-aftermarket.com\/EU\/pt-pt\/wp-json\/wp\/v2\/comments?post=726"}],"version-history":[{"count":4,"href":"https:\/\/sofima-aftermarket.com\/EU\/pt-pt\/wp-json\/wp\/v2\/pages\/726\/revisions"}],"predecessor-version":[{"id":1862,"href":"https:\/\/sofima-aftermarket.com\/EU\/pt-pt\/wp-json\/wp\/v2\/pages\/726\/revisions\/1862"}],"wp:attachment":[{"href":"https:\/\/sofima-aftermarket.com\/EU\/pt-pt\/wp-json\/wp\/v2\/media?parent=726"}],"wp:term":[{"taxonomy":"yst_prominent_words","embeddable":true,"href":"https:\/\/sofima-aftermarket.com\/EU\/pt-pt\/wp-json\/wp\/v2\/yst_prominent_words?post=726"}],"curies":[{"name":"wp","href":"https:\/\/api.w.org\/{rel}","templated":true}]}}