{"id":724,"date":"2020-04-02T16:19:05","date_gmt":"2020-04-02T14:19:05","guid":{"rendered":"https:\/\/sofima-aftermarket.com\/EU\/diesel-filters\/"},"modified":"2021-03-09T09:55:48","modified_gmt":"2021-03-09T08:55:48","slug":"diesel-filters","status":"publish","type":"page","link":"https:\/\/sofima-aftermarket.com\/EU\/pt-pt\/diesel-filters\/","title":{"rendered":"Filtros de Diesel"},"content":{"rendered":"<div class=\"wpb-content-wrapper\"><p>[vc_section el_class=&#8221;zbtabs&#8221; css=&#8221;.vc_custom_1585840107964{margin-bottom: 100px !important;}&#8221;][vc_row el_class=&#8221;zbnavtab&#8221; css=&#8221;.vc_custom_1585836409793{border-radius: 3px !important;}&#8221;][vc_column css=&#8221;.vc_custom_1585835535203{padding-top: 0px !important;padding-right: 0px !important;padding-bottom: 0px !important;padding-left: 0px !important;}&#8221;][vc_raw_html]JTNDdWwlM0UlMEElMjAlMjAlMjAlMjAlM0NsaSUyMGNsYXNzJTNEJTIydGFiLWNhdGVnb3JpZSUyMiUzRSUzQ2ElMjBocmVmJTNEJTIyJTJGRVUlMkZwdC1wdCUyRm9pbC1maWx0ZXJzJTJGJTIyJTNFRmlsdHJvcyUyMGRlJTIwJUMzJUIzbGVvJTNDJTJGYSUzRSUzQyUyRmxpJTNFJTBBJTIwJTIwJTIwJTIwJTNDbGklMjBjbGFzcyUzRCUyMnRhYi1jYXRlZ29yaWUlMjB0YWItYWN0aXZlJTIyJTNFRmlsdHJvcyUyMGRlJTIwZGllc2VsJTNDJTJGbGklM0UlMEElMjAlMjAlMjAlMjAlM0NsaSUyMGNsYXNzJTNEJTIydGFiLWNhdGVnb3JpZSUyMiUzRSUzQ2ElMjBocmVmJTNEJTIyJTJGRVUlMkZwdC1wdCUyRmFpci1maWx0ZXIlMkYlMjIlM0VGaWx0cm9zJTIwZGUlMjBhciUzQyUyRmElM0UlM0MlMkZsaSUzRSUwQSUyMCUyMCUyMCUyMCUzQ2xpJTIwY2xhc3MlM0QlMjJ0YWItY2F0ZWdvcmllJTIyJTNFJTNDYSUyMGhyZWYlM0QlMjIlMkZFVSUyRnB0LXB0JTJGcGV0cm9sLWZpbHRlciUyRiUyMiUzRUZpbHRyb3MlMjBkZSUyMGdhc29saW5hJTNDJTJGYSUzRSUzQyUyRmxpJTNFJTBBJTIwJTIwJTIwJTIwJTNDbGklMjBjbGFzcyUzRCUyMnRhYi1jYXRlZ29yaWUlMjIlM0UlM0NhJTIwaHJlZiUzRCUyMiUyRkVVJTJGcHQtcHQlMkZncGwtY25nLWZpbHRlciUyRiUyMiUzRUZpbHRyb3MlMjBkZSUyMEdQTCUzQyUyRmElM0UlM0MlMkZsaSUzRSUwQSUyMCUyMCUyMCUyMCUzQ2xpJTIwY2xhc3MlM0QlMjJ0YWItY2F0ZWdvcmllJTIyJTNFJTNDYSUyMGhyZWYlM0QlMjIlMkZFVSUyRnB0LXB0JTJGY2FiaW4tYWlyLWZpbHRlciUyRiUyMiUzRUZpbHRyb3MlMjBkZSUyMGhhYml0JUMzJUExY3VsbyUzQyUyRmElM0UlM0MlMkZsaSUzRSUwQSUzQyUyRnVsJTNF[\/vc_raw_html][\/vc_column][\/vc_row][vc_row gap=&#8221;20&#8243; equal_height=&#8221;yes&#8221; el_class=&#8221;content-tab-categorie tab1&#8243;][vc_column width=&#8221;1\/3&#8243;][vc_single_image image=&#8221;2388&#8243;][\/vc_column][vc_column width=&#8221;2\/3&#8243; css=&#8221;.vc_custom_1585834811431{padding-right: 35px !important;padding-bottom: 35px !important;padding-left: 35px !important;background-color: #edeeef !important;}&#8221;]<h2 class=\"boc_heading  al_left  \"  style=\"color: #f42234;\"><span>NA VANGUARDA DA FILTRAGEM DO DIESEL<\/span><\/h2>[vc_column_text]O filtro Diesel \u00e9 um componente fundamental para a boa conserva\u00e7\u00e3o e o desempenho de um ve\u00edculo, pois garante a prote\u00e7\u00e3o do sistema de inje\u00e7\u00e3o contra \u00e1gua, lodo e todos os outros poluentes contidos nos combust\u00edveis. Por isso as solu\u00e7\u00f5es da\u00a0<strong>SOFIMA Filter<\/strong>\u00a0s\u00e3o tecnologicamente avan\u00e7adas para satisfazer qualquer exig\u00eancia em termos de efici\u00eancia de filtragem, capacidade de reten\u00e7\u00e3o de p\u00f3s, separa\u00e7\u00e3o de \u00e1gua e pressure drop. A meia de filtragem\u00a0<strong>DFM SOFIMA Filter (Deep Filtration Media)<\/strong>\u00a0\u00e9 um sistema patenteado desenvolvido nos nossos\u00a0<strong>Innovation Centers<\/strong>, para o Equipamento Original e para o Aftermarket, para garantir a m\u00e1xima prote\u00e7\u00e3o do motor filtrando os res\u00edduos de \u00e1gua no combust\u00edvel at\u00e9 as menores part\u00edculas de 4 microns.[\/vc_column_text][\/vc_column][\/vc_row][\/vc_section]<\/p>\n<\/div>","protected":false},"excerpt":{"rendered":"<p>[vc_section el_class=&#8221;zbtabs&#8221; css=&#8221;.vc_custom_1585840107964{margin-bottom: 100px !important;}&#8221;][vc_row el_class=&#8221;zbnavtab&#8221; css=&#8221;.vc_custom_1585836409793{border-radius: 3px !important;}&#8221;][vc_column css=&#8221;.vc_custom_1585835535203{padding-top: 0px !important;padding-right: 0px !important;padding-bottom: 0px !important;padding-left: 0px !important;}&#8221;][vc_raw_html]JTNDdWwlM0UlMEElMjAlMjAlMjAlMjAlM0NsaSUyMGNsYXNzJTNEJTIydGFiLWNhdGVnb3JpZSUyMiUzRSUzQ2ElMjBocmVmJTNEJTIyJTJGRVUlMkZwdC1wdCUyRm9pbC1maWx0ZXJzJTJGJTIyJTNFRmlsdHJvcyUyMGRlJTIwJUMzJUIzbGVvJTNDJTJGYSUzRSUzQyUyRmxpJTNFJTBBJTIwJTIwJTIwJTIwJTNDbGklMjBjbGFzcyUzRCUyMnRhYi1jYXRlZ29yaWUlMjB0YWItYWN0aXZlJTIyJTNFRmlsdHJvcyUyMGRlJTIwZGllc2VsJTNDJTJGbGklM0UlMEElMjAlMjAlMjAlMjAlM0NsaSUyMGNsYXNzJTNEJTIydGFiLWNhdGVnb3JpZSUyMiUzRSUzQ2ElMjBocmVmJTNEJTIyJTJGRVUlMkZwdC1wdCUyRmFpci1maWx0ZXIlMkYlMjIlM0VGaWx0cm9zJTIwZGUlMjBhciUzQyUyRmElM0UlM0MlMkZsaSUzRSUwQSUyMCUyMCUyMCUyMCUzQ2xpJTIwY2xhc3MlM0QlMjJ0YWItY2F0ZWdvcmllJTIyJTNFJTNDYSUyMGhyZWYlM0QlMjIlMkZFVSUyRnB0LXB0JTJGcGV0cm9sLWZpbHRlciUyRiUyMiUzRUZpbHRyb3MlMjBkZSUyMGdhc29saW5hJTNDJTJGYSUzRSUzQyUyRmxpJTNFJTBBJTIwJTIwJTIwJTIwJTNDbGklMjBjbGFzcyUzRCUyMnRhYi1jYXRlZ29yaWUlMjIlM0UlM0NhJTIwaHJlZiUzRCUyMiUyRkVVJTJGcHQtcHQlMkZncGwtY25nLWZpbHRlciUyRiUyMiUzRUZpbHRyb3MlMjBkZSUyMEdQTCUzQyUyRmElM0UlM0MlMkZsaSUzRSUwQSUyMCUyMCUyMCUyMCUzQ2xpJTIwY2xhc3MlM0QlMjJ0YWItY2F0ZWdvcmllJTIyJTNFJTNDYSUyMGhyZWYlM0QlMjIlMkZFVSUyRnB0LXB0JTJGY2FiaW4tYWlyLWZpbHRlciUyRiUyMiUzRUZpbHRyb3MlMjBkZSUyMGhhYml0JUMzJUExY3VsbyUzQyUyRmElM0UlM0MlMkZsaSUzRSUwQSUzQyUyRnVsJTNF[\/vc_raw_html][\/vc_column][\/vc_row][vc_row gap=&#8221;20&#8243; equal_height=&#8221;yes&#8221;<\/p>\n<div class=\"h10\"><\/div>\n<p><a  class=\"more-link1\" href=\"https:\/\/sofima-aftermarket.com\/EU\/pt-pt\/diesel-filters\/\">Leia mais<\/a><\/p>\n","protected":false},"author":10,"featured_media":0,"parent":0,"menu_order":0,"comment_status":"closed","ping_status":"closed","template":"","meta":{"_acf_changed":false,"footnotes":""},"yst_prominent_words":[320,379,240,319,351,680,357,368,188,356,369,355,306,763,762,660,656,658,370],"class_list":["post-724","page","type-page","status-publish","hentry"],"acf":[],"_links":{"self":[{"href":"https:\/\/sofima-aftermarket.com\/EU\/pt-pt\/wp-json\/wp\/v2\/pages\/724","targetHints":{"allow":["GET"]}}],"collection":[{"href":"https:\/\/sofima-aftermarket.com\/EU\/pt-pt\/wp-json\/wp\/v2\/pages"}],"about":[{"href":"https:\/\/sofima-aftermarket.com\/EU\/pt-pt\/wp-json\/wp\/v2\/types\/page"}],"author":[{"embeddable":true,"href":"https:\/\/sofima-aftermarket.com\/EU\/pt-pt\/wp-json\/wp\/v2\/users\/10"}],"replies":[{"embeddable":true,"href":"https:\/\/sofima-aftermarket.com\/EU\/pt-pt\/wp-json\/wp\/v2\/comments?post=724"}],"version-history":[{"count":5,"href":"https:\/\/sofima-aftermarket.com\/EU\/pt-pt\/wp-json\/wp\/v2\/pages\/724\/revisions"}],"predecessor-version":[{"id":2402,"href":"https:\/\/sofima-aftermarket.com\/EU\/pt-pt\/wp-json\/wp\/v2\/pages\/724\/revisions\/2402"}],"wp:attachment":[{"href":"https:\/\/sofima-aftermarket.com\/EU\/pt-pt\/wp-json\/wp\/v2\/media?parent=724"}],"wp:term":[{"taxonomy":"yst_prominent_words","embeddable":true,"href":"https:\/\/sofima-aftermarket.com\/EU\/pt-pt\/wp-json\/wp\/v2\/yst_prominent_words?post=724"}],"curies":[{"name":"wp","href":"https:\/\/api.w.org\/{rel}","templated":true}]}}