{"id":639,"date":"2020-04-02T16:14:37","date_gmt":"2020-04-02T14:14:37","guid":{"rendered":"https:\/\/sofima-aftermarket.com\/EU\/oil-filters\/"},"modified":"2020-07-07T15:50:35","modified_gmt":"2020-07-07T13:50:35","slug":"oil-filters","status":"publish","type":"page","link":"https:\/\/sofima-aftermarket.com\/EU\/pt-pt\/oil-filters\/","title":{"rendered":"Filtros de \u00d3leo"},"content":{"rendered":"<div class=\"wpb-content-wrapper\"><p>[vc_section el_class=&#8221;zbtabs&#8221; css=&#8221;.vc_custom_1585840128593{margin-bottom: 100px !important;}&#8221;][vc_row el_class=&#8221;zbnavtab&#8221; css=&#8221;.vc_custom_1585836409793{border-radius: 3px !important;}&#8221;][vc_column css=&#8221;.vc_custom_1585835535203{padding-top: 0px !important;padding-right: 0px !important;padding-bottom: 0px !important;padding-left: 0px !important;}&#8221;][vc_raw_html]JTNDdWwlM0UlMEElMjAlMjAlMjAlMjAlM0NsaSUyMGNsYXNzJTNEJTIydGFiLWNhdGVnb3JpZSUyMHRhYi1hY3RpdmUlMjIlM0VGaWx0cm9zJTIwZGUlMjAlQzMlQjNsZW8lM0MlMkZsaSUzRSUwQSUyMCUyMCUyMCUyMCUzQ2xpJTIwY2xhc3MlM0QlMjJ0YWItY2F0ZWdvcmllJTIyJTNFJTNDYSUyMGhyZWYlM0QlMjIlMkZFVSUyRnB0LXB0JTJGZGllc2VsLWZpbHRlcnMlMkYlMjIlM0VGaWx0cm9zJTIwZGUlMjBkaWVzZWwlM0MlMkZhJTNFJTNDJTJGbGklM0UlMEElMjAlMjAlMjAlMjAlM0NsaSUyMGNsYXNzJTNEJTIydGFiLWNhdGVnb3JpZSUyMiUzRSUzQ2ElMjBocmVmJTNEJTIyJTJGRVUlMkZwdC1wdCUyRmFpci1maWx0ZXIlMkYlMjIlM0VGaWx0cm9zJTIwZGUlMjBhciUzQyUyRmElM0UlM0MlMkZsaSUzRSUwQSUyMCUyMCUyMCUyMCUzQ2xpJTIwY2xhc3MlM0QlMjJ0YWItY2F0ZWdvcmllJTIyJTNFJTNDYSUyMGhyZWYlM0QlMjIlMkZFVSUyRnB0LXB0JTJGcGV0cm9sLWZpbHRlciUyRiUyMiUzRUZpbHRyb3MlMjBkZSUyMGdhc29saW5hJTNDJTJGYSUzRSUzQyUyRmxpJTNFJTBBJTIwJTIwJTIwJTIwJTNDbGklMjBjbGFzcyUzRCUyMnRhYi1jYXRlZ29yaWUlMjIlM0UlM0NhJTIwaHJlZiUzRCUyMiUyRkVVJTJGcHQtcHQlMkZncGwtY25nLWZpbHRlciUyRiUyMiUzRUZpbHRyb3MlMjBkZSUyMEdQTCUzQyUyRmElM0UlM0MlMkZsaSUzRSUwQSUyMCUyMCUyMCUyMCUzQ2xpJTIwY2xhc3MlM0QlMjJ0YWItY2F0ZWdvcmllJTIyJTNFJTNDYSUyMGhyZWYlM0QlMjIlMkZFVSUyRnB0LXB0JTJGY2FiaW4tYWlyLWZpbHRlciUyRiUyMiUzRUZpbHRyb3MlMjBkZSUyMGhhYml0JUMzJUExY3VsbyUzQyUyRmElM0UlM0MlMkZsaSUzRSUwQSUzQyUyRnVsJTNF[\/vc_raw_html][\/vc_column][\/vc_row][vc_row gap=&#8221;20&#8243; equal_height=&#8221;yes&#8221; el_class=&#8221;content-tab-categorie tab1&#8243;][vc_column width=&#8221;1\/3&#8243;][vc_single_image image=&#8221;119&#8243;][\/vc_column][vc_column width=&#8221;2\/3&#8243; css=&#8221;.vc_custom_1585834811431{padding-right: 35px !important;padding-bottom: 35px !important;padding-left: 35px !important;background-color: #edeeef !important;}&#8221;]<h2 class=\"boc_heading  al_left  \"  style=\"color: #f42234;\"><span>OS MAIS AVAN\u00c7ADOS SISTEMAS DE FILTRAGEM<\/span><\/h2>[vc_column_text]A\u00a0<strong>UFI Filters<\/strong>\u00a0desenvolveu\u00a0<strong>novas solu\u00e7\u00f5es para a filtragem do \u00f3leo<\/strong>, compostas por\u00a0<strong>fibras sint\u00e9ticas ou de celulose e resina<\/strong>, capazes de enfrentar os novos desafios relacionados a:<\/p>\n<ul>\n<li>novos \u00f3leos \u00ablong life\u00bb<\/li>\n<li>novos aditivos para aumentar a lubricidade dos \u00f3leos<\/li>\n<li>presen\u00e7a de fuligem e biodiesel no \u00f3leo<\/li>\n<li>\u00f3leos minerais e n\u00e3o minerais e a sua degrada\u00e7\u00e3o e contamina\u00e7\u00e3o<\/li>\n<\/ul>\n<p>Os filtros de \u00f3leo dispon\u00edveis no\u00a0<strong>cat\u00e1logo Aftermarket UFI oferecem a mesma qualidade do produto desenvolvido no Equipamento Original e<\/strong>, gra\u00e7as ao\u00a0<strong>correto dimensionamento dos cartuchos<\/strong>, garantem o m\u00e1ximo n\u00edvel de efici\u00eancia de filtragem e s\u00e3o capazes de prevenir o \u00abclogging\u00bb (obstru\u00e7\u00e3o) do filtro. O respeito aos par\u00e2metros previstos pelas normativas (Euro 6) \u00e9 obtido mediante o projeto de m\u00f3dulos \u00abgreen\u00bb\u00a0<strong>para reduzir o impacto ambiental<\/strong>\u00a0e gra\u00e7as<strong>\u00a0\u00e0 integra\u00e7\u00e3o de diversas fun\u00e7\u00f5es<\/strong>\u00a0no m\u00f3dulo de \u00f3leo, para reduzir as dimens\u00f5es e o peso dos motores. Os desempenhos do motor s\u00e3o mantidos gra\u00e7as aos elevados \u00edndices de permeabilidade e compatibilidade t\u00e9rmico-qu\u00edmica dos meios de filtragem, que garantem, dessa maneira,\u00a0<strong>baixas perdas de carga e pot\u00eancia.<\/strong>[\/vc_column_text][\/vc_column][\/vc_row][\/vc_section]<\/p>\n<\/div>","protected":false},"excerpt":{"rendered":"<p>[vc_section el_class=&#8221;zbtabs&#8221; css=&#8221;.vc_custom_1585840128593{margin-bottom: 100px !important;}&#8221;][vc_row el_class=&#8221;zbnavtab&#8221; css=&#8221;.vc_custom_1585836409793{border-radius: 3px !important;}&#8221;][vc_column css=&#8221;.vc_custom_1585835535203{padding-top: 0px !important;padding-right: 0px !important;padding-bottom: 0px !important;padding-left: 0px !important;}&#8221;][vc_raw_html]JTNDdWwlM0UlMEElMjAlMjAlMjAlMjAlM0NsaSUyMGNsYXNzJTNEJTIydGFiLWNhdGVnb3JpZSUyMHRhYi1hY3RpdmUlMjIlM0VGaWx0cm9zJTIwZGUlMjAlQzMlQjNsZW8lM0MlMkZsaSUzRSUwQSUyMCUyMCUyMCUyMCUzQ2xpJTIwY2xhc3MlM0QlMjJ0YWItY2F0ZWdvcmllJTIyJTNFJTNDYSUyMGhyZWYlM0QlMjIlMkZFVSUyRnB0LXB0JTJGZGllc2VsLWZpbHRlcnMlMkYlMjIlM0VGaWx0cm9zJTIwZGUlMjBkaWVzZWwlM0MlMkZhJTNFJTNDJTJGbGklM0UlMEElMjAlMjAlMjAlMjAlM0NsaSUyMGNsYXNzJTNEJTIydGFiLWNhdGVnb3JpZSUyMiUzRSUzQ2ElMjBocmVmJTNEJTIyJTJGRVUlMkZwdC1wdCUyRmFpci1maWx0ZXIlMkYlMjIlM0VGaWx0cm9zJTIwZGUlMjBhciUzQyUyRmElM0UlM0MlMkZsaSUzRSUwQSUyMCUyMCUyMCUyMCUzQ2xpJTIwY2xhc3MlM0QlMjJ0YWItY2F0ZWdvcmllJTIyJTNFJTNDYSUyMGhyZWYlM0QlMjIlMkZFVSUyRnB0LXB0JTJGcGV0cm9sLWZpbHRlciUyRiUyMiUzRUZpbHRyb3MlMjBkZSUyMGdhc29saW5hJTNDJTJGYSUzRSUzQyUyRmxpJTNFJTBBJTIwJTIwJTIwJTIwJTNDbGklMjBjbGFzcyUzRCUyMnRhYi1jYXRlZ29yaWUlMjIlM0UlM0NhJTIwaHJlZiUzRCUyMiUyRkVVJTJGcHQtcHQlMkZncGwtY25nLWZpbHRlciUyRiUyMiUzRUZpbHRyb3MlMjBkZSUyMEdQTCUzQyUyRmElM0UlM0MlMkZsaSUzRSUwQSUyMCUyMCUyMCUyMCUzQ2xpJTIwY2xhc3MlM0QlMjJ0YWItY2F0ZWdvcmllJTIyJTNFJTNDYSUyMGhyZWYlM0QlMjIlMkZFVSUyRnB0LXB0JTJGY2FiaW4tYWlyLWZpbHRlciUyRiUyMiUzRUZpbHRyb3MlMjBkZSUyMGhhYml0JUMzJUExY3VsbyUzQyUyRmElM0UlM0MlMkZsaSUzRSUwQSUzQyUyRnVsJTNF[\/vc_raw_html][\/vc_column][\/vc_row][vc_row gap=&#8221;20&#8243; equal_height=&#8221;yes&#8221;<\/p>\n<div class=\"h10\"><\/div>\n<p><a  class=\"more-link1\" href=\"https:\/\/sofima-aftermarket.com\/EU\/pt-pt\/oil-filters\/\">Leia mais<\/a><\/p>\n","protected":false},"author":10,"featured_media":0,"parent":0,"menu_order":0,"comment_status":"closed","ping_status":"closed","template":"","meta":{"_acf_changed":false,"footnotes":""},"yst_prominent_words":[363,352,240,351,353,359,906,356,365,362,364,905,360,358,361,355,306,354,366,61],"class_list":["post-639","page","type-page","status-publish","hentry"],"acf":[],"_links":{"self":[{"href":"https:\/\/sofima-aftermarket.com\/EU\/pt-pt\/wp-json\/wp\/v2\/pages\/639","targetHints":{"allow":["GET"]}}],"collection":[{"href":"https:\/\/sofima-aftermarket.com\/EU\/pt-pt\/wp-json\/wp\/v2\/pages"}],"about":[{"href":"https:\/\/sofima-aftermarket.com\/EU\/pt-pt\/wp-json\/wp\/v2\/types\/page"}],"author":[{"embeddable":true,"href":"https:\/\/sofima-aftermarket.com\/EU\/pt-pt\/wp-json\/wp\/v2\/users\/10"}],"replies":[{"embeddable":true,"href":"https:\/\/sofima-aftermarket.com\/EU\/pt-pt\/wp-json\/wp\/v2\/comments?post=639"}],"version-history":[{"count":5,"href":"https:\/\/sofima-aftermarket.com\/EU\/pt-pt\/wp-json\/wp\/v2\/pages\/639\/revisions"}],"predecessor-version":[{"id":1860,"href":"https:\/\/sofima-aftermarket.com\/EU\/pt-pt\/wp-json\/wp\/v2\/pages\/639\/revisions\/1860"}],"wp:attachment":[{"href":"https:\/\/sofima-aftermarket.com\/EU\/pt-pt\/wp-json\/wp\/v2\/media?parent=639"}],"wp:term":[{"taxonomy":"yst_prominent_words","embeddable":true,"href":"https:\/\/sofima-aftermarket.com\/EU\/pt-pt\/wp-json\/wp\/v2\/yst_prominent_words?post=639"}],"curies":[{"name":"wp","href":"https:\/\/api.w.org\/{rel}","templated":true}]}}