{"id":656,"date":"2020-04-02T16:50:51","date_gmt":"2020-04-02T14:50:51","guid":{"rendered":"https:\/\/sofima-aftermarket.com\/EU\/cabin-air-filter\/"},"modified":"2020-07-07T15:45:10","modified_gmt":"2020-07-07T13:45:10","slug":"cabin-air-filter","status":"publish","type":"page","link":"https:\/\/sofima-aftermarket.com\/EU\/fr\/cabin-air-filter\/","title":{"rendered":"Filtres d&rsquo;Habitacle"},"content":{"rendered":"<div class=\"wpb-content-wrapper\"><p>[vc_section el_class=\u00a0\u00bbzbtabs\u00a0\u00bb css=\u00a0\u00bb.vc_custom_1585840141963{margin-bottom: 100px !important;}\u00a0\u00bb][vc_row gap=\u00a0\u00bb20&Prime; equal_height=\u00a0\u00bbyes\u00a0\u00bb el_class=\u00a0\u00bbzbnavtab\u00a0\u00bb css=\u00a0\u00bb.vc_custom_1585838898754{border-radius: 3px !important;}\u00a0\u00bb][vc_column css=\u00a0\u00bb.vc_custom_1585835535203{padding-top: 0px !important;padding-right: 0px !important;padding-bottom: 0px !important;padding-left: 0px !important;}\u00a0\u00bb][vc_raw_html]JTNDdWwlM0UlMEElMjAlMjAlMjAlMjAlM0NsaSUyMGNsYXNzJTNEJTIydGFiLWNhdGVnb3JpZSUyMiUzRSUzQ2ElMjBocmVmJTNEJTIyJTJGRVUlMkZmciUyRm9pbC1maWx0ZXJzJTJGJTIyJTNFRmlsdHJlcyUyMCVDMyVBMCUyMGh1aWxlJTNDJTJGYSUzRSUzQyUyRmxpJTNFJTBBJTIwJTIwJTIwJTIwJTNDbGklMjBjbGFzcyUzRCUyMnRhYi1jYXRlZ29yaWUlMjIlM0UlM0NhJTIwaHJlZiUzRCUyMiUyRkVVJTJGZnIlMkZkaWVzZWwtZmlsdGVycyUyRiUyMiUzRUZpbHRyZXMlMjAlQzMlQTAlMjBkaWVzZWwlM0MlMkZhJTNFJTNDJTJGbGklM0UlMEElMjAlMjAlMjAlMjAlM0NsaSUyMGNsYXNzJTNEJTIydGFiLWNhdGVnb3JpZSUyMiUzRSUzQ2ElMjBocmVmJTNEJTIyJTJGRVUlMkZmciUyRmFpci1maWx0ZXIlMkYlMjIlM0VGaWx0cmVzJTIwJUMzJUEwJTIwYWlyJTNDJTJGYSUzRSUzQyUyRmxpJTNFJTBBJTIwJTIwJTIwJTIwJTNDbGklMjBjbGFzcyUzRCUyMnRhYi1jYXRlZ29yaWUlMjIlM0UlM0NhJTIwaHJlZiUzRCUyMiUyRkVVJTJGZnIlMkZwZXRyb2wtZmlsdGVyJTJGJTIyJTNFRmlsdHJlcyUyMCVDMyVBMCUyMGVzc2VuY2UlM0MlMkZhJTNFJTNDJTJGbGklM0UlMEElMjAlMjAlMjAlMjAlM0NsaSUyMGNsYXNzJTNEJTIydGFiLWNhdGVnb3JpZSUyMiUzRSUzQ2ElMjBocmVmJTNEJTIyJTJGRVUlMkZmciUyRmdwbC1jbmctZmlsdGVyJTJGJTIyJTNFRmlsdHJlcyUyMCVDMyVBMCUyMEdQTCUzQyUyRmElM0UlM0MlMkZsaSUzRSUwQSUyMCUyMCUyMCUyMCUzQ2xpJTIwY2xhc3MlM0QlMjJ0YWItY2F0ZWdvcmllJTIwdGFiLWFjdGl2ZSUyMiUzRUZpbHRyZXMlMjBkJTI3aGFiaXRhY2xlJTNDJTJGbGklM0UlMEElM0MlMkZ1bCUzRQ==[\/vc_raw_html][\/vc_column][\/vc_row][vc_row gap=\u00a0\u00bb20&Prime; equal_height=\u00a0\u00bbyes\u00a0\u00bb el_class=\u00a0\u00bbcontent-tab-categorie tab1&Prime;][vc_column width=\u00a0\u00bb1\/3&Prime;][vc_single_image image=\u00a0\u00bb176&Prime;][\/vc_column][vc_column width=\u00a0\u00bb2\/3&Prime; css=\u00a0\u00bb.vc_custom_1585834811431{padding-right: 35px !important;padding-bottom: 35px !important;padding-left: 35px !important;background-color: #edeeef !important;}\u00a0\u00bb]<h2 class=\"boc_heading  al_left  \"  style=\"color: #f42234;\"><span>LE MEILLEUR CONFORT DE LE MEILLEUR CONFORT DE CONDUIT<\/span><\/h2>[vc_column_text]Les filtres d&rsquo;habitacle SOFIMA Filter sont \u00e9tudi\u00e9s pour les syst\u00e8mes de climatisation des v\u00e9hicules les plus modernes et garantissent le<strong>\u00a0meilleur confort de conduite<\/strong>. A l&rsquo;int\u00e9rieur de l&rsquo;habitacle il n&rsquo;y aura que de l&rsquo;air pur gr\u00e2ce aux mat\u00e9riaux en tissu non tiss\u00e9, ou \u00e0 l&rsquo;association avec des charbons actifs, qui retiennent les poussi\u00e8res, pollens, odeurs et \u00e9missions nocives.\u00a0<strong>Plus de 418 r\u00e9f\u00e9rences du catalogue qui garantissent une couverture de 98,5% du parc circulant en Europe.\u00a0<\/strong><\/p>\n<p><strong>60% des r\u00e9f\u00e9rences de la gamme SOFIMA Filter\u00a0<\/strong>comprend des\u00a0<strong>FILTRES anti-pollens<\/strong>, en mat\u00e9riel synth\u00e9tique en tissu non tiss\u00e9, qui retiennent plus de 90% des particules dont le diam\u00e8tre d\u00e9passe 2,5 \u03bcm, (impuret\u00e9s et pollens).\u00a0<strong>Les autres 40%\u00a0<\/strong>sont des filtres en\u00a0 tissu non tiss\u00e9\u00a0<strong>associ\u00e9 aux charbons actifs<\/strong>, qui emp\u00eachent m\u00eame les particules de 0,01 \u00e0 2 \u03bcm (gaz, bact\u00e9ries, spores, odeurs) d&rsquo;entrer \u00e0 l&rsquo;int\u00e9rieur de l&rsquo;habitacle en assurant un\u00a0<strong>confort optimal<\/strong>\u00a0\u00e0 l&rsquo;int\u00e9rieur de la voiture.[\/vc_column_text][\/vc_column][\/vc_row][\/vc_section]<\/p>\n<\/div>","protected":false},"excerpt":{"rendered":"<p>[vc_section el_class=\u00a0\u00bbzbtabs\u00a0\u00bb css=\u00a0\u00bb.vc_custom_1585840141963{margin-bottom: 100px !important;}\u00a0\u00bb][vc_row gap=\u00a0\u00bb20&Prime; equal_height=\u00a0\u00bbyes\u00a0\u00bb el_class=\u00a0\u00bbzbnavtab\u00a0\u00bb css=\u00a0\u00bb.vc_custom_1585838898754{border-radius: 3px !important;}\u00a0\u00bb][vc_column css=\u00a0\u00bb.vc_custom_1585835535203{padding-top: 0px !important;padding-right: 0px !important;padding-bottom: 0px !important;padding-left: 0px !important;}\u00a0\u00bb][vc_raw_html]JTNDdWwlM0UlMEElMjAlMjAlMjAlMjAlM0NsaSUyMGNsYXNzJTNEJTIydGFiLWNhdGVnb3JpZSUyMiUzRSUzQ2ElMjBocmVmJTNEJTIyJTJGRVUlMkZmciUyRm9pbC1maWx0ZXJzJTJGJTIyJTNFRmlsdHJlcyUyMCVDMyVBMCUyMGh1aWxlJTNDJTJGYSUzRSUzQyUyRmxpJTNFJTBBJTIwJTIwJTIwJTIwJTNDbGklMjBjbGFzcyUzRCUyMnRhYi1jYXRlZ29yaWUlMjIlM0UlM0NhJTIwaHJlZiUzRCUyMiUyRkVVJTJGZnIlMkZkaWVzZWwtZmlsdGVycyUyRiUyMiUzRUZpbHRyZXMlMjAlQzMlQTAlMjBkaWVzZWwlM0MlMkZhJTNFJTNDJTJGbGklM0UlMEElMjAlMjAlMjAlMjAlM0NsaSUyMGNsYXNzJTNEJTIydGFiLWNhdGVnb3JpZSUyMiUzRSUzQ2ElMjBocmVmJTNEJTIyJTJGRVUlMkZmciUyRmFpci1maWx0ZXIlMkYlMjIlM0VGaWx0cmVzJTIwJUMzJUEwJTIwYWlyJTNDJTJGYSUzRSUzQyUyRmxpJTNFJTBBJTIwJTIwJTIwJTIwJTNDbGklMjBjbGFzcyUzRCUyMnRhYi1jYXRlZ29yaWUlMjIlM0UlM0NhJTIwaHJlZiUzRCUyMiUyRkVVJTJGZnIlMkZwZXRyb2wtZmlsdGVyJTJGJTIyJTNFRmlsdHJlcyUyMCVDMyVBMCUyMGVzc2VuY2UlM0MlMkZhJTNFJTNDJTJGbGklM0UlMEElMjAlMjAlMjAlMjAlM0NsaSUyMGNsYXNzJTNEJTIydGFiLWNhdGVnb3JpZSUyMiUzRSUzQ2ElMjBocmVmJTNEJTIyJTJGRVUlMkZmciUyRmdwbC1jbmctZmlsdGVyJTJGJTIyJTNFRmlsdHJlcyUyMCVDMyVBMCUyMEdQTCUzQyUyRmElM0UlM0MlMkZsaSUzRSUwQSUyMCUyMCUyMCUyMCUzQ2xpJTIwY2xhc3MlM0QlMjJ0YWItY2F0ZWdvcmllJTIwdGFiLWFjdGl2ZSUyMiUzRUZpbHRyZXMlMjBkJTI3aGFiaXRhY2xlJTNDJTJGbGklM0UlMEElM0MlMkZ1bCUzRQ==[\/vc_raw_html][\/vc_column][\/vc_row][vc_row<\/p>\n<div class=\"h10\"><\/div>\n<p><a  class=\"more-link1\" href=\"https:\/\/sofima-aftermarket.com\/EU\/fr\/cabin-air-filter\/\">En savoir plus<\/a><\/p>\n","protected":false},"author":10,"featured_media":0,"parent":0,"menu_order":0,"comment_status":"closed","ping_status":"closed","template":"","meta":{"_acf_changed":false,"footnotes":""},"yst_prominent_words":[291,759,856,737,240,299,758,854,852,298,292,857,853,851,757,756,860,658,859,855],"class_list":["post-656","page","type-page","status-publish","hentry"],"acf":[],"_links":{"self":[{"href":"https:\/\/sofima-aftermarket.com\/EU\/fr\/wp-json\/wp\/v2\/pages\/656","targetHints":{"allow":["GET"]}}],"collection":[{"href":"https:\/\/sofima-aftermarket.com\/EU\/fr\/wp-json\/wp\/v2\/pages"}],"about":[{"href":"https:\/\/sofima-aftermarket.com\/EU\/fr\/wp-json\/wp\/v2\/types\/page"}],"author":[{"embeddable":true,"href":"https:\/\/sofima-aftermarket.com\/EU\/fr\/wp-json\/wp\/v2\/users\/10"}],"replies":[{"embeddable":true,"href":"https:\/\/sofima-aftermarket.com\/EU\/fr\/wp-json\/wp\/v2\/comments?post=656"}],"version-history":[{"count":7,"href":"https:\/\/sofima-aftermarket.com\/EU\/fr\/wp-json\/wp\/v2\/pages\/656\/revisions"}],"predecessor-version":[{"id":1843,"href":"https:\/\/sofima-aftermarket.com\/EU\/fr\/wp-json\/wp\/v2\/pages\/656\/revisions\/1843"}],"wp:attachment":[{"href":"https:\/\/sofima-aftermarket.com\/EU\/fr\/wp-json\/wp\/v2\/media?parent=656"}],"wp:term":[{"taxonomy":"yst_prominent_words","embeddable":true,"href":"https:\/\/sofima-aftermarket.com\/EU\/fr\/wp-json\/wp\/v2\/yst_prominent_words?post=656"}],"curies":[{"name":"wp","href":"https:\/\/api.w.org\/{rel}","templated":true}]}}