{"id":654,"date":"2020-04-02T16:45:33","date_gmt":"2020-04-02T14:45:33","guid":{"rendered":"https:\/\/sofima-aftermarket.com\/EU\/gpl-cng-filter\/"},"modified":"2020-07-07T15:45:31","modified_gmt":"2020-07-07T13:45:31","slug":"gpl-cng-filter","status":"publish","type":"page","link":"https:\/\/sofima-aftermarket.com\/EU\/fr\/gpl-cng-filter\/","title":{"rendered":"Filtres \u00e0 GPL"},"content":{"rendered":"<div class=\"wpb-content-wrapper\"><p>[vc_section el_class=\u00a0\u00bbzbtabs\u00a0\u00bb css=\u00a0\u00bb.vc_custom_1585840117383{margin-bottom: 100px !important;}\u00a0\u00bb][vc_row el_class=\u00a0\u00bbzbnavtab\u00a0\u00bb css=\u00a0\u00bb.vc_custom_1585836409793{border-radius: 3px !important;}\u00a0\u00bb][vc_column css=\u00a0\u00bb.vc_custom_1585835535203{padding-top: 0px !important;padding-right: 0px !important;padding-bottom: 0px !important;padding-left: 0px !important;}\u00a0\u00bb][vc_raw_html]JTNDdWwlM0UlMEElMjAlMjAlMjAlMjAlM0NsaSUyMGNsYXNzJTNEJTIydGFiLWNhdGVnb3JpZSUyMiUzRSUzQ2ElMjBocmVmJTNEJTIyJTJGRVUlMkZmciUyRm9pbC1maWx0ZXJzJTJGJTIyJTNFRmlsdHJlcyUyMCVDMyVBMCUyMGh1aWxlJTNDJTJGYSUzRSUzQyUyRmxpJTNFJTBBJTIwJTIwJTIwJTIwJTNDbGklMjBjbGFzcyUzRCUyMnRhYi1jYXRlZ29yaWUlMjIlM0UlM0NhJTIwaHJlZiUzRCUyMiUyRkVVJTJGZnIlMkZkaWVzZWwtZmlsdGVycyUyRiUyMiUzRUZpbHRyZXMlMjAlQzMlQTAlMjBkaWVzZWwlM0MlMkZhJTNFJTNDJTJGbGklM0UlMEElMjAlMjAlMjAlMjAlM0NsaSUyMGNsYXNzJTNEJTIydGFiLWNhdGVnb3JpZSUyMiUzRSUzQ2ElMjBocmVmJTNEJTIyJTJGRVUlMkZmciUyRmFpci1maWx0ZXIlMkYlMjIlM0VGaWx0cmVzJTIwJUMzJUEwJTIwYWlyJTNDJTJGYSUzRSUzQyUyRmxpJTNFJTBBJTIwJTIwJTIwJTIwJTNDbGklMjBjbGFzcyUzRCUyMnRhYi1jYXRlZ29yaWUlMjIlM0UlM0NhJTIwaHJlZiUzRCUyMiUyRkVVJTJGZnIlMkZwZXRyb2wtZmlsdGVyJTJGJTIyJTNFRmlsdHJlcyUyMCVDMyVBMCUyMGVzc2VuY2UlM0MlMkZhJTNFJTNDJTJGbGklM0UlMEElMjAlMjAlMjAlMjAlM0NsaSUyMGNsYXNzJTNEJTIydGFiLWNhdGVnb3JpZSUyMHRhYi1hY3RpdmUlMjIlM0VGaWx0cmVzJTIwJUMzJUEwJTIwR1BMJTNDJTJGbGklM0UlMEElMjAlMjAlMjAlMjAlM0NsaSUyMGNsYXNzJTNEJTIydGFiLWNhdGVnb3JpZSUyMiUzRSUzQ2ElMjBocmVmJTNEJTIyJTJGRVUlMkZmciUyRmNhYmluLWFpci1maWx0ZXIlMkYlMjIlM0VGaWx0cmVzJTIwZCUyN2hhYml0YWNsZSUzQyUyRmElM0UlM0MlMkZsaSUzRSUwQSUzQyUyRnVsJTNF[\/vc_raw_html][\/vc_column][\/vc_row][vc_row gap=\u00a0\u00bb20&Prime; equal_height=\u00a0\u00bbyes\u00a0\u00bb el_class=\u00a0\u00bbcontent-tab-categorie tab1&Prime;][vc_column width=\u00a0\u00bb1\/3&Prime;][vc_single_image image=\u00a0\u00bb166&Prime;][\/vc_column][vc_column width=\u00a0\u00bb2\/3&Prime; css=\u00a0\u00bb.vc_custom_1585834811431{padding-right: 35px !important;padding-bottom: 35px !important;padding-left: 35px !important;background-color: #edeeef !important;}\u00a0\u00bb]<h2 class=\"boc_heading  al_left  \"  style=\"color: #f42234;\"><span>LA FILTRATION POUR LES CARBURANTS \u00c9COLOGIQUES<\/span><\/h2>[vc_column_text]La\u00a0<strong>gamme Aftermarket SOFIMA\u00a0<\/strong>propose une\u00a0<strong>s\u00e9rie\u00a0<\/strong>de filtres \u00e0\u00a0<strong>GPL\u00a0<\/strong>et\u00a0<strong>m\u00e9thane<\/strong>\u00a0(CNG).<\/p>\n<p>Les carburants \u00e9cologiques permettent de circuler sans aucune limitation; ils s&rsquo;agit d&rsquo;une alternative \u00e9conomique et \u00e9cologique par rapport aux carburants conventionnels; ils garantissent le respect de l&rsquo;environnement.<\/p>\n<p>Le m\u00e9dia filtrant SOFIMA est form\u00e9 de fibres plastiques, sp\u00e9cifiquement pour ce type de carburant, il peut filtrer m\u00eame les particules les plus petites, jusqu&rsquo;\u00e0 2 microns, avec une efficacit\u00e9 sup\u00e9rieure \u00e0 98%.<\/p>\n<p>Les filtres SOFIMA sont\u00a0<strong>homologu\u00e9s selon le r\u00e8glement europ\u00e9en ECE\/ONU R67\/01 classe 2.<\/strong>[\/vc_column_text][\/vc_column][\/vc_row][\/vc_section]<\/p>\n<\/div>","protected":false},"excerpt":{"rendered":"<p>[vc_section el_class=\u00a0\u00bbzbtabs\u00a0\u00bb css=\u00a0\u00bb.vc_custom_1585840117383{margin-bottom: 100px !important;}\u00a0\u00bb][vc_row el_class=\u00a0\u00bbzbnavtab\u00a0\u00bb css=\u00a0\u00bb.vc_custom_1585836409793{border-radius: 3px !important;}\u00a0\u00bb][vc_column css=\u00a0\u00bb.vc_custom_1585835535203{padding-top: 0px !important;padding-right: 0px !important;padding-bottom: 0px !important;padding-left: 0px !important;}\u00a0\u00bb][vc_raw_html]JTNDdWwlM0UlMEElMjAlMjAlMjAlMjAlM0NsaSUyMGNsYXNzJTNEJTIydGFiLWNhdGVnb3JpZSUyMiUzRSUzQ2ElMjBocmVmJTNEJTIyJTJGRVUlMkZmciUyRm9pbC1maWx0ZXJzJTJGJTIyJTNFRmlsdHJlcyUyMCVDMyVBMCUyMGh1aWxlJTNDJTJGYSUzRSUzQyUyRmxpJTNFJTBBJTIwJTIwJTIwJTIwJTNDbGklMjBjbGFzcyUzRCUyMnRhYi1jYXRlZ29yaWUlMjIlM0UlM0NhJTIwaHJlZiUzRCUyMiUyRkVVJTJGZnIlMkZkaWVzZWwtZmlsdGVycyUyRiUyMiUzRUZpbHRyZXMlMjAlQzMlQTAlMjBkaWVzZWwlM0MlMkZhJTNFJTNDJTJGbGklM0UlMEElMjAlMjAlMjAlMjAlM0NsaSUyMGNsYXNzJTNEJTIydGFiLWNhdGVnb3JpZSUyMiUzRSUzQ2ElMjBocmVmJTNEJTIyJTJGRVUlMkZmciUyRmFpci1maWx0ZXIlMkYlMjIlM0VGaWx0cmVzJTIwJUMzJUEwJTIwYWlyJTNDJTJGYSUzRSUzQyUyRmxpJTNFJTBBJTIwJTIwJTIwJTIwJTNDbGklMjBjbGFzcyUzRCUyMnRhYi1jYXRlZ29yaWUlMjIlM0UlM0NhJTIwaHJlZiUzRCUyMiUyRkVVJTJGZnIlMkZwZXRyb2wtZmlsdGVyJTJGJTIyJTNFRmlsdHJlcyUyMCVDMyVBMCUyMGVzc2VuY2UlM0MlMkZhJTNFJTNDJTJGbGklM0UlMEElMjAlMjAlMjAlMjAlM0NsaSUyMGNsYXNzJTNEJTIydGFiLWNhdGVnb3JpZSUyMHRhYi1hY3RpdmUlMjIlM0VGaWx0cmVzJTIwJUMzJUEwJTIwR1BMJTNDJTJGbGklM0UlMEElMjAlMjAlMjAlMjAlM0NsaSUyMGNsYXNzJTNEJTIydGFiLWNhdGVnb3JpZSUyMiUzRSUzQ2ElMjBocmVmJTNEJTIyJTJGRVUlMkZmciUyRmNhYmluLWFpci1maWx0ZXIlMkYlMjIlM0VGaWx0cmVzJTIwZCUyN2hhYml0YWNsZSUzQyUyRmElM0UlM0MlMkZsaSUzRSUwQSUzQyUyRnVsJTNF[\/vc_raw_html][\/vc_column][\/vc_row][vc_row gap=\u00a0\u00bb20&Prime; equal_height=\u00a0\u00bbyes\u00a0\u00bb<\/p>\n<div class=\"h10\"><\/div>\n<p><a  class=\"more-link1\" href=\"https:\/\/sofima-aftermarket.com\/EU\/fr\/gpl-cng-filter\/\">En savoir plus<\/a><\/p>\n","protected":false},"author":10,"featured_media":0,"parent":0,"menu_order":0,"comment_status":"closed","ping_status":"closed","template":"","meta":{"_acf_changed":false,"footnotes":""},"yst_prominent_words":[279,278,240,280,241,281,755,847,848,246,277,276,247,656,271],"class_list":["post-654","page","type-page","status-publish","hentry"],"acf":[],"_links":{"self":[{"href":"https:\/\/sofima-aftermarket.com\/EU\/fr\/wp-json\/wp\/v2\/pages\/654","targetHints":{"allow":["GET"]}}],"collection":[{"href":"https:\/\/sofima-aftermarket.com\/EU\/fr\/wp-json\/wp\/v2\/pages"}],"about":[{"href":"https:\/\/sofima-aftermarket.com\/EU\/fr\/wp-json\/wp\/v2\/types\/page"}],"author":[{"embeddable":true,"href":"https:\/\/sofima-aftermarket.com\/EU\/fr\/wp-json\/wp\/v2\/users\/10"}],"replies":[{"embeddable":true,"href":"https:\/\/sofima-aftermarket.com\/EU\/fr\/wp-json\/wp\/v2\/comments?post=654"}],"version-history":[{"count":8,"href":"https:\/\/sofima-aftermarket.com\/EU\/fr\/wp-json\/wp\/v2\/pages\/654\/revisions"}],"predecessor-version":[{"id":1845,"href":"https:\/\/sofima-aftermarket.com\/EU\/fr\/wp-json\/wp\/v2\/pages\/654\/revisions\/1845"}],"wp:attachment":[{"href":"https:\/\/sofima-aftermarket.com\/EU\/fr\/wp-json\/wp\/v2\/media?parent=654"}],"wp:term":[{"taxonomy":"yst_prominent_words","embeddable":true,"href":"https:\/\/sofima-aftermarket.com\/EU\/fr\/wp-json\/wp\/v2\/yst_prominent_words?post=654"}],"curies":[{"name":"wp","href":"https:\/\/api.w.org\/{rel}","templated":true}]}}