{"id":652,"date":"2020-04-02T16:43:34","date_gmt":"2020-04-02T14:43:34","guid":{"rendered":"https:\/\/sofima-aftermarket.com\/EU\/petrol-filter\/"},"modified":"2020-07-07T15:45:53","modified_gmt":"2020-07-07T13:45:53","slug":"petrol-filter","status":"publish","type":"page","link":"https:\/\/sofima-aftermarket.com\/EU\/fr\/petrol-filter\/","title":{"rendered":"Filtres \u00e0 Essence"},"content":{"rendered":"<div class=\"wpb-content-wrapper\"><p>[vc_section el_class=\u00a0\u00bbzbtabs\u00a0\u00bb css=\u00a0\u00bb.vc_custom_1585840099928{margin-bottom: 100px !important;}\u00a0\u00bb][vc_row el_class=\u00a0\u00bbzbnavtab\u00a0\u00bb css=\u00a0\u00bb.vc_custom_1585836409793{border-radius: 3px !important;}\u00a0\u00bb][vc_column css=\u00a0\u00bb.vc_custom_1585835535203{padding-top: 0px !important;padding-right: 0px !important;padding-bottom: 0px !important;padding-left: 0px !important;}\u00a0\u00bb][vc_raw_html]JTNDdWwlM0UlMEElMjAlMjAlMjAlMjAlM0NsaSUyMGNsYXNzJTNEJTIydGFiLWNhdGVnb3JpZSUyMiUzRSUzQ2ElMjBocmVmJTNEJTIyJTJGRVUlMkZmciUyRm9pbC1maWx0ZXJzJTJGJTIyJTNFRmlsdHJlcyUyMCVDMyVBMCUyMGh1aWxlJTNDJTJGYSUzRSUzQyUyRmxpJTNFJTBBJTIwJTIwJTIwJTIwJTNDbGklMjBjbGFzcyUzRCUyMnRhYi1jYXRlZ29yaWUlMjIlM0UlM0NhJTIwaHJlZiUzRCUyMiUyRkVVJTJGZnIlMkZkaWVzZWwtZmlsdGVycyUyRiUyMiUzRUZpbHRyZXMlMjAlQzMlQTAlMjBkaWVzZWwlM0MlMkZhJTNFJTNDJTJGbGklM0UlMEElMjAlMjAlMjAlMjAlM0NsaSUyMGNsYXNzJTNEJTIydGFiLWNhdGVnb3JpZSUyMiUzRSUzQ2ElMjBocmVmJTNEJTIyJTJGRVUlMkZmciUyRmFpci1maWx0ZXIlMkYlMjIlM0VGaWx0cmVzJTIwJUMzJUEwJTIwYWlyJTNDJTJGYSUzRSUzQyUyRmxpJTNFJTBBJTIwJTIwJTIwJTIwJTNDbGklMjBjbGFzcyUzRCUyMnRhYi1jYXRlZ29yaWUlMjB0YWItYWN0aXZlJTIyJTNFRmlsdHJlcyUyMCVDMyVBMCUyMGVzc2VuY2UlM0MlMkZsaSUzRSUwQSUyMCUyMCUyMCUyMCUzQ2xpJTIwY2xhc3MlM0QlMjJ0YWItY2F0ZWdvcmllJTIyJTNFJTNDYSUyMGhyZWYlM0QlMjIlMkZFVSUyRmZyJTJGZ3BsLWNuZy1maWx0ZXIlMkYlMjIlM0VGaWx0cmVzJTIwJUMzJUEwJTIwR1BMJTNDJTJGYSUzRSUzQyUyRmxpJTNFJTBBJTIwJTIwJTIwJTIwJTNDbGklMjBjbGFzcyUzRCUyMnRhYi1jYXRlZ29yaWUlMjIlM0UlM0NhJTIwaHJlZiUzRCUyMiUyRkVVJTJGZnIlMkZjYWJpbi1haXItZmlsdGVyJTJGJTIyJTNFRmlsdHJlcyUyMGQlMjdoYWJpdGFjbGUlM0MlMkZhJTNFJTNDJTJGbGklM0UlMEElM0MlMkZ1bCUzRQ==[\/vc_raw_html][\/vc_column][\/vc_row][vc_row gap=\u00a0\u00bb20&Prime; equal_height=\u00a0\u00bbyes\u00a0\u00bb el_class=\u00a0\u00bbcontent-tab-categorie tab1&Prime;][vc_column width=\u00a0\u00bb1\/3&Prime;][vc_single_image image=\u00a0\u00bb158&Prime;][\/vc_column][vc_column width=\u00a0\u00bb2\/3&Prime; css=\u00a0\u00bb.vc_custom_1585834811431{padding-right: 35px !important;padding-bottom: 35px !important;padding-left: 35px !important;background-color: #edeeef !important;}\u00a0\u00bb]<h2 class=\"boc_heading  al_left  \"  style=\"color: #f42234;\"><span>LES SYST\u00c8MES LES PLUS AVANCES<\/span><\/h2>[vc_column_text]Les\u00a0<strong>filtres \u00e0 essence du catalogue Aftermarket SOFIMA Filter\u00a0<\/strong>permettent des\u00a0<strong>intervalles longs entre les remplacements et un niveau tr\u00e8s \u00e9lev\u00e9 de filtration\u00a0<\/strong>des particules polluantes, pour assurer une gestion optimale et la long\u00e9vit\u00e9 du v\u00e9hicule. Les filtres ont g\u00e9n\u00e9ralement un corps en acier ou aluminium et peuvent r\u00e9sister \u00e0<strong>\u00a0des pressions d&rsquo;exercice \u00e9lev\u00e9es\u00a0<\/strong>, tout en limitant le poids et les consommations. Le m\u00e9dia filtrant \u00e0 base de cellulose peut intercepter les particules mesurant jusqu&rsquo;\u00e0 5 microns, avec une efficacit\u00e9 sup\u00e9rieure \u00e0 86% conform\u00e9ment aux exigences de la norme ISO19438.[\/vc_column_text][\/vc_column][\/vc_row][\/vc_section]<\/p>\n<\/div>","protected":false},"excerpt":{"rendered":"<p>[vc_section el_class=\u00a0\u00bbzbtabs\u00a0\u00bb css=\u00a0\u00bb.vc_custom_1585840099928{margin-bottom: 100px !important;}\u00a0\u00bb][vc_row el_class=\u00a0\u00bbzbnavtab\u00a0\u00bb css=\u00a0\u00bb.vc_custom_1585836409793{border-radius: 3px !important;}\u00a0\u00bb][vc_column css=\u00a0\u00bb.vc_custom_1585835535203{padding-top: 0px !important;padding-right: 0px !important;padding-bottom: 0px !important;padding-left: 0px !important;}\u00a0\u00bb][vc_raw_html]JTNDdWwlM0UlMEElMjAlMjAlMjAlMjAlM0NsaSUyMGNsYXNzJTNEJTIydGFiLWNhdGVnb3JpZSUyMiUzRSUzQ2ElMjBocmVmJTNEJTIyJTJGRVUlMkZmciUyRm9pbC1maWx0ZXJzJTJGJTIyJTNFRmlsdHJlcyUyMCVDMyVBMCUyMGh1aWxlJTNDJTJGYSUzRSUzQyUyRmxpJTNFJTBBJTIwJTIwJTIwJTIwJTNDbGklMjBjbGFzcyUzRCUyMnRhYi1jYXRlZ29yaWUlMjIlM0UlM0NhJTIwaHJlZiUzRCUyMiUyRkVVJTJGZnIlMkZkaWVzZWwtZmlsdGVycyUyRiUyMiUzRUZpbHRyZXMlMjAlQzMlQTAlMjBkaWVzZWwlM0MlMkZhJTNFJTNDJTJGbGklM0UlMEElMjAlMjAlMjAlMjAlM0NsaSUyMGNsYXNzJTNEJTIydGFiLWNhdGVnb3JpZSUyMiUzRSUzQ2ElMjBocmVmJTNEJTIyJTJGRVUlMkZmciUyRmFpci1maWx0ZXIlMkYlMjIlM0VGaWx0cmVzJTIwJUMzJUEwJTIwYWlyJTNDJTJGYSUzRSUzQyUyRmxpJTNFJTBBJTIwJTIwJTIwJTIwJTNDbGklMjBjbGFzcyUzRCUyMnRhYi1jYXRlZ29yaWUlMjB0YWItYWN0aXZlJTIyJTNFRmlsdHJlcyUyMCVDMyVBMCUyMGVzc2VuY2UlM0MlMkZsaSUzRSUwQSUyMCUyMCUyMCUyMCUzQ2xpJTIwY2xhc3MlM0QlMjJ0YWItY2F0ZWdvcmllJTIyJTNFJTNDYSUyMGhyZWYlM0QlMjIlMkZFVSUyRmZyJTJGZ3BsLWNuZy1maWx0ZXIlMkYlMjIlM0VGaWx0cmVzJTIwJUMzJUEwJTIwR1BMJTNDJTJGYSUzRSUzQyUyRmxpJTNFJTBBJTIwJTIwJTIwJTIwJTNDbGklMjBjbGFzcyUzRCUyMnRhYi1jYXRlZ29yaWUlMjIlM0UlM0NhJTIwaHJlZiUzRCUyMiUyRkVVJTJGZnIlMkZjYWJpbi1haXItZmlsdGVyJTJGJTIyJTNFRmlsdHJlcyUyMGQlMjdoYWJpdGFjbGUlM0MlMkZhJTNFJTNDJTJGbGklM0UlMEElM0MlMkZ1bCUzRQ==[\/vc_raw_html][\/vc_column][\/vc_row][vc_row gap=\u00a0\u00bb20&Prime; equal_height=\u00a0\u00bbyes\u00a0\u00bb<\/p>\n<div class=\"h10\"><\/div>\n<p><a  class=\"more-link1\" href=\"https:\/\/sofima-aftermarket.com\/EU\/fr\/petrol-filter\/\">En savoir plus<\/a><\/p>\n","protected":false},"author":10,"featured_media":0,"parent":0,"menu_order":0,"comment_status":"closed","ping_status":"closed","template":"","meta":{"_acf_changed":false,"footnotes":""},"yst_prominent_words":[240,185,251,272,241,281,847,848,246,754,275,861,271],"class_list":["post-652","page","type-page","status-publish","hentry"],"acf":[],"_links":{"self":[{"href":"https:\/\/sofima-aftermarket.com\/EU\/fr\/wp-json\/wp\/v2\/pages\/652","targetHints":{"allow":["GET"]}}],"collection":[{"href":"https:\/\/sofima-aftermarket.com\/EU\/fr\/wp-json\/wp\/v2\/pages"}],"about":[{"href":"https:\/\/sofima-aftermarket.com\/EU\/fr\/wp-json\/wp\/v2\/types\/page"}],"author":[{"embeddable":true,"href":"https:\/\/sofima-aftermarket.com\/EU\/fr\/wp-json\/wp\/v2\/users\/10"}],"replies":[{"embeddable":true,"href":"https:\/\/sofima-aftermarket.com\/EU\/fr\/wp-json\/wp\/v2\/comments?post=652"}],"version-history":[{"count":8,"href":"https:\/\/sofima-aftermarket.com\/EU\/fr\/wp-json\/wp\/v2\/pages\/652\/revisions"}],"predecessor-version":[{"id":1847,"href":"https:\/\/sofima-aftermarket.com\/EU\/fr\/wp-json\/wp\/v2\/pages\/652\/revisions\/1847"}],"wp:attachment":[{"href":"https:\/\/sofima-aftermarket.com\/EU\/fr\/wp-json\/wp\/v2\/media?parent=652"}],"wp:term":[{"taxonomy":"yst_prominent_words","embeddable":true,"href":"https:\/\/sofima-aftermarket.com\/EU\/fr\/wp-json\/wp\/v2\/yst_prominent_words?post=652"}],"curies":[{"name":"wp","href":"https:\/\/api.w.org\/{rel}","templated":true}]}}