{"id":650,"date":"2020-04-02T16:41:34","date_gmt":"2020-04-02T14:41:34","guid":{"rendered":"https:\/\/sofima-aftermarket.com\/EU\/air-filter\/"},"modified":"2020-07-07T15:44:56","modified_gmt":"2020-07-07T13:44:56","slug":"air-filter","status":"publish","type":"page","link":"https:\/\/sofima-aftermarket.com\/EU\/fr\/air-filter\/","title":{"rendered":"Filtres \u00e0 Air"},"content":{"rendered":"<div class=\"wpb-content-wrapper\"><p>[vc_section el_class=\u00a0\u00bbzbtabs\u00a0\u00bb css=\u00a0\u00bb.vc_custom_1585840050629{margin-bottom: 100px !important;}\u00a0\u00bb][vc_row el_class=\u00a0\u00bbzbnavtab\u00a0\u00bb css=\u00a0\u00bb.vc_custom_1585836409793{border-radius: 3px !important;}\u00a0\u00bb][vc_column css=\u00a0\u00bb.vc_custom_1585835535203{padding-top: 0px !important;padding-right: 0px !important;padding-bottom: 0px !important;padding-left: 0px !important;}\u00a0\u00bb][vc_raw_html]JTNDdWwlM0UlMEElMjAlMjAlMjAlMjAlM0NsaSUyMGNsYXNzJTNEJTIydGFiLWNhdGVnb3JpZSUyMiUzRSUzQ2ElMjBocmVmJTNEJTIyJTJGRVUlMkZmciUyRm9pbC1maWx0ZXJzJTJGJTIyJTNFRmlsdHJlcyUyMCVDMyVBMCUyMGh1aWxlJTNDJTJGYSUzRSUzQyUyRmxpJTNFJTBBJTIwJTIwJTIwJTIwJTNDbGklMjBjbGFzcyUzRCUyMnRhYi1jYXRlZ29yaWUlMjIlM0UlM0NhJTIwaHJlZiUzRCUyMiUyRkVVJTJGZnIlMkZkaWVzZWwtZmlsdGVycyUyRiUyMiUzRUZpbHRyZXMlMjAlQzMlQTAlMjBkaWVzZWwlM0MlMkZhJTNFJTNDJTJGbGklM0UlMEElMjAlMjAlMjAlMjAlM0NsaSUyMGNsYXNzJTNEJTIydGFiLWNhdGVnb3JpZSUyMHRhYi1hY3RpdmUlMjIlM0VGaWx0cmVzJTIwJUMzJUEwJTIwYWlyJTNDJTJGbGklM0UlMEElMjAlMjAlMjAlMjAlM0NsaSUyMGNsYXNzJTNEJTIydGFiLWNhdGVnb3JpZSUyMiUzRSUzQ2ElMjBocmVmJTNEJTIyJTJGRVUlMkZmciUyRnBldHJvbC1maWx0ZXIlMkYlMjIlM0VGaWx0cmVzJTIwJUMzJUEwJTIwZXNzZW5jZSUzQyUyRmElM0UlM0MlMkZsaSUzRSUwQSUyMCUyMCUyMCUyMCUzQ2xpJTIwY2xhc3MlM0QlMjJ0YWItY2F0ZWdvcmllJTIyJTNFJTNDYSUyMGhyZWYlM0QlMjIlMkZFVSUyRmZyJTJGZ3BsLWNuZy1maWx0ZXIlMkYlMjIlM0VGaWx0cmVzJTIwJUMzJUEwJTIwR1BMJTNDJTJGYSUzRSUzQyUyRmxpJTNFJTBBJTIwJTIwJTIwJTIwJTNDbGklMjBjbGFzcyUzRCUyMnRhYi1jYXRlZ29yaWUlMjIlM0UlM0NhJTIwaHJlZiUzRCUyMiUyRkVVJTJGZnIlMkZjYWJpbi1haXItZmlsdGVyJTJGJTIyJTNFRmlsdHJlcyUyMGQlMjdoYWJpdGFjbGUlM0MlMkZhJTNFJTNDJTJGbGklM0UlMEElM0MlMkZ1bCUzRQ==[\/vc_raw_html][\/vc_column][\/vc_row][vc_row gap=\u00a0\u00bb20&Prime; equal_height=\u00a0\u00bbyes\u00a0\u00bb el_class=\u00a0\u00bbcontent-tab-categorie tab1&Prime;][vc_column width=\u00a0\u00bb1\/3&Prime;][vc_single_image image=\u00a0\u00bb149&Prime;][\/vc_column][vc_column width=\u00a0\u00bb2\/3&Prime; css=\u00a0\u00bb.vc_custom_1585834811431{padding-right: 35px !important;padding-bottom: 35px !important;padding-left: 35px !important;background-color: #edeeef !important;}\u00a0\u00bb]<h2 class=\"boc_heading  al_left  \"  style=\"color: #f42234;\"><span>PROTECTION ET PERFORMANCES DU MOTEUR<\/span><\/h2>[vc_column_text]Les m\u00e9dias filtrants pour les filtres \u00e0 air SOFIMA , en cellulose\u00a0 associ\u00e9e aux r\u00e9sines ou avec des pr\u00e9filtres en tissu non tiss\u00e9\u00a0<strong>pr\u00e9viennent la modification du flux du combustible dans le carburateur<\/strong>, en assurant la puissance et les performances du propulseur. Il s&rsquo;agit de syst\u00e8mes int\u00e9gr\u00e9s dans le moteur qui permettent de limiter les \u00e9missions sonores, de r\u00e9duire\u00a0<strong>\u00a0les consommations et la pollution de l&rsquo;atmosph\u00e8re.<\/strong>\u00a0Le filtre \u00e0 air est fondamental, car il purifie l&rsquo;air qui arrive dans la chambre de combustion .\u00a0<strong>Pendant les ann\u00e9es 70<\/strong>\u00a0SOFIMA Filter a r\u00e9volutionn\u00e9 le syst\u00e8me de la filtration de l&rsquo;air en lan\u00e7ant la commercialisation<strong>\u00a0du filtre \u00e0 air \u00e0 panneau.<\/strong>[\/vc_column_text][\/vc_column][\/vc_row][\/vc_section]<\/p>\n<\/div>","protected":false},"excerpt":{"rendered":"<p>[vc_section el_class=\u00a0\u00bbzbtabs\u00a0\u00bb css=\u00a0\u00bb.vc_custom_1585840050629{margin-bottom: 100px !important;}\u00a0\u00bb][vc_row el_class=\u00a0\u00bbzbnavtab\u00a0\u00bb css=\u00a0\u00bb.vc_custom_1585836409793{border-radius: 3px !important;}\u00a0\u00bb][vc_column css=\u00a0\u00bb.vc_custom_1585835535203{padding-top: 0px !important;padding-right: 0px !important;padding-bottom: 0px !important;padding-left: 0px !important;}\u00a0\u00bb][vc_raw_html]JTNDdWwlM0UlMEElMjAlMjAlMjAlMjAlM0NsaSUyMGNsYXNzJTNEJTIydGFiLWNhdGVnb3JpZSUyMiUzRSUzQ2ElMjBocmVmJTNEJTIyJTJGRVUlMkZmciUyRm9pbC1maWx0ZXJzJTJGJTIyJTNFRmlsdHJlcyUyMCVDMyVBMCUyMGh1aWxlJTNDJTJGYSUzRSUzQyUyRmxpJTNFJTBBJTIwJTIwJTIwJTIwJTNDbGklMjBjbGFzcyUzRCUyMnRhYi1jYXRlZ29yaWUlMjIlM0UlM0NhJTIwaHJlZiUzRCUyMiUyRkVVJTJGZnIlMkZkaWVzZWwtZmlsdGVycyUyRiUyMiUzRUZpbHRyZXMlMjAlQzMlQTAlMjBkaWVzZWwlM0MlMkZhJTNFJTNDJTJGbGklM0UlMEElMjAlMjAlMjAlMjAlM0NsaSUyMGNsYXNzJTNEJTIydGFiLWNhdGVnb3JpZSUyMHRhYi1hY3RpdmUlMjIlM0VGaWx0cmVzJTIwJUMzJUEwJTIwYWlyJTNDJTJGbGklM0UlMEElMjAlMjAlMjAlMjAlM0NsaSUyMGNsYXNzJTNEJTIydGFiLWNhdGVnb3JpZSUyMiUzRSUzQ2ElMjBocmVmJTNEJTIyJTJGRVUlMkZmciUyRnBldHJvbC1maWx0ZXIlMkYlMjIlM0VGaWx0cmVzJTIwJUMzJUEwJTIwZXNzZW5jZSUzQyUyRmElM0UlM0MlMkZsaSUzRSUwQSUyMCUyMCUyMCUyMCUzQ2xpJTIwY2xhc3MlM0QlMjJ0YWItY2F0ZWdvcmllJTIyJTNFJTNDYSUyMGhyZWYlM0QlMjIlMkZFVSUyRmZyJTJGZ3BsLWNuZy1maWx0ZXIlMkYlMjIlM0VGaWx0cmVzJTIwJUMzJUEwJTIwR1BMJTNDJTJGYSUzRSUzQyUyRmxpJTNFJTBBJTIwJTIwJTIwJTIwJTNDbGklMjBjbGFzcyUzRCUyMnRhYi1jYXRlZ29yaWUlMjIlM0UlM0NhJTIwaHJlZiUzRCUyMiUyRkVVJTJGZnIlMkZjYWJpbi1haXItZmlsdGVyJTJGJTIyJTNFRmlsdHJlcyUyMGQlMjdoYWJpdGFjbGUlM0MlMkZhJTNFJTNDJTJGbGklM0UlMEElM0MlMkZ1bCUzRQ==[\/vc_raw_html][\/vc_column][\/vc_row][vc_row gap=\u00a0\u00bb20&Prime; equal_height=\u00a0\u00bbyes\u00a0\u00bb<\/p>\n<div class=\"h10\"><\/div>\n<p><a  class=\"more-link1\" href=\"https:\/\/sofima-aftermarket.com\/EU\/fr\/air-filter\/\">En savoir plus<\/a><\/p>\n","protected":false},"author":10,"featured_media":0,"parent":0,"menu_order":0,"comment_status":"closed","ping_status":"closed","template":"","meta":{"_acf_changed":false,"footnotes":""},"yst_prominent_words":[269,181,263,846,240,251,272,241,274,270,268,849,847,848,246,273,752,751,850,656],"class_list":["post-650","page","type-page","status-publish","hentry"],"acf":[],"_links":{"self":[{"href":"https:\/\/sofima-aftermarket.com\/EU\/fr\/wp-json\/wp\/v2\/pages\/650","targetHints":{"allow":["GET"]}}],"collection":[{"href":"https:\/\/sofima-aftermarket.com\/EU\/fr\/wp-json\/wp\/v2\/pages"}],"about":[{"href":"https:\/\/sofima-aftermarket.com\/EU\/fr\/wp-json\/wp\/v2\/types\/page"}],"author":[{"embeddable":true,"href":"https:\/\/sofima-aftermarket.com\/EU\/fr\/wp-json\/wp\/v2\/users\/10"}],"replies":[{"embeddable":true,"href":"https:\/\/sofima-aftermarket.com\/EU\/fr\/wp-json\/wp\/v2\/comments?post=650"}],"version-history":[{"count":7,"href":"https:\/\/sofima-aftermarket.com\/EU\/fr\/wp-json\/wp\/v2\/pages\/650\/revisions"}],"predecessor-version":[{"id":1842,"href":"https:\/\/sofima-aftermarket.com\/EU\/fr\/wp-json\/wp\/v2\/pages\/650\/revisions\/1842"}],"wp:attachment":[{"href":"https:\/\/sofima-aftermarket.com\/EU\/fr\/wp-json\/wp\/v2\/media?parent=650"}],"wp:term":[{"taxonomy":"yst_prominent_words","embeddable":true,"href":"https:\/\/sofima-aftermarket.com\/EU\/fr\/wp-json\/wp\/v2\/yst_prominent_words?post=650"}],"curies":[{"name":"wp","href":"https:\/\/api.w.org\/{rel}","templated":true}]}}