{"id":648,"date":"2020-04-02T16:19:05","date_gmt":"2020-04-02T14:19:05","guid":{"rendered":"https:\/\/sofima-aftermarket.com\/EU\/diesel-filters\/"},"modified":"2021-03-09T09:55:17","modified_gmt":"2021-03-09T08:55:17","slug":"diesel-filters","status":"publish","type":"page","link":"https:\/\/sofima-aftermarket.com\/EU\/fr\/diesel-filters\/","title":{"rendered":"Filtres \u00e0 Diesel"},"content":{"rendered":"<div class=\"wpb-content-wrapper\"><p>[vc_section el_class=\u00a0\u00bbzbtabs\u00a0\u00bb css=\u00a0\u00bb.vc_custom_1585840107964{margin-bottom: 100px !important;}\u00a0\u00bb][vc_row el_class=\u00a0\u00bbzbnavtab\u00a0\u00bb css=\u00a0\u00bb.vc_custom_1585836409793{border-radius: 3px !important;}\u00a0\u00bb][vc_column css=\u00a0\u00bb.vc_custom_1585835535203{padding-top: 0px !important;padding-right: 0px !important;padding-bottom: 0px !important;padding-left: 0px !important;}\u00a0\u00bb][vc_raw_html]JTNDdWwlM0UlMEElMjAlMjAlMjAlMjAlM0NsaSUyMGNsYXNzJTNEJTIydGFiLWNhdGVnb3JpZSUyMiUzRSUzQ2ElMjBocmVmJTNEJTIyJTJGRVUlMkZmciUyRm9pbC1maWx0ZXJzJTJGJTIyJTNFRmlsdHJlcyUyMCVDMyVBMCUyMGh1aWxlJTNDJTJGYSUzRSUzQyUyRmxpJTNFJTBBJTIwJTIwJTIwJTIwJTNDbGklMjBjbGFzcyUzRCUyMnRhYi1jYXRlZ29yaWUlMjB0YWItYWN0aXZlJTIyJTNFRmlsdHJlcyUyMCVDMyVBMCUyMGRpZXNlbCUzQyUyRmxpJTNFJTBBJTIwJTIwJTIwJTIwJTNDbGklMjBjbGFzcyUzRCUyMnRhYi1jYXRlZ29yaWUlMjIlM0UlM0NhJTIwaHJlZiUzRCUyMiUyRkVVJTJGZnIlMkZhaXItZmlsdGVyJTJGJTIyJTNFRmlsdHJlcyUyMCVDMyVBMCUyMGFpciUzQyUyRmElM0UlM0MlMkZsaSUzRSUwQSUyMCUyMCUyMCUyMCUzQ2xpJTIwY2xhc3MlM0QlMjJ0YWItY2F0ZWdvcmllJTIyJTNFJTNDYSUyMGhyZWYlM0QlMjIlMkZFVSUyRmZyJTJGcGV0cm9sLWZpbHRlciUyRiUyMiUzRUZpbHRyZXMlMjAlQzMlQTAlMjBlc3NlbmNlJTNDJTJGYSUzRSUzQyUyRmxpJTNFJTBBJTIwJTIwJTIwJTIwJTNDbGklMjBjbGFzcyUzRCUyMnRhYi1jYXRlZ29yaWUlMjIlM0UlM0NhJTIwaHJlZiUzRCUyMiUyRkVVJTJGZnIlMkZncGwtY25nLWZpbHRlciUyRiUyMiUzRUZpbHRyZXMlMjAlQzMlQTAlMjBHUEwlM0MlMkZhJTNFJTNDJTJGbGklM0UlMEElMjAlMjAlMjAlMjAlM0NsaSUyMGNsYXNzJTNEJTIydGFiLWNhdGVnb3JpZSUyMiUzRSUzQ2ElMjBocmVmJTNEJTIyJTJGRVUlMkZmciUyRmNhYmluLWFpci1maWx0ZXIlMkYlMjIlM0VGaWx0cmVzJTIwZCUyN2hhYml0YWNsZSUzQyUyRmElM0UlM0MlMkZsaSUzRSUwQSUzQyUyRnVsJTNF[\/vc_raw_html][\/vc_column][\/vc_row][vc_row gap=\u00a0\u00bb20&Prime; equal_height=\u00a0\u00bbyes\u00a0\u00bb el_class=\u00a0\u00bbcontent-tab-categorie tab1&Prime;][vc_column width=\u00a0\u00bb1\/3&Prime;][vc_single_image image=\u00a0\u00bb2386&Prime;][\/vc_column][vc_column width=\u00a0\u00bb2\/3&Prime; css=\u00a0\u00bb.vc_custom_1585834811431{padding-right: 35px !important;padding-bottom: 35px !important;padding-left: 35px !important;background-color: #edeeef !important;}\u00a0\u00bb]<h2 class=\"boc_heading  al_left  \"  style=\"color: #f42234;\"><span>L&rsquo;AVANT-GARDE DE LA FILTRATION DU GAZOLE<\/span><\/h2>[vc_column_text]Le filtre \u00e0 gazole est un composant fondamental pour le bon entretien et les performances d&rsquo;un v\u00e9hicule, car il assure la protection du syst\u00e8me d&rsquo;injection contre l&rsquo;eau, les boues, et\u00a0 tous les autres polluants qui se trouvent dans les carburants. Pour toutes ces solutions\u00a0<strong>les filtres SOFIMA\u00a0<\/strong>offrent<strong>\u00a0<\/strong>une r\u00e9ponse technologique de pointe pour satisfaire chaque exigence en termes d&rsquo;efficience de filtration, de capacit\u00e9 de retenir les poussi\u00e8res, de s\u00e9paration de l&rsquo;eau et du pressure drop. Le m\u00e9dia filtrant\u00a0<strong>DFM SOFIMA Filter (Deep Filtration Media)<\/strong>\u00a0est un syst\u00e8me brevet\u00e9 par nos\u00a0<strong>Centres d&rsquo;Innovation ,<\/strong> pour la premi\u00e8re monte et pour l&rsquo;Aftermarket, pour garantir la meilleure protection du moteur en filtrant les r\u00e9sidus d&rsquo;eau dans le carburant, jusqu&rsquo;aux particules les plus petites (4 microns).[\/vc_column_text][\/vc_column][\/vc_row][\/vc_section]<\/p>\n<\/div>","protected":false},"excerpt":{"rendered":"<p>[vc_section el_class=\u00a0\u00bbzbtabs\u00a0\u00bb css=\u00a0\u00bb.vc_custom_1585840107964{margin-bottom: 100px !important;}\u00a0\u00bb][vc_row el_class=\u00a0\u00bbzbnavtab\u00a0\u00bb css=\u00a0\u00bb.vc_custom_1585836409793{border-radius: 3px !important;}\u00a0\u00bb][vc_column css=\u00a0\u00bb.vc_custom_1585835535203{padding-top: 0px !important;padding-right: 0px !important;padding-bottom: 0px !important;padding-left: 0px !important;}\u00a0\u00bb][vc_raw_html]JTNDdWwlM0UlMEElMjAlMjAlMjAlMjAlM0NsaSUyMGNsYXNzJTNEJTIydGFiLWNhdGVnb3JpZSUyMiUzRSUzQ2ElMjBocmVmJTNEJTIyJTJGRVUlMkZmciUyRm9pbC1maWx0ZXJzJTJGJTIyJTNFRmlsdHJlcyUyMCVDMyVBMCUyMGh1aWxlJTNDJTJGYSUzRSUzQyUyRmxpJTNFJTBBJTIwJTIwJTIwJTIwJTNDbGklMjBjbGFzcyUzRCUyMnRhYi1jYXRlZ29yaWUlMjB0YWItYWN0aXZlJTIyJTNFRmlsdHJlcyUyMCVDMyVBMCUyMGRpZXNlbCUzQyUyRmxpJTNFJTBBJTIwJTIwJTIwJTIwJTNDbGklMjBjbGFzcyUzRCUyMnRhYi1jYXRlZ29yaWUlMjIlM0UlM0NhJTIwaHJlZiUzRCUyMiUyRkVVJTJGZnIlMkZhaXItZmlsdGVyJTJGJTIyJTNFRmlsdHJlcyUyMCVDMyVBMCUyMGFpciUzQyUyRmElM0UlM0MlMkZsaSUzRSUwQSUyMCUyMCUyMCUyMCUzQ2xpJTIwY2xhc3MlM0QlMjJ0YWItY2F0ZWdvcmllJTIyJTNFJTNDYSUyMGhyZWYlM0QlMjIlMkZFVSUyRmZyJTJGcGV0cm9sLWZpbHRlciUyRiUyMiUzRUZpbHRyZXMlMjAlQzMlQTAlMjBlc3NlbmNlJTNDJTJGYSUzRSUzQyUyRmxpJTNFJTBBJTIwJTIwJTIwJTIwJTNDbGklMjBjbGFzcyUzRCUyMnRhYi1jYXRlZ29yaWUlMjIlM0UlM0NhJTIwaHJlZiUzRCUyMiUyRkVVJTJGZnIlMkZncGwtY25nLWZpbHRlciUyRiUyMiUzRUZpbHRyZXMlMjAlQzMlQTAlMjBHUEwlM0MlMkZhJTNFJTNDJTJGbGklM0UlMEElMjAlMjAlMjAlMjAlM0NsaSUyMGNsYXNzJTNEJTIydGFiLWNhdGVnb3JpZSUyMiUzRSUzQ2ElMjBocmVmJTNEJTIyJTJGRVUlMkZmciUyRmNhYmluLWFpci1maWx0ZXIlMkYlMjIlM0VGaWx0cmVzJTIwZCUyN2hhYml0YWNsZSUzQyUyRmElM0UlM0MlMkZsaSUzRSUwQSUzQyUyRnVsJTNF[\/vc_raw_html][\/vc_column][\/vc_row][vc_row gap=\u00a0\u00bb20&Prime; equal_height=\u00a0\u00bbyes\u00a0\u00bb<\/p>\n<div class=\"h10\"><\/div>\n<p><a  class=\"more-link1\" href=\"https:\/\/sofima-aftermarket.com\/EU\/fr\/diesel-filters\/\">En savoir plus<\/a><\/p>\n","protected":false},"author":10,"featured_media":0,"parent":0,"menu_order":0,"comment_status":"closed","ping_status":"closed","template":"","meta":{"_acf_changed":false,"footnotes":""},"yst_prominent_words":[263,240,251,272,264,241,750,253,747,261,246,247,266,748,656,749],"class_list":["post-648","page","type-page","status-publish","hentry"],"acf":[],"_links":{"self":[{"href":"https:\/\/sofima-aftermarket.com\/EU\/fr\/wp-json\/wp\/v2\/pages\/648","targetHints":{"allow":["GET"]}}],"collection":[{"href":"https:\/\/sofima-aftermarket.com\/EU\/fr\/wp-json\/wp\/v2\/pages"}],"about":[{"href":"https:\/\/sofima-aftermarket.com\/EU\/fr\/wp-json\/wp\/v2\/types\/page"}],"author":[{"embeddable":true,"href":"https:\/\/sofima-aftermarket.com\/EU\/fr\/wp-json\/wp\/v2\/users\/10"}],"replies":[{"embeddable":true,"href":"https:\/\/sofima-aftermarket.com\/EU\/fr\/wp-json\/wp\/v2\/comments?post=648"}],"version-history":[{"count":13,"href":"https:\/\/sofima-aftermarket.com\/EU\/fr\/wp-json\/wp\/v2\/pages\/648\/revisions"}],"predecessor-version":[{"id":2401,"href":"https:\/\/sofima-aftermarket.com\/EU\/fr\/wp-json\/wp\/v2\/pages\/648\/revisions\/2401"}],"wp:attachment":[{"href":"https:\/\/sofima-aftermarket.com\/EU\/fr\/wp-json\/wp\/v2\/media?parent=648"}],"wp:term":[{"taxonomy":"yst_prominent_words","embeddable":true,"href":"https:\/\/sofima-aftermarket.com\/EU\/fr\/wp-json\/wp\/v2\/yst_prominent_words?post=648"}],"curies":[{"name":"wp","href":"https:\/\/api.w.org\/{rel}","templated":true}]}}