{"id":637,"date":"2020-04-02T16:14:37","date_gmt":"2020-04-02T14:14:37","guid":{"rendered":"https:\/\/sofima-aftermarket.com\/EU\/oil-filters\/"},"modified":"2020-07-07T15:45:42","modified_gmt":"2020-07-07T13:45:42","slug":"oil-filters","status":"publish","type":"page","link":"https:\/\/sofima-aftermarket.com\/EU\/fr\/oil-filters\/","title":{"rendered":"Filtres \u00e0 Huile"},"content":{"rendered":"<div class=\"wpb-content-wrapper\"><p>[vc_section el_class=\u00a0\u00bbzbtabs\u00a0\u00bb css=\u00a0\u00bb.vc_custom_1585840128593{margin-bottom: 100px !important;}\u00a0\u00bb][vc_row el_class=\u00a0\u00bbzbnavtab\u00a0\u00bb css=\u00a0\u00bb.vc_custom_1585836409793{border-radius: 3px !important;}\u00a0\u00bb][vc_column css=\u00a0\u00bb.vc_custom_1585835535203{padding-top: 0px !important;padding-right: 0px !important;padding-bottom: 0px !important;padding-left: 0px !important;}\u00a0\u00bb][vc_raw_html]JTNDdWwlM0UlMEElMjAlMjAlMjAlMjAlM0NsaSUyMGNsYXNzJTNEJTIydGFiLWNhdGVnb3JpZSUyMHRhYi1hY3RpdmUlMjIlM0VGaWx0cmVzJTIwJUMzJUEwJTIwaHVpbGUlM0MlMkZsaSUzRSUwQSUyMCUyMCUyMCUyMCUzQ2xpJTIwY2xhc3MlM0QlMjJ0YWItY2F0ZWdvcmllJTIyJTNFJTNDYSUyMGhyZWYlM0QlMjIlMkZFVSUyRmZyJTJGZGllc2VsLWZpbHRlcnMlMkYlMjIlM0VGaWx0cmVzJTIwJUMzJUEwJTIwZGllc2VsJTNDJTJGYSUzRSUzQyUyRmxpJTNFJTBBJTIwJTIwJTIwJTIwJTNDbGklMjBjbGFzcyUzRCUyMnRhYi1jYXRlZ29yaWUlMjIlM0UlM0NhJTIwaHJlZiUzRCUyMiUyRkVVJTJGZnIlMkZhaXItZmlsdGVyJTJGJTIyJTNFRmlsdHJlcyUyMCVDMyVBMCUyMGFpciUzQyUyRmElM0UlM0MlMkZsaSUzRSUwQSUyMCUyMCUyMCUyMCUzQ2xpJTIwY2xhc3MlM0QlMjJ0YWItY2F0ZWdvcmllJTIyJTNFJTNDYSUyMGhyZWYlM0QlMjIlMkZFVSUyRmZyJTJGcGV0cm9sLWZpbHRlciUyRiUyMiUzRUZpbHRyZXMlMjAlQzMlQTAlMjBlc3NlbmNlJTNDJTJGYSUzRSUzQyUyRmxpJTNFJTBBJTIwJTIwJTIwJTIwJTNDbGklMjBjbGFzcyUzRCUyMnRhYi1jYXRlZ29yaWUlMjIlM0UlM0NhJTIwaHJlZiUzRCUyMiUyRkVVJTJGZnIlMkZncGwtY25nLWZpbHRlciUyRiUyMiUzRUZpbHRyZXMlMjAlQzMlQTAlMjBHUEwlM0MlMkZhJTNFJTNDJTJGbGklM0UlMEElMjAlMjAlMjAlMjAlM0NsaSUyMGNsYXNzJTNEJTIydGFiLWNhdGVnb3JpZSUyMiUzRSUzQ2ElMjBocmVmJTNEJTIyJTJGRVUlMkZmciUyRmNhYmluLWFpci1maWx0ZXIlMkYlMjIlM0VGaWx0cmVzJTIwZCUyN2hhYml0YWNsZSUzQyUyRmElM0UlM0MlMkZsaSUzRSUwQSUzQyUyRnVsJTNF[\/vc_raw_html][\/vc_column][\/vc_row][vc_row gap=\u00a0\u00bb20&Prime; equal_height=\u00a0\u00bbyes\u00a0\u00bb el_class=\u00a0\u00bbcontent-tab-categorie tab1&Prime;][vc_column width=\u00a0\u00bb1\/3&Prime;][vc_single_image image=\u00a0\u00bb119&Prime;][\/vc_column][vc_column width=\u00a0\u00bb2\/3&Prime; css=\u00a0\u00bb.vc_custom_1585834811431{padding-right: 35px !important;padding-bottom: 35px !important;padding-left: 35px !important;background-color: #edeeef !important;}\u00a0\u00bb]<h2 class=\"boc_heading  al_left  \"  style=\"color: #f42234;\"><span>L&rsquo;INNOVATION DANS LA FILTRATION DE L&rsquo;HUILE<\/span><\/h2>[vc_column_text]<strong>Les nouvelles solutions pour la filtration de l&rsquo;huile\u00a0<\/strong>compos\u00e9es de\u00a0<strong>fibres synth\u00e9tiques ou de cellulose et r\u00e9sine,\u00a0<\/strong>sont des innovations d\u00e9velopp\u00e9es par\u00a0<strong>SOFIMA Filter\u00a0<\/strong>pour r\u00e9pondre aux probl\u00e8mes des nouvelles huiles \u00ablong life\u00bb; des additifs pour augmenter le pouvoir lubrifiant des huiles; la pr\u00e9sence de suie et du biodiesel dans l&rsquo;huiles; des huiles min\u00e9rales et autres et de leur d\u00e9gradation et contamination; et pour \u00eatre en conformit\u00e9 avec les prescriptions s\u00e9v\u00e8res de la norme Euro6.<\/p>\n<p>Les filtres \u00e0 huile du\u00a0<strong>catalogue Aftermarket SOFIMA,\u00a0<\/strong>garantissent la plus grande efficacit\u00e9 de filtration et sont capables de pr\u00e9venir le colmatage du filtre. Le respect des prescriptions de la norme est possible gr\u00e2ce la la conception des modules \u00ab\u00a0verts\u00a0\u00bb,\u00a0<strong>qui limitent l&rsquo;impact sur l&rsquo;environnement,\u00a0 mais aussi<\/strong>\u00a0gr\u00e2ce\u00a0<strong>\u00e0 l&rsquo;int\u00e9gration de plusieurs fonctions\u00a0<\/strong>dans un m\u00eame module pour r\u00e9duire l&rsquo;encombrement et le poids des moteurs. Les performances sont maintenues gr\u00e2ce au niveau de perm\u00e9abilit\u00e9 \u00e9lev\u00e9 et \u00e0 la compatibilit\u00e9 thermo-chimique des m\u00e9dias filtrants qui garantissent<strong>\u00a0une faible perte de charge et de puissance.<\/strong>[\/vc_column_text][\/vc_column][\/vc_row][\/vc_section]<\/p>\n<\/div>","protected":false},"excerpt":{"rendered":"<p>[vc_section el_class=\u00a0\u00bbzbtabs\u00a0\u00bb css=\u00a0\u00bb.vc_custom_1585840128593{margin-bottom: 100px !important;}\u00a0\u00bb][vc_row el_class=\u00a0\u00bbzbnavtab\u00a0\u00bb css=\u00a0\u00bb.vc_custom_1585836409793{border-radius: 3px !important;}\u00a0\u00bb][vc_column css=\u00a0\u00bb.vc_custom_1585835535203{padding-top: 0px !important;padding-right: 0px !important;padding-bottom: 0px !important;padding-left: 0px !important;}\u00a0\u00bb][vc_raw_html]JTNDdWwlM0UlMEElMjAlMjAlMjAlMjAlM0NsaSUyMGNsYXNzJTNEJTIydGFiLWNhdGVnb3JpZSUyMHRhYi1hY3RpdmUlMjIlM0VGaWx0cmVzJTIwJUMzJUEwJTIwaHVpbGUlM0MlMkZsaSUzRSUwQSUyMCUyMCUyMCUyMCUzQ2xpJTIwY2xhc3MlM0QlMjJ0YWItY2F0ZWdvcmllJTIyJTNFJTNDYSUyMGhyZWYlM0QlMjIlMkZFVSUyRmZyJTJGZGllc2VsLWZpbHRlcnMlMkYlMjIlM0VGaWx0cmVzJTIwJUMzJUEwJTIwZGllc2VsJTNDJTJGYSUzRSUzQyUyRmxpJTNFJTBBJTIwJTIwJTIwJTIwJTNDbGklMjBjbGFzcyUzRCUyMnRhYi1jYXRlZ29yaWUlMjIlM0UlM0NhJTIwaHJlZiUzRCUyMiUyRkVVJTJGZnIlMkZhaXItZmlsdGVyJTJGJTIyJTNFRmlsdHJlcyUyMCVDMyVBMCUyMGFpciUzQyUyRmElM0UlM0MlMkZsaSUzRSUwQSUyMCUyMCUyMCUyMCUzQ2xpJTIwY2xhc3MlM0QlMjJ0YWItY2F0ZWdvcmllJTIyJTNFJTNDYSUyMGhyZWYlM0QlMjIlMkZFVSUyRmZyJTJGcGV0cm9sLWZpbHRlciUyRiUyMiUzRUZpbHRyZXMlMjAlQzMlQTAlMjBlc3NlbmNlJTNDJTJGYSUzRSUzQyUyRmxpJTNFJTBBJTIwJTIwJTIwJTIwJTNDbGklMjBjbGFzcyUzRCUyMnRhYi1jYXRlZ29yaWUlMjIlM0UlM0NhJTIwaHJlZiUzRCUyMiUyRkVVJTJGZnIlMkZncGwtY25nLWZpbHRlciUyRiUyMiUzRUZpbHRyZXMlMjAlQzMlQTAlMjBHUEwlM0MlMkZhJTNFJTNDJTJGbGklM0UlMEElMjAlMjAlMjAlMjAlM0NsaSUyMGNsYXNzJTNEJTIydGFiLWNhdGVnb3JpZSUyMiUzRSUzQ2ElMjBocmVmJTNEJTIyJTJGRVUlMkZmciUyRmNhYmluLWFpci1maWx0ZXIlMkYlMjIlM0VGaWx0cmVzJTIwZCUyN2hhYml0YWNsZSUzQyUyRmElM0UlM0MlMkZsaSUzRSUwQSUzQyUyRnVsJTNF[\/vc_raw_html][\/vc_column][\/vc_row][vc_row gap=\u00a0\u00bb20&Prime; equal_height=\u00a0\u00bbyes\u00a0\u00bb<\/p>\n<div class=\"h10\"><\/div>\n<p><a  class=\"more-link1\" href=\"https:\/\/sofima-aftermarket.com\/EU\/fr\/oil-filters\/\">En savoir plus<\/a><\/p>\n","protected":false},"author":10,"featured_media":0,"parent":0,"menu_order":0,"comment_status":"closed","ping_status":"closed","template":"","meta":{"_acf_changed":false,"footnotes":""},"yst_prominent_words":[263,240,242,865,745,185,243,241,244,253,744,743,847,864,863,862,866,848,246,247],"class_list":["post-637","page","type-page","status-publish","hentry"],"acf":[],"_links":{"self":[{"href":"https:\/\/sofima-aftermarket.com\/EU\/fr\/wp-json\/wp\/v2\/pages\/637","targetHints":{"allow":["GET"]}}],"collection":[{"href":"https:\/\/sofima-aftermarket.com\/EU\/fr\/wp-json\/wp\/v2\/pages"}],"about":[{"href":"https:\/\/sofima-aftermarket.com\/EU\/fr\/wp-json\/wp\/v2\/types\/page"}],"author":[{"embeddable":true,"href":"https:\/\/sofima-aftermarket.com\/EU\/fr\/wp-json\/wp\/v2\/users\/10"}],"replies":[{"embeddable":true,"href":"https:\/\/sofima-aftermarket.com\/EU\/fr\/wp-json\/wp\/v2\/comments?post=637"}],"version-history":[{"count":6,"href":"https:\/\/sofima-aftermarket.com\/EU\/fr\/wp-json\/wp\/v2\/pages\/637\/revisions"}],"predecessor-version":[{"id":1846,"href":"https:\/\/sofima-aftermarket.com\/EU\/fr\/wp-json\/wp\/v2\/pages\/637\/revisions\/1846"}],"wp:attachment":[{"href":"https:\/\/sofima-aftermarket.com\/EU\/fr\/wp-json\/wp\/v2\/media?parent=637"}],"wp:term":[{"taxonomy":"yst_prominent_words","embeddable":true,"href":"https:\/\/sofima-aftermarket.com\/EU\/fr\/wp-json\/wp\/v2\/yst_prominent_words?post=637"}],"curies":[{"name":"wp","href":"https:\/\/api.w.org\/{rel}","templated":true}]}}