{"id":690,"date":"2020-04-02T16:50:51","date_gmt":"2020-04-02T14:50:51","guid":{"rendered":"https:\/\/sofima-aftermarket.com\/EU\/cabin-air-filter\/"},"modified":"2020-07-07T15:55:23","modified_gmt":"2020-07-07T13:55:23","slug":"cabin-air-filter","status":"publish","type":"page","link":"https:\/\/sofima-aftermarket.com\/EU\/es\/cabin-air-filter\/","title":{"rendered":"Filtros para Habit\u00e1culo"},"content":{"rendered":"<div class=\"wpb-content-wrapper\"><p>[vc_section el_class=\u00bbzbtabs\u00bb css=\u00bb.vc_custom_1585840141963{margin-bottom: 100px !important;}\u00bb][vc_row gap=\u00bb20&#8243; equal_height=\u00bbyes\u00bb el_class=\u00bbzbnavtab\u00bb css=\u00bb.vc_custom_1585838898754{border-radius: 3px !important;}\u00bb][vc_column css=\u00bb.vc_custom_1585835535203{padding-top: 0px !important;padding-right: 0px !important;padding-bottom: 0px !important;padding-left: 0px !important;}\u00bb][vc_raw_html]JTNDdWwlM0UlMEElMjAlMjAlMjAlMjAlM0NsaSUyMGNsYXNzJTNEJTIydGFiLWNhdGVnb3JpZSUyMiUzRSUzQ2ElMjBocmVmJTNEJTIyJTJGRVUlMkZlcyUyRm9pbC1maWx0ZXJzJTJGJTIyJTNFRmlsdHJvcyUyMGRlJTIwYWNlaXRlJTNDJTJGYSUzRSUzQyUyRmxpJTNFJTBBJTIwJTIwJTIwJTIwJTNDbGklMjBjbGFzcyUzRCUyMnRhYi1jYXRlZ29yaWUlMjIlM0UlM0NhJTIwaHJlZiUzRCUyMiUyRkVVJTJGZXMlMkZkaWVzZWwtZmlsdGVycyUyRiUyMiUzRUZpbHRyb3MlMjBkaSVDMyVBOXNlbCUzQyUyRmElM0UlM0MlMkZsaSUzRSUwQSUyMCUyMCUyMCUyMCUzQ2xpJTIwY2xhc3MlM0QlMjJ0YWItY2F0ZWdvcmllJTIyJTNFJTNDYSUyMGhyZWYlM0QlMjIlMkZFVSUyRmVzJTJGYWlyLWZpbHRlciUyRiUyMiUzRUZpbHRyb3MlMjBkZSUyMGFpcmUlM0MlMkZhJTNFJTNDJTJGbGklM0UlMEElMjAlMjAlMjAlMjAlM0NsaSUyMGNsYXNzJTNEJTIydGFiLWNhdGVnb3JpZSUyMiUzRSUzQ2ElMjBocmVmJTNEJTIyJTJGRVUlMkZlcyUyRnBldHJvbC1maWx0ZXIlMkYlMjIlM0VHYXNvbGluYSUyMGZpbHRyb3MlM0MlMkZhJTNFJTNDJTJGbGklM0UlMEElMjAlMjAlMjAlMjAlM0NsaSUyMGNsYXNzJTNEJTIydGFiLWNhdGVnb3JpZSUyMiUzRSUzQ2ElMjBocmVmJTNEJTIyJTJGRVUlMkZlcyUyRmdwbC1jbmctZmlsdGVyJTJGJTIyJTNFRmlsdHJvcyUyMEdMUCUzQyUyRmElM0UlM0MlMkZsaSUzRSUwQSUyMCUyMCUyMCUyMCUzQ2xpJTIwY2xhc3MlM0QlMjJ0YWItY2F0ZWdvcmllJTIwdGFiLWFjdGl2ZSUyMiUzRUZpbHRyb3MlMjBoYWJpdCVDMyVBMWN1bG8lM0MlMkZsaSUzRSUwQSUzQyUyRnVsJTNF[\/vc_raw_html][\/vc_column][\/vc_row][vc_row gap=\u00bb20&#8243; equal_height=\u00bbyes\u00bb el_class=\u00bbcontent-tab-categorie tab1&#8243;][vc_column width=\u00bb1\/3&#8243;][vc_single_image image=\u00bb176&#8243;][\/vc_column][vc_column width=\u00bb2\/3&#8243; css=\u00bb.vc_custom_1585834811431{padding-right: 35px !important;padding-bottom: 35px !important;padding-left: 35px !important;background-color: #edeeef !important;}\u00bb]<h2 class=\"boc_heading  al_left  \"  style=\"color: #f42234;\"><span>M\u00c1XIMO CONFORT DE CONDUCCI\u00d3N<\/span><\/h2>[vc_column_text]Los filtros de habit\u00e1culo SOFIMA Filter, estudiados para los sistemas de climatizaci\u00f3n de los veh\u00edculos m\u00e1s modernos, garantizan el\u00a0<strong>m\u00e1ximo confort de conducci\u00f3n<\/strong>. En el interior del habit\u00e1culo solo hay aire limpio gracias a los materiales de tejido no tejido o a la combinaci\u00f3n con carb\u00f3n activo, que retiene el polvo, el polen, los olores y las emisiones nocivas.\u00a0<strong>Los m\u00e1s de 418 c\u00f3digos de nuestro cat\u00e1logo cubren el 98,5% del parque circulante de Europa. El 60% de la gama SOFIMA Filter<\/strong>\u00a0se compone de\u00a0<strong>filtros anti-polen<\/strong>, de material sint\u00e9tico de tejido no tejido, que retienen m\u00e1s del 90% de las part\u00edculas con un di\u00e1metro superior a 2,5 micras (suciedad y polen). El\u00a0<strong>40%<\/strong>\u00a0incluye los filtros fabricados con material filtrante de tejido no tejido combinado\u00a0<strong>con carb\u00f3n activo,<\/strong>\u00a0que impiden incluso que las part\u00edculas de 0,01 a 2 micras (gases, bacterias, hongos, olores) penetren en el interior del habit\u00e1culo, garantizando un\u00a0<strong>excelente confort<\/strong>.[\/vc_column_text][\/vc_column][\/vc_row][\/vc_section]<\/p>\n<\/div>","protected":false},"excerpt":{"rendered":"<p>[vc_section el_class=\u00bbzbtabs\u00bb css=\u00bb.vc_custom_1585840141963{margin-bottom: 100px !important;}\u00bb][vc_row gap=\u00bb20&#8243; equal_height=\u00bbyes\u00bb el_class=\u00bbzbnavtab\u00bb css=\u00bb.vc_custom_1585838898754{border-radius: 3px !important;}\u00bb][vc_column css=\u00bb.vc_custom_1585835535203{padding-top: 0px !important;padding-right: 0px !important;padding-bottom: 0px !important;padding-left: 0px !important;}\u00bb][vc_raw_html]JTNDdWwlM0UlMEElMjAlMjAlMjAlMjAlM0NsaSUyMGNsYXNzJTNEJTIydGFiLWNhdGVnb3JpZSUyMiUzRSUzQ2ElMjBocmVmJTNEJTIyJTJGRVUlMkZlcyUyRm9pbC1maWx0ZXJzJTJGJTIyJTNFRmlsdHJvcyUyMGRlJTIwYWNlaXRlJTNDJTJGYSUzRSUzQyUyRmxpJTNFJTBBJTIwJTIwJTIwJTIwJTNDbGklMjBjbGFzcyUzRCUyMnRhYi1jYXRlZ29yaWUlMjIlM0UlM0NhJTIwaHJlZiUzRCUyMiUyRkVVJTJGZXMlMkZkaWVzZWwtZmlsdGVycyUyRiUyMiUzRUZpbHRyb3MlMjBkaSVDMyVBOXNlbCUzQyUyRmElM0UlM0MlMkZsaSUzRSUwQSUyMCUyMCUyMCUyMCUzQ2xpJTIwY2xhc3MlM0QlMjJ0YWItY2F0ZWdvcmllJTIyJTNFJTNDYSUyMGhyZWYlM0QlMjIlMkZFVSUyRmVzJTJGYWlyLWZpbHRlciUyRiUyMiUzRUZpbHRyb3MlMjBkZSUyMGFpcmUlM0MlMkZhJTNFJTNDJTJGbGklM0UlMEElMjAlMjAlMjAlMjAlM0NsaSUyMGNsYXNzJTNEJTIydGFiLWNhdGVnb3JpZSUyMiUzRSUzQ2ElMjBocmVmJTNEJTIyJTJGRVUlMkZlcyUyRnBldHJvbC1maWx0ZXIlMkYlMjIlM0VHYXNvbGluYSUyMGZpbHRyb3MlM0MlMkZhJTNFJTNDJTJGbGklM0UlMEElMjAlMjAlMjAlMjAlM0NsaSUyMGNsYXNzJTNEJTIydGFiLWNhdGVnb3JpZSUyMiUzRSUzQ2ElMjBocmVmJTNEJTIyJTJGRVUlMkZlcyUyRmdwbC1jbmctZmlsdGVyJTJGJTIyJTNFRmlsdHJvcyUyMEdMUCUzQyUyRmElM0UlM0MlMkZsaSUzRSUwQSUyMCUyMCUyMCUyMCUzQ2xpJTIwY2xhc3MlM0QlMjJ0YWItY2F0ZWdvcmllJTIwdGFiLWFjdGl2ZSUyMiUzRUZpbHRyb3MlMjBoYWJpdCVDMyVBMWN1bG8lM0MlMkZsaSUzRSUwQSUzQyUyRnVsJTNF[\/vc_raw_html][\/vc_column][\/vc_row][vc_row<\/p>\n<div class=\"h10\"><\/div>\n<p><a  class=\"more-link1\" href=\"https:\/\/sofima-aftermarket.com\/EU\/es\/cabin-air-filter\/\">Leer m\u00e1s<\/a><\/p>\n","protected":false},"author":10,"featured_media":0,"parent":0,"menu_order":0,"comment_status":"closed","ping_status":"closed","template":"","meta":{"_acf_changed":false,"footnotes":""},"yst_prominent_words":[734,924,921,737,732,240,738,343,919,923,730,733,920,728,735,739,736,731,729,922],"class_list":["post-690","page","type-page","status-publish","hentry"],"acf":[],"_links":{"self":[{"href":"https:\/\/sofima-aftermarket.com\/EU\/es\/wp-json\/wp\/v2\/pages\/690","targetHints":{"allow":["GET"]}}],"collection":[{"href":"https:\/\/sofima-aftermarket.com\/EU\/es\/wp-json\/wp\/v2\/pages"}],"about":[{"href":"https:\/\/sofima-aftermarket.com\/EU\/es\/wp-json\/wp\/v2\/types\/page"}],"author":[{"embeddable":true,"href":"https:\/\/sofima-aftermarket.com\/EU\/es\/wp-json\/wp\/v2\/users\/10"}],"replies":[{"embeddable":true,"href":"https:\/\/sofima-aftermarket.com\/EU\/es\/wp-json\/wp\/v2\/comments?post=690"}],"version-history":[{"count":4,"href":"https:\/\/sofima-aftermarket.com\/EU\/es\/wp-json\/wp\/v2\/pages\/690\/revisions"}],"predecessor-version":[{"id":1877,"href":"https:\/\/sofima-aftermarket.com\/EU\/es\/wp-json\/wp\/v2\/pages\/690\/revisions\/1877"}],"wp:attachment":[{"href":"https:\/\/sofima-aftermarket.com\/EU\/es\/wp-json\/wp\/v2\/media?parent=690"}],"wp:term":[{"taxonomy":"yst_prominent_words","embeddable":true,"href":"https:\/\/sofima-aftermarket.com\/EU\/es\/wp-json\/wp\/v2\/yst_prominent_words?post=690"}],"curies":[{"name":"wp","href":"https:\/\/api.w.org\/{rel}","templated":true}]}}