{"id":686,"date":"2020-04-02T16:43:34","date_gmt":"2020-04-02T14:43:34","guid":{"rendered":"https:\/\/sofima-aftermarket.com\/EU\/petrol-filter\/"},"modified":"2020-12-10T01:33:31","modified_gmt":"2020-12-10T00:33:31","slug":"petrol-filter","status":"publish","type":"page","link":"https:\/\/sofima-aftermarket.com\/EU\/es\/petrol-filter\/","title":{"rendered":"Gasolina Filtros"},"content":{"rendered":"<div class=\"wpb-content-wrapper\"><p>[vc_section el_class=\u00bbzbtabs\u00bb css=\u00bb.vc_custom_1585840099928{margin-bottom: 100px !important;}\u00bb][vc_row el_class=\u00bbzbnavtab\u00bb css=\u00bb.vc_custom_1585836409793{border-radius: 3px !important;}\u00bb][vc_column css=\u00bb.vc_custom_1585835535203{padding-top: 0px !important;padding-right: 0px !important;padding-bottom: 0px !important;padding-left: 0px !important;}\u00bb][vc_raw_html]JTNDdWwlM0UlMEElMjAlMjAlMjAlMjAlM0NsaSUyMGNsYXNzJTNEJTIydGFiLWNhdGVnb3JpZSUyMiUzRSUzQ2ElMjBocmVmJTNEJTIyJTJGRVUlMkZlcyUyRm9pbC1maWx0ZXJzJTJGJTIyJTNFRmlsdHJvcyUyMGRlJTIwYWNlaXRlJTNDJTJGYSUzRSUzQyUyRmxpJTNFJTBBJTIwJTIwJTIwJTIwJTNDbGklMjBjbGFzcyUzRCUyMnRhYi1jYXRlZ29yaWUlMjIlM0UlM0NhJTIwaHJlZiUzRCUyMiUyRkVVJTJGZXMlMkZkaWVzZWwtZmlsdGVycyUyRiUyMiUzRUZpbHRyb3MlMjBkaSVDMyVBOXNlbCUzQyUyRmElM0UlM0MlMkZsaSUzRSUwQSUyMCUyMCUyMCUyMCUzQ2xpJTIwY2xhc3MlM0QlMjJ0YWItY2F0ZWdvcmllJTIyJTNFJTNDYSUyMGhyZWYlM0QlMjIlMkZFVSUyRmVzJTJGYWlyLWZpbHRlciUyRiUyMiUzRUZpbHRyb3MlMjBkZSUyMGFpcmUlM0MlMkZhJTNFJTNDJTJGbGklM0UlMEElMjAlMjAlMjAlMjAlM0NsaSUyMGNsYXNzJTNEJTIydGFiLWNhdGVnb3JpZSUyMHRhYi1hY3RpdmUlMjIlM0VHYXNvbGluYSUyMGZpbHRyb3MlM0MlMkZsaSUzRSUwQSUyMCUyMCUyMCUyMCUzQ2xpJTIwY2xhc3MlM0QlMjJ0YWItY2F0ZWdvcmllJTIyJTNFJTNDYSUyMGhyZWYlM0QlMjIlMkZFVSUyRmVzJTJGZ3BsLWNuZy1maWx0ZXIlMkYlMjIlM0VGaWx0cm9zJTIwR0xQJTNDJTJGYSUzRSUzQyUyRmxpJTNFJTBBJTIwJTIwJTIwJTIwJTNDbGklMjBjbGFzcyUzRCUyMnRhYi1jYXRlZ29yaWUlMjIlM0UlM0NhJTIwaHJlZiUzRCUyMiUyRkVVJTJGZXMlMkZjYWJpbi1haXItZmlsdGVyJTJGJTIyJTNFRmlsdHJvcyUyMGhhYml0JUMzJUExY3VsbyUzQyUyRmElM0UlM0MlMkZsaSUzRSUwQSUzQyUyRnVsJTNF[\/vc_raw_html][\/vc_column][\/vc_row][vc_row gap=\u00bb20&#8243; equal_height=\u00bbyes\u00bb el_class=\u00bbcontent-tab-categorie tab1&#8243;][vc_column width=\u00bb1\/3&#8243;][vc_single_image image=\u00bb158&#8243;][\/vc_column][vc_column width=\u00bb2\/3&#8243; css=\u00bb.vc_custom_1585834811431{padding-right: 35px !important;padding-bottom: 35px !important;padding-left: 35px !important;background-color: #edeeef !important;}\u00bb]<h2 class=\"boc_heading  al_left  \"  style=\"color: #f42234;\"><span>LOS SISTEMAS M\u00c1S AVANZADOS<\/span><\/h2>[vc_column_text]Los\u00a0<strong>filtros de gasolina del cat\u00e1logo Aftermarket SOFIMA Filter<\/strong>\u00a0garantizan\u00a0<strong>largos intervalos de sustituci\u00f3n y un alt\u00edsimo nivel de filtraci\u00f3n<\/strong>\u00a0de las part\u00edculas contaminantes para asegurar la mejor gesti\u00f3n y una larga vida \u00fatil del veh\u00edculo. Generalmente, con el cuerpo de acero o aluminio pueden soportar\u00a0<strong>altas presiones de funcionamiento<\/strong>, a la par que garantizan la reducci\u00f3n del peso y del consumo. La media filtrante a base de celulosa es capaz de retener part\u00edculas de hasta 5 micras de tama\u00f1o con una eficiencia de m\u00e1s del 86% de acuerdo con las especificaciones de la norma ISO19438.[\/vc_column_text][\/vc_column][\/vc_row][\/vc_section]<\/p>\n<\/div>","protected":false},"excerpt":{"rendered":"<p>[vc_section el_class=\u00bbzbtabs\u00bb css=\u00bb.vc_custom_1585840099928{margin-bottom: 100px !important;}\u00bb][vc_row el_class=\u00bbzbnavtab\u00bb css=\u00bb.vc_custom_1585836409793{border-radius: 3px !important;}\u00bb][vc_column css=\u00bb.vc_custom_1585835535203{padding-top: 0px !important;padding-right: 0px !important;padding-bottom: 0px !important;padding-left: 0px !important;}\u00bb][vc_raw_html]JTNDdWwlM0UlMEElMjAlMjAlMjAlMjAlM0NsaSUyMGNsYXNzJTNEJTIydGFiLWNhdGVnb3JpZSUyMiUzRSUzQ2ElMjBocmVmJTNEJTIyJTJGRVUlMkZlcyUyRm9pbC1maWx0ZXJzJTJGJTIyJTNFRmlsdHJvcyUyMGRlJTIwYWNlaXRlJTNDJTJGYSUzRSUzQyUyRmxpJTNFJTBBJTIwJTIwJTIwJTIwJTNDbGklMjBjbGFzcyUzRCUyMnRhYi1jYXRlZ29yaWUlMjIlM0UlM0NhJTIwaHJlZiUzRCUyMiUyRkVVJTJGZXMlMkZkaWVzZWwtZmlsdGVycyUyRiUyMiUzRUZpbHRyb3MlMjBkaSVDMyVBOXNlbCUzQyUyRmElM0UlM0MlMkZsaSUzRSUwQSUyMCUyMCUyMCUyMCUzQ2xpJTIwY2xhc3MlM0QlMjJ0YWItY2F0ZWdvcmllJTIyJTNFJTNDYSUyMGhyZWYlM0QlMjIlMkZFVSUyRmVzJTJGYWlyLWZpbHRlciUyRiUyMiUzRUZpbHRyb3MlMjBkZSUyMGFpcmUlM0MlMkZhJTNFJTNDJTJGbGklM0UlMEElMjAlMjAlMjAlMjAlM0NsaSUyMGNsYXNzJTNEJTIydGFiLWNhdGVnb3JpZSUyMHRhYi1hY3RpdmUlMjIlM0VHYXNvbGluYSUyMGZpbHRyb3MlM0MlMkZsaSUzRSUwQSUyMCUyMCUyMCUyMCUzQ2xpJTIwY2xhc3MlM0QlMjJ0YWItY2F0ZWdvcmllJTIyJTNFJTNDYSUyMGhyZWYlM0QlMjIlMkZFVSUyRmVzJTJGZ3BsLWNuZy1maWx0ZXIlMkYlMjIlM0VGaWx0cm9zJTIwR0xQJTNDJTJGYSUzRSUzQyUyRmxpJTNFJTBBJTIwJTIwJTIwJTIwJTNDbGklMjBjbGFzcyUzRCUyMnRhYi1jYXRlZ29yaWUlMjIlM0UlM0NhJTIwaHJlZiUzRCUyMiUyRkVVJTJGZXMlMkZjYWJpbi1haXItZmlsdGVyJTJGJTIyJTNFRmlsdHJvcyUyMGhhYml0JUMzJUExY3VsbyUzQyUyRmElM0UlM0MlMkZsaSUzRSUwQSUzQyUyRnVsJTNF[\/vc_raw_html][\/vc_column][\/vc_row][vc_row gap=\u00bb20&#8243; equal_height=\u00bbyes\u00bb<\/p>\n<div class=\"h10\"><\/div>\n<p><a  class=\"more-link1\" href=\"https:\/\/sofima-aftermarket.com\/EU\/es\/petrol-filter\/\">Leer m\u00e1s<\/a><\/p>\n","protected":false},"author":10,"featured_media":0,"parent":0,"menu_order":0,"comment_status":"closed","ping_status":"closed","template":"","meta":{"_acf_changed":false,"footnotes":""},"yst_prominent_words":[240,333,311,304,615,335],"class_list":["post-686","page","type-page","status-publish","hentry"],"acf":[],"_links":{"self":[{"href":"https:\/\/sofima-aftermarket.com\/EU\/es\/wp-json\/wp\/v2\/pages\/686","targetHints":{"allow":["GET"]}}],"collection":[{"href":"https:\/\/sofima-aftermarket.com\/EU\/es\/wp-json\/wp\/v2\/pages"}],"about":[{"href":"https:\/\/sofima-aftermarket.com\/EU\/es\/wp-json\/wp\/v2\/types\/page"}],"author":[{"embeddable":true,"href":"https:\/\/sofima-aftermarket.com\/EU\/es\/wp-json\/wp\/v2\/users\/10"}],"replies":[{"embeddable":true,"href":"https:\/\/sofima-aftermarket.com\/EU\/es\/wp-json\/wp\/v2\/comments?post=686"}],"version-history":[{"count":6,"href":"https:\/\/sofima-aftermarket.com\/EU\/es\/wp-json\/wp\/v2\/pages\/686\/revisions"}],"predecessor-version":[{"id":2049,"href":"https:\/\/sofima-aftermarket.com\/EU\/es\/wp-json\/wp\/v2\/pages\/686\/revisions\/2049"}],"wp:attachment":[{"href":"https:\/\/sofima-aftermarket.com\/EU\/es\/wp-json\/wp\/v2\/media?parent=686"}],"wp:term":[{"taxonomy":"yst_prominent_words","embeddable":true,"href":"https:\/\/sofima-aftermarket.com\/EU\/es\/wp-json\/wp\/v2\/yst_prominent_words?post=686"}],"curies":[{"name":"wp","href":"https:\/\/api.w.org\/{rel}","templated":true}]}}