{"id":682,"date":"2020-04-02T16:19:05","date_gmt":"2020-04-02T14:19:05","guid":{"rendered":"https:\/\/sofima-aftermarket.com\/EU\/diesel-filters\/"},"modified":"2021-03-09T09:54:25","modified_gmt":"2021-03-09T08:54:25","slug":"diesel-filters","status":"publish","type":"page","link":"https:\/\/sofima-aftermarket.com\/EU\/es\/diesel-filters\/","title":{"rendered":"Filtros Di\u00e9sel"},"content":{"rendered":"<div class=\"wpb-content-wrapper\"><p>[vc_section el_class=\u00bbzbtabs\u00bb css=\u00bb.vc_custom_1585840107964{margin-bottom: 100px !important;}\u00bb][vc_row el_class=\u00bbzbnavtab\u00bb css=\u00bb.vc_custom_1585836409793{border-radius: 3px !important;}\u00bb][vc_column css=\u00bb.vc_custom_1585835535203{padding-top: 0px !important;padding-right: 0px !important;padding-bottom: 0px !important;padding-left: 0px !important;}\u00bb][vc_raw_html]JTNDdWwlM0UlMEElMjAlMjAlMjAlMjAlM0NsaSUyMGNsYXNzJTNEJTIydGFiLWNhdGVnb3JpZSUyMiUzRSUzQ2ElMjBocmVmJTNEJTIyJTJGRVUlMkZlcyUyRm9pbC1maWx0ZXJzJTJGJTIyJTNFRmlsdHJvcyUyMGRlJTIwYWNlaXRlJTNDJTJGYSUzRSUzQyUyRmxpJTNFJTBBJTIwJTIwJTIwJTIwJTNDbGklMjBjbGFzcyUzRCUyMnRhYi1jYXRlZ29yaWUlMjB0YWItYWN0aXZlJTIyJTNFRmlsdHJvcyUyMGRpJUMzJUE5c2VsJTNDJTJGbGklM0UlMEElMjAlMjAlMjAlMjAlM0NsaSUyMGNsYXNzJTNEJTIydGFiLWNhdGVnb3JpZSUyMiUzRSUzQ2ElMjBocmVmJTNEJTIyJTJGRVUlMkZlcyUyRmFpci1maWx0ZXIlMkYlMjIlM0VGaWx0cm9zJTIwZGUlMjBhaXJlJTNDJTJGYSUzRSUzQyUyRmxpJTNFJTBBJTIwJTIwJTIwJTIwJTNDbGklMjBjbGFzcyUzRCUyMnRhYi1jYXRlZ29yaWUlMjIlM0UlM0NhJTIwaHJlZiUzRCUyMiUyRkVVJTJGZXMlMkZwZXRyb2wtZmlsdGVyJTJGJTIyJTNFR2Fzb2xpbmElMjBmaWx0cm9zJTNDJTJGYSUzRSUzQyUyRmxpJTNFJTBBJTIwJTIwJTIwJTIwJTNDbGklMjBjbGFzcyUzRCUyMnRhYi1jYXRlZ29yaWUlMjIlM0UlM0NhJTIwaHJlZiUzRCUyMiUyRkVVJTJGZXMlMkZncGwtY25nLWZpbHRlciUyRiUyMiUzRUZpbHRyb3MlMjBHTFAlM0MlMkZhJTNFJTNDJTJGbGklM0UlMEElMjAlMjAlMjAlMjAlM0NsaSUyMGNsYXNzJTNEJTIydGFiLWNhdGVnb3JpZSUyMiUzRSUzQ2ElMjBocmVmJTNEJTIyJTJGRVUlMkZlcyUyRmNhYmluLWFpci1maWx0ZXIlMkYlMjIlM0VGaWx0cm9zJTIwaGFiaXQlQzMlQTFjdWxvJTNDJTJGYSUzRSUzQyUyRmxpJTNFJTBBJTNDJTJGdWwlM0U=[\/vc_raw_html][\/vc_column][\/vc_row][vc_row gap=\u00bb20&#8243; equal_height=\u00bbyes\u00bb el_class=\u00bbcontent-tab-categorie tab1&#8243;][vc_column width=\u00bb1\/3&#8243;][vc_single_image image=\u00bb2390&#8243;][\/vc_column][vc_column width=\u00bb2\/3&#8243; css=\u00bb.vc_custom_1585834811431{padding-right: 35px !important;padding-bottom: 35px !important;padding-left: 35px !important;background-color: #edeeef !important;}\u00bb]<h2 class=\"boc_heading  al_left  \"  style=\"color: #f42234;\"><span>LO \u00daLTIMO EN LA FILTRACI\u00d3N DE GASOIL<\/span><\/h2>[vc_column_text]El filtro de gasoil es un componente esencial para el buen mantenimiento y el rendimiento de un veh\u00edculo, ya que garantiza la protecci\u00f3n del sistema de inyecci\u00f3n contra el agua, los lodos y todos los dem\u00e1s contaminantes contenidos en los combustibles. Por eso,\u00a0<strong>SOFIMA Filter<\/strong>\u00a0ha desarrollado soluciones tecnol\u00f3gicamente avanzadas para satisfacer todos los requisitos en t\u00e9rminos de eficacia de filtraci\u00f3n, capacidad de retenci\u00f3n de polvo, separaci\u00f3n de agua y perdida de carga. La media filtrante<strong>\u00a0DFM SOFIMA Filter (Deep Filtration Media)<\/strong>\u00a0es el sistema patentado por nuestros Innovation Centers, tanto para el Equipo Original como para el Aftermarket con el fin de garantizar la m\u00e1xima protecci\u00f3n del motor, filtrando los residuos de agua del combustible, hasta las part\u00edculas m\u00e1s peque\u00f1as de hasta 4 micras.[\/vc_column_text][\/vc_column][\/vc_row][\/vc_section]<\/p>\n<\/div>","protected":false},"excerpt":{"rendered":"<p>[vc_section el_class=\u00bbzbtabs\u00bb css=\u00bb.vc_custom_1585840107964{margin-bottom: 100px !important;}\u00bb][vc_row el_class=\u00bbzbnavtab\u00bb css=\u00bb.vc_custom_1585836409793{border-radius: 3px !important;}\u00bb][vc_column css=\u00bb.vc_custom_1585835535203{padding-top: 0px !important;padding-right: 0px !important;padding-bottom: 0px !important;padding-left: 0px !important;}\u00bb][vc_raw_html]JTNDdWwlM0UlMEElMjAlMjAlMjAlMjAlM0NsaSUyMGNsYXNzJTNEJTIydGFiLWNhdGVnb3JpZSUyMiUzRSUzQ2ElMjBocmVmJTNEJTIyJTJGRVUlMkZlcyUyRm9pbC1maWx0ZXJzJTJGJTIyJTNFRmlsdHJvcyUyMGRlJTIwYWNlaXRlJTNDJTJGYSUzRSUzQyUyRmxpJTNFJTBBJTIwJTIwJTIwJTIwJTNDbGklMjBjbGFzcyUzRCUyMnRhYi1jYXRlZ29yaWUlMjB0YWItYWN0aXZlJTIyJTNFRmlsdHJvcyUyMGRpJUMzJUE5c2VsJTNDJTJGbGklM0UlMEElMjAlMjAlMjAlMjAlM0NsaSUyMGNsYXNzJTNEJTIydGFiLWNhdGVnb3JpZSUyMiUzRSUzQ2ElMjBocmVmJTNEJTIyJTJGRVUlMkZlcyUyRmFpci1maWx0ZXIlMkYlMjIlM0VGaWx0cm9zJTIwZGUlMjBhaXJlJTNDJTJGYSUzRSUzQyUyRmxpJTNFJTBBJTIwJTIwJTIwJTIwJTNDbGklMjBjbGFzcyUzRCUyMnRhYi1jYXRlZ29yaWUlMjIlM0UlM0NhJTIwaHJlZiUzRCUyMiUyRkVVJTJGZXMlMkZwZXRyb2wtZmlsdGVyJTJGJTIyJTNFR2Fzb2xpbmElMjBmaWx0cm9zJTNDJTJGYSUzRSUzQyUyRmxpJTNFJTBBJTIwJTIwJTIwJTIwJTNDbGklMjBjbGFzcyUzRCUyMnRhYi1jYXRlZ29yaWUlMjIlM0UlM0NhJTIwaHJlZiUzRCUyMiUyRkVVJTJGZXMlMkZncGwtY25nLWZpbHRlciUyRiUyMiUzRUZpbHRyb3MlMjBHTFAlM0MlMkZhJTNFJTNDJTJGbGklM0UlMEElMjAlMjAlMjAlMjAlM0NsaSUyMGNsYXNzJTNEJTIydGFiLWNhdGVnb3JpZSUyMiUzRSUzQ2ElMjBocmVmJTNEJTIyJTJGRVUlMkZlcyUyRmNhYmluLWFpci1maWx0ZXIlMkYlMjIlM0VGaWx0cm9zJTIwaGFiaXQlQzMlQTFjdWxvJTNDJTJGYSUzRSUzQyUyRmxpJTNFJTBBJTNDJTJGdWwlM0U=[\/vc_raw_html][\/vc_column][\/vc_row][vc_row gap=\u00bb20&#8243; equal_height=\u00bbyes\u00bb<\/p>\n<div class=\"h10\"><\/div>\n<p><a  class=\"more-link1\" href=\"https:\/\/sofima-aftermarket.com\/EU\/es\/diesel-filters\/\">Leer m\u00e1s<\/a><\/p>\n","protected":false},"author":10,"featured_media":0,"parent":0,"menu_order":0,"comment_status":"closed","ping_status":"closed","template":"","meta":{"_acf_changed":false,"footnotes":""},"yst_prominent_words":[320,240,319,720,305,272,321,188,312,721,304,306,318,308,723,660,656,658,724,722],"class_list":["post-682","page","type-page","status-publish","hentry"],"acf":[],"_links":{"self":[{"href":"https:\/\/sofima-aftermarket.com\/EU\/es\/wp-json\/wp\/v2\/pages\/682","targetHints":{"allow":["GET"]}}],"collection":[{"href":"https:\/\/sofima-aftermarket.com\/EU\/es\/wp-json\/wp\/v2\/pages"}],"about":[{"href":"https:\/\/sofima-aftermarket.com\/EU\/es\/wp-json\/wp\/v2\/types\/page"}],"author":[{"embeddable":true,"href":"https:\/\/sofima-aftermarket.com\/EU\/es\/wp-json\/wp\/v2\/users\/10"}],"replies":[{"embeddable":true,"href":"https:\/\/sofima-aftermarket.com\/EU\/es\/wp-json\/wp\/v2\/comments?post=682"}],"version-history":[{"count":5,"href":"https:\/\/sofima-aftermarket.com\/EU\/es\/wp-json\/wp\/v2\/pages\/682\/revisions"}],"predecessor-version":[{"id":2399,"href":"https:\/\/sofima-aftermarket.com\/EU\/es\/wp-json\/wp\/v2\/pages\/682\/revisions\/2399"}],"wp:attachment":[{"href":"https:\/\/sofima-aftermarket.com\/EU\/es\/wp-json\/wp\/v2\/media?parent=682"}],"wp:term":[{"taxonomy":"yst_prominent_words","embeddable":true,"href":"https:\/\/sofima-aftermarket.com\/EU\/es\/wp-json\/wp\/v2\/yst_prominent_words?post=682"}],"curies":[{"name":"wp","href":"https:\/\/api.w.org\/{rel}","templated":true}]}}