{"id":643,"date":"2020-04-02T16:14:37","date_gmt":"2020-04-02T14:14:37","guid":{"rendered":"https:\/\/sofima-aftermarket.com\/EU\/oil-filters\/"},"modified":"2020-07-07T15:54:24","modified_gmt":"2020-07-07T13:54:24","slug":"oil-filters","status":"publish","type":"page","link":"https:\/\/sofima-aftermarket.com\/EU\/es\/oil-filters\/","title":{"rendered":"Filtros de Aceite"},"content":{"rendered":"<div class=\"wpb-content-wrapper\"><p>[vc_section el_class=\u00bbzbtabs\u00bb css=\u00bb.vc_custom_1585840128593{margin-bottom: 100px !important;}\u00bb][vc_row el_class=\u00bbzbnavtab\u00bb css=\u00bb.vc_custom_1585836409793{border-radius: 3px !important;}\u00bb][vc_column css=\u00bb.vc_custom_1585835535203{padding-top: 0px !important;padding-right: 0px !important;padding-bottom: 0px !important;padding-left: 0px !important;}\u00bb][vc_raw_html]JTNDdWwlM0UlMEElMjAlMjAlMjAlMjAlM0NsaSUyMGNsYXNzJTNEJTIydGFiLWNhdGVnb3JpZSUyMHRhYi1hY3RpdmUlMjIlM0VGaWx0cm9zJTIwZGUlMjBhY2VpdGUlM0MlMkZsaSUzRSUwQSUyMCUyMCUyMCUyMCUzQ2xpJTIwY2xhc3MlM0QlMjJ0YWItY2F0ZWdvcmllJTIyJTNFJTNDYSUyMGhyZWYlM0QlMjIlMkZFVSUyRmVzJTJGZGllc2VsLWZpbHRlcnMlMkYlMjIlM0VGaWx0cm9zJTIwZGklQzMlQTlzZWwlM0MlMkZhJTNFJTNDJTJGbGklM0UlMEElMjAlMjAlMjAlMjAlM0NsaSUyMGNsYXNzJTNEJTIydGFiLWNhdGVnb3JpZSUyMiUzRSUzQ2ElMjBocmVmJTNEJTIyJTJGRVUlMkZlcyUyRmFpci1maWx0ZXIlMkYlMjIlM0VGaWx0cm9zJTIwZGUlMjBhaXJlJTNDJTJGYSUzRSUzQyUyRmxpJTNFJTBBJTIwJTIwJTIwJTIwJTNDbGklMjBjbGFzcyUzRCUyMnRhYi1jYXRlZ29yaWUlMjIlM0UlM0NhJTIwaHJlZiUzRCUyMiUyRkVVJTJGZXMlMkZwZXRyb2wtZmlsdGVyJTJGJTIyJTNFR2Fzb2xpbmElMjBmaWx0cm9zJTNDJTJGYSUzRSUzQyUyRmxpJTNFJTBBJTIwJTIwJTIwJTIwJTNDbGklMjBjbGFzcyUzRCUyMnRhYi1jYXRlZ29yaWUlMjIlM0UlM0NhJTIwaHJlZiUzRCUyMiUyRkVVJTJGZXMlMkZncGwtY25nLWZpbHRlciUyRiUyMiUzRUZpbHRyb3MlMjBHTFAlM0MlMkZhJTNFJTNDJTJGbGklM0UlMEElMjAlMjAlMjAlMjAlM0NsaSUyMGNsYXNzJTNEJTIydGFiLWNhdGVnb3JpZSUyMiUzRSUzQ2ElMjBocmVmJTNEJTIyJTJGRVUlMkZlcyUyRmNhYmluLWFpci1maWx0ZXIlMkYlMjIlM0VGaWx0cm9zJTIwaGFiaXQlQzMlQTFjdWxvJTNDJTJGYSUzRSUzQyUyRmxpJTNFJTBBJTNDJTJGdWwlM0U=[\/vc_raw_html][\/vc_column][\/vc_row][vc_row gap=\u00bb20&#8243; equal_height=\u00bbyes\u00bb el_class=\u00bbcontent-tab-categorie tab1&#8243;][vc_column width=\u00bb1\/3&#8243;][vc_single_image image=\u00bb119&#8243;][\/vc_column][vc_column width=\u00bb2\/3&#8243; css=\u00bb.vc_custom_1585834811431{padding-right: 35px !important;padding-bottom: 35px !important;padding-left: 35px !important;background-color: #edeeef !important;}\u00bb]<h2 class=\"boc_heading  al_left  \"  style=\"color: #f42234;\"><span>LA INNOVACI\u00d3N EN LA FILTRACI\u00d3N DE ACEITE<\/span><\/h2>[vc_column_text]<strong>SOFIMA filter<\/strong>\u00a0ha desarrollado\u00a0<strong>nuevas soluciones para la filtraci\u00f3n del aceite<\/strong>\u00a0compuestas\u00a0<strong>por fibras sint\u00e9ticas o celulosa y resina<\/strong>\u00a0para hacer frente a los nuevos problemas causados por los nuevos aceites \u201clong-life\u201d; los aditivos para aumentar la lubricidad del aceite; la presencia de holl\u00edn y biodiesel en el aceite; los aceites minerales y no minerales y su degradaci\u00f3n y contaminaci\u00f3n; y cumplir las estrictas normas Euro6. Los filtros de aceite del\u00a0<strong>cat\u00e1logo Aftermarket SOFIMA<\/strong>, garantizan la m\u00e1xima eficacia defiltraci\u00f3ny evitan la obstrucci\u00f3n (clogging) del filtro. El cumplimiento de los objetivos estipulados por las normativas se consigue a trav\u00e9s del dise\u00f1o de m\u00f3dulos \u00abecol\u00f3gicos\u00bb,\u00a0<strong>que reducen el impacto medioambiental, pero tambi\u00e9n<\/strong>\u00a0gracias\u00a0<strong>a la integraci\u00f3n de varias funciones\u00a0<\/strong>en el m\u00f3dulo, para reducir las dimensiones y el peso de los motores. Las prestaciones se mantienen gracias a los altos \u00edndices de permeabilidad y compactibilidad t\u00e9rmica de los medios filtrantes, lo que garantiza\u00a0<strong>bajas p\u00e9rdidas de presi\u00f3n y potencia<\/strong>.[\/vc_column_text][\/vc_column][\/vc_row][\/vc_section]<\/p>\n<\/div>","protected":false},"excerpt":{"rendered":"<p>[vc_section el_class=\u00bbzbtabs\u00bb css=\u00bb.vc_custom_1585840128593{margin-bottom: 100px !important;}\u00bb][vc_row el_class=\u00bbzbnavtab\u00bb css=\u00bb.vc_custom_1585836409793{border-radius: 3px !important;}\u00bb][vc_column css=\u00bb.vc_custom_1585835535203{padding-top: 0px !important;padding-right: 0px !important;padding-bottom: 0px !important;padding-left: 0px !important;}\u00bb][vc_raw_html]JTNDdWwlM0UlMEElMjAlMjAlMjAlMjAlM0NsaSUyMGNsYXNzJTNEJTIydGFiLWNhdGVnb3JpZSUyMHRhYi1hY3RpdmUlMjIlM0VGaWx0cm9zJTIwZGUlMjBhY2VpdGUlM0MlMkZsaSUzRSUwQSUyMCUyMCUyMCUyMCUzQ2xpJTIwY2xhc3MlM0QlMjJ0YWItY2F0ZWdvcmllJTIyJTNFJTNDYSUyMGhyZWYlM0QlMjIlMkZFVSUyRmVzJTJGZGllc2VsLWZpbHRlcnMlMkYlMjIlM0VGaWx0cm9zJTIwZGklQzMlQTlzZWwlM0MlMkZhJTNFJTNDJTJGbGklM0UlMEElMjAlMjAlMjAlMjAlM0NsaSUyMGNsYXNzJTNEJTIydGFiLWNhdGVnb3JpZSUyMiUzRSUzQ2ElMjBocmVmJTNEJTIyJTJGRVUlMkZlcyUyRmFpci1maWx0ZXIlMkYlMjIlM0VGaWx0cm9zJTIwZGUlMjBhaXJlJTNDJTJGYSUzRSUzQyUyRmxpJTNFJTBBJTIwJTIwJTIwJTIwJTNDbGklMjBjbGFzcyUzRCUyMnRhYi1jYXRlZ29yaWUlMjIlM0UlM0NhJTIwaHJlZiUzRCUyMiUyRkVVJTJGZXMlMkZwZXRyb2wtZmlsdGVyJTJGJTIyJTNFR2Fzb2xpbmElMjBmaWx0cm9zJTNDJTJGYSUzRSUzQyUyRmxpJTNFJTBBJTIwJTIwJTIwJTIwJTNDbGklMjBjbGFzcyUzRCUyMnRhYi1jYXRlZ29yaWUlMjIlM0UlM0NhJTIwaHJlZiUzRCUyMiUyRkVVJTJGZXMlMkZncGwtY25nLWZpbHRlciUyRiUyMiUzRUZpbHRyb3MlMjBHTFAlM0MlMkZhJTNFJTNDJTJGbGklM0UlMEElMjAlMjAlMjAlMjAlM0NsaSUyMGNsYXNzJTNEJTIydGFiLWNhdGVnb3JpZSUyMiUzRSUzQ2ElMjBocmVmJTNEJTIyJTJGRVUlMkZlcyUyRmNhYmluLWFpci1maWx0ZXIlMkYlMjIlM0VGaWx0cm9zJTIwaGFiaXQlQzMlQTFjdWxvJTNDJTJGYSUzRSUzQyUyRmxpJTNFJTBBJTNDJTJGdWwlM0U=[\/vc_raw_html][\/vc_column][\/vc_row][vc_row gap=\u00bb20&#8243; equal_height=\u00bbyes\u00bb<\/p>\n<div class=\"h10\"><\/div>\n<p><a  class=\"more-link1\" href=\"https:\/\/sofima-aftermarket.com\/EU\/es\/oil-filters\/\">Leer m\u00e1s<\/a><\/p>\n","protected":false},"author":10,"featured_media":0,"parent":0,"menu_order":0,"comment_status":"closed","ping_status":"closed","template":"","meta":{"_acf_changed":false,"footnotes":""},"yst_prominent_words":[81,79,82,307,300,886,916,305,272,301,915,311,719,302,85,86,306,308,80,84],"class_list":["post-643","page","type-page","status-publish","hentry"],"acf":[],"_links":{"self":[{"href":"https:\/\/sofima-aftermarket.com\/EU\/es\/wp-json\/wp\/v2\/pages\/643","targetHints":{"allow":["GET"]}}],"collection":[{"href":"https:\/\/sofima-aftermarket.com\/EU\/es\/wp-json\/wp\/v2\/pages"}],"about":[{"href":"https:\/\/sofima-aftermarket.com\/EU\/es\/wp-json\/wp\/v2\/types\/page"}],"author":[{"embeddable":true,"href":"https:\/\/sofima-aftermarket.com\/EU\/es\/wp-json\/wp\/v2\/users\/10"}],"replies":[{"embeddable":true,"href":"https:\/\/sofima-aftermarket.com\/EU\/es\/wp-json\/wp\/v2\/comments?post=643"}],"version-history":[{"count":5,"href":"https:\/\/sofima-aftermarket.com\/EU\/es\/wp-json\/wp\/v2\/pages\/643\/revisions"}],"predecessor-version":[{"id":1872,"href":"https:\/\/sofima-aftermarket.com\/EU\/es\/wp-json\/wp\/v2\/pages\/643\/revisions\/1872"}],"wp:attachment":[{"href":"https:\/\/sofima-aftermarket.com\/EU\/es\/wp-json\/wp\/v2\/media?parent=643"}],"wp:term":[{"taxonomy":"yst_prominent_words","embeddable":true,"href":"https:\/\/sofima-aftermarket.com\/EU\/es\/wp-json\/wp\/v2\/yst_prominent_words?post=643"}],"curies":[{"name":"wp","href":"https:\/\/api.w.org\/{rel}","templated":true}]}}