{"id":266,"date":"2020-04-02T16:19:05","date_gmt":"2020-04-02T14:19:05","guid":{"rendered":"https:\/\/sofima-aftermarket.com\/EU\/diesel-filters\/"},"modified":"2021-03-09T09:52:54","modified_gmt":"2021-03-09T08:52:54","slug":"diesel-filters","status":"publish","type":"page","link":"https:\/\/sofima-aftermarket.com\/EU\/de\/diesel-filters\/","title":{"rendered":"Dieselfilter"},"content":{"rendered":"<div class=\"wpb-content-wrapper\"><p>[vc_section el_class=&#8220;zbtabs&#8220; css=&#8220;.vc_custom_1585840107964{margin-bottom: 100px !important;}&#8220;][vc_row el_class=&#8220;zbnavtab&#8220; css=&#8220;.vc_custom_1585836409793{border-radius: 3px !important;}&#8220;][vc_column css=&#8220;.vc_custom_1585835535203{padding-top: 0px !important;padding-right: 0px !important;padding-bottom: 0px !important;padding-left: 0px !important;}&#8220;][vc_raw_html]JTNDdWwlM0UlMEElMjAlMjAlMjAlMjAlM0NsaSUyMGNsYXNzJTNEJTIydGFiLWNhdGVnb3JpZSUyMiUzRSUzQ2ElMjBocmVmJTNEJTIyJTJGRVUlMkZkZSUyRm9pbC1maWx0ZXJzJTJGJTIyJTNFJUMzJTk2bGZpbHRlciUzQyUyRmElM0UlM0MlMkZsaSUzRSUwQSUyMCUyMCUyMCUyMCUzQ2xpJTIwY2xhc3MlM0QlMjJ0YWItY2F0ZWdvcmllJTIwdGFiLWFjdGl2ZSUyMiUzRURpZXNlbGZpbHRlciUzQyUyRmxpJTNFJTBBJTIwJTIwJTIwJTIwJTNDbGklMjBjbGFzcyUzRCUyMnRhYi1jYXRlZ29yaWUlMjIlM0UlM0NhJTIwaHJlZiUzRCUyMiUyRkVVJTJGZGUlMkZhaXItZmlsdGVyJTJGJTIyJTNFTHVmdGZpbHRlciUzQyUyRmElM0UlM0MlMkZsaSUzRSUwQSUyMCUyMCUyMCUyMCUzQ2xpJTIwY2xhc3MlM0QlMjJ0YWItY2F0ZWdvcmllJTIyJTNFJTNDYSUyMGhyZWYlM0QlMjIlMkZFVSUyRmRlJTJGcGV0cm9sLWZpbHRlciUyRiUyMiUzRUtyYWZ0c3RvZmZmaWx0ZXIlM0MlMkZhJTNFJTNDJTJGbGklM0UlMEElMjAlMjAlMjAlMjAlM0NsaSUyMGNsYXNzJTNEJTIydGFiLWNhdGVnb3JpZSUyMiUzRSUzQ2ElMjBocmVmJTNEJTIyJTJGRVUlMkZkZSUyRmdwbC1jbmctZmlsdGVyJTJGJTIyJTNFTFBHLWZpbHRlciUzQyUyRmElM0UlM0MlMkZsaSUzRSUwQSUyMCUyMCUyMCUyMCUzQ2xpJTIwY2xhc3MlM0QlMjJ0YWItY2F0ZWdvcmllJTIyJTNFJTNDYSUyMGhyZWYlM0QlMjIlMkZFVSUyRmRlJTJGY2FiaW4tYWlyLWZpbHRlciUyRiUyMiUzRUlubmVucmF1bWZpbHRlciUzQyUyRmElM0UlM0MlMkZsaSUzRSUwQSUzQyUyRnVsJTNF[\/vc_raw_html][\/vc_column][\/vc_row][vc_row gap=&#8220;20&#8243; equal_height=&#8220;yes&#8220; el_class=&#8220;content-tab-categorie tab1&#8243;][vc_column width=&#8220;1\/3&#8243;][vc_single_image image=&#8220;2384&#8243;][\/vc_column][vc_column width=&#8220;2\/3&#8243; css=&#8220;.vc_custom_1585834811431{padding-right: 35px !important;padding-bottom: 35px !important;padding-left: 35px !important;background-color: #edeeef !important;}&#8220;]<h2 class=\"boc_heading  al_left  \"  style=\"color: #f42234;\"><span> FORTSCHRITTLICHE DIESELFILTERUNG<\/span><\/h2>[vc_column_text]Der Dieselfilter ist f\u00fcr die Funktionst\u00fcchtigkeit und Leistung eines Fahrzeugs besonders wichtig, weil er das Einspritzsystem vor Wasser, Schlamm und den anderen Schadstoffen im Kraftstoff sch\u00fctzt. Die technisch fortschrittlichen L\u00f6sungen von\u00a0<strong>SOFIMA Filter<\/strong>\u00a0erf\u00fcllen jede Anforderung hinsichtlich Filtereffizienz, Staubfilterverm\u00f6gen, Wasserabscheidung und Druckabfall. Das in unseren\u00a0<strong>Innovation Centers<\/strong>\u00a0patentierte Filtermedium\u00a0<strong>DFM SOFIMA Filter (Deep Filtration Media)<\/strong>, das sowohl f\u00fcr den Erstausr\u00fcstungssektor als auch f\u00fcr den Aftermarket bestimmt ist, filtert die Wasserr\u00fcckst\u00e4nde im Treibstoff sowie kleine Partikel (4 Mikron) und bietet dem Motor somit ein H\u00f6chstma\u00df an Schutz.[\/vc_column_text][\/vc_column][\/vc_row][\/vc_section]<\/p>\n<\/div>","protected":false},"excerpt":{"rendered":"<p>[vc_section el_class=&#8220;zbtabs&#8220; css=&#8220;.vc_custom_1585840107964{margin-bottom: 100px !important;}&#8220;][vc_row el_class=&#8220;zbnavtab&#8220; css=&#8220;.vc_custom_1585836409793{border-radius: 3px !important;}&#8220;][vc_column css=&#8220;.vc_custom_1585835535203{padding-top: 0px !important;padding-right: 0px !important;padding-bottom: 0px !important;padding-left: 0px !important;}&#8220;][vc_raw_html]JTNDdWwlM0UlMEElMjAlMjAlMjAlMjAlM0NsaSUyMGNsYXNzJTNEJTIydGFiLWNhdGVnb3JpZSUyMiUzRSUzQ2ElMjBocmVmJTNEJTIyJTJGRVUlMkZkZSUyRm9pbC1maWx0ZXJzJTJGJTIyJTNFJUMzJTk2bGZpbHRlciUzQyUyRmElM0UlM0MlMkZsaSUzRSUwQSUyMCUyMCUyMCUyMCUzQ2xpJTIwY2xhc3MlM0QlMjJ0YWItY2F0ZWdvcmllJTIwdGFiLWFjdGl2ZSUyMiUzRURpZXNlbGZpbHRlciUzQyUyRmxpJTNFJTBBJTIwJTIwJTIwJTIwJTNDbGklMjBjbGFzcyUzRCUyMnRhYi1jYXRlZ29yaWUlMjIlM0UlM0NhJTIwaHJlZiUzRCUyMiUyRkVVJTJGZGUlMkZhaXItZmlsdGVyJTJGJTIyJTNFTHVmdGZpbHRlciUzQyUyRmElM0UlM0MlMkZsaSUzRSUwQSUyMCUyMCUyMCUyMCUzQ2xpJTIwY2xhc3MlM0QlMjJ0YWItY2F0ZWdvcmllJTIyJTNFJTNDYSUyMGhyZWYlM0QlMjIlMkZFVSUyRmRlJTJGcGV0cm9sLWZpbHRlciUyRiUyMiUzRUtyYWZ0c3RvZmZmaWx0ZXIlM0MlMkZhJTNFJTNDJTJGbGklM0UlMEElMjAlMjAlMjAlMjAlM0NsaSUyMGNsYXNzJTNEJTIydGFiLWNhdGVnb3JpZSUyMiUzRSUzQ2ElMjBocmVmJTNEJTIyJTJGRVUlMkZkZSUyRmdwbC1jbmctZmlsdGVyJTJGJTIyJTNFTFBHLWZpbHRlciUzQyUyRmElM0UlM0MlMkZsaSUzRSUwQSUyMCUyMCUyMCUyMCUzQ2xpJTIwY2xhc3MlM0QlMjJ0YWItY2F0ZWdvcmllJTIyJTNFJTNDYSUyMGhyZWYlM0QlMjIlMkZFVSUyRmRlJTJGY2FiaW4tYWlyLWZpbHRlciUyRiUyMiUzRUlubmVucmF1bWZpbHRlciUzQyUyRmElM0UlM0MlMkZsaSUzRSUwQSUzQyUyRnVsJTNF[\/vc_raw_html][\/vc_column][\/vc_row][vc_row gap=&#8220;20&#8243; equal_height=&#8220;yes&#8220;<\/p>\n<div class=\"h10\"><\/div>\n<p><a  class=\"more-link1\" href=\"https:\/\/sofima-aftermarket.com\/EU\/de\/diesel-filters\/\">Mehr lesen<\/a><\/p>\n","protected":false},"author":10,"featured_media":0,"parent":0,"menu_order":0,"comment_status":"closed","ping_status":"closed","template":"","meta":{"_acf_changed":false,"footnotes":""},"yst_prominent_words":[145,125,121,188,122,120,163,176,656,658,123],"class_list":["post-266","page","type-page","status-publish","hentry"],"acf":[],"_links":{"self":[{"href":"https:\/\/sofima-aftermarket.com\/EU\/de\/wp-json\/wp\/v2\/pages\/266","targetHints":{"allow":["GET"]}}],"collection":[{"href":"https:\/\/sofima-aftermarket.com\/EU\/de\/wp-json\/wp\/v2\/pages"}],"about":[{"href":"https:\/\/sofima-aftermarket.com\/EU\/de\/wp-json\/wp\/v2\/types\/page"}],"author":[{"embeddable":true,"href":"https:\/\/sofima-aftermarket.com\/EU\/de\/wp-json\/wp\/v2\/users\/10"}],"replies":[{"embeddable":true,"href":"https:\/\/sofima-aftermarket.com\/EU\/de\/wp-json\/wp\/v2\/comments?post=266"}],"version-history":[{"count":6,"href":"https:\/\/sofima-aftermarket.com\/EU\/de\/wp-json\/wp\/v2\/pages\/266\/revisions"}],"predecessor-version":[{"id":2398,"href":"https:\/\/sofima-aftermarket.com\/EU\/de\/wp-json\/wp\/v2\/pages\/266\/revisions\/2398"}],"wp:attachment":[{"href":"https:\/\/sofima-aftermarket.com\/EU\/de\/wp-json\/wp\/v2\/media?parent=266"}],"wp:term":[{"taxonomy":"yst_prominent_words","embeddable":true,"href":"https:\/\/sofima-aftermarket.com\/EU\/de\/wp-json\/wp\/v2\/yst_prominent_words?post=266"}],"curies":[{"name":"wp","href":"https:\/\/api.w.org\/{rel}","templated":true}]}}